{"id":114899,"date":"2025-11-13T07:10:44","date_gmt":"2025-11-13T06:10:44","guid":{"rendered":"https:\/\/www.ernstbrunn-apotheke.at\/katalog\/produkt\/aethera-aetherisches-oel-thymian-10-ml\/"},"modified":"2025-12-08T22:45:56","modified_gmt":"2025-12-08T21:45:56","slug":"aethera-aetherisches-oel-thymian-10-ml","status":"publish","type":"product","link":"https:\/\/www.ernstbrunn-apotheke.at\/katalog\/produkt\/aethera-aetherisches-oel-thymian-10-ml\/","title":{"rendered":"Aethera \u00c4therisches \u00d6l Thymian 10 ml"},"content":{"rendered":"<p>Aethera \u00c4therisches Thymian ist ein vitalisierendes Duft\u00f6l. Das 100 % naturreine \u00e4therische \u00d6l eignet sich f\u00fcr die Anwendung in der Duftlampe und kann als kosmetischer Rohstoff zur antiseptischen Pflege der Mundschleimhaut und des Zahnfleisches verwendet werden. Nicht zur Einnahme bestimmt!.<\/p>\n","protected":false},"excerpt":{"rendered":"<p>Aethera \u00c4therisches Thymian ist ein vitalisierendes Duft\u00f6l. Das 100 % naturreine \u00e4therische \u00d6l eignet sich f\u00fcr die Anwendung in der Duftlampe und kann als kosmetischer Rohstoff zur antiseptischen Pflege der Mundschleimhaut und des Zahnfleisches verwendet werden. Nicht zur Einnahme bestimmt!.<\/p>\n","protected":false},"featured_media":0,"template":"","meta":{"_acf_changed":false},"product_brand":[],"product_cat":[801],"product_tag":[],"class_list":{"0":"post-114899","1":"product","2":"type-product","3":"status-publish","5":"product_cat-a","6":"pa_packungsgroesse-10ml","8":"first","9":"instock","10":"shipping-taxable","11":"purchasable","12":"product-type-simple"},"acf":[],"_links":{"self":[{"href":"https:\/\/www.ernstbrunn-apotheke.at\/katalog\/wp-json\/wp\/v2\/product\/114899","targetHints":{"allow":["GET"]}}],"collection":[{"href":"https:\/\/www.ernstbrunn-apotheke.at\/katalog\/wp-json\/wp\/v2\/product"}],"about":[{"href":"https:\/\/www.ernstbrunn-apotheke.at\/katalog\/wp-json\/wp\/v2\/types\/product"}],"wp:attachment":[{"href":"https:\/\/www.ernstbrunn-apotheke.at\/katalog\/wp-json\/wp\/v2\/media?parent=114899"}],"wp:term":[{"taxonomy":"product_brand","embeddable":true,"href":"https:\/\/www.ernstbrunn-apotheke.at\/katalog\/wp-json\/wp\/v2\/product_brand?post=114899"},{"taxonomy":"product_cat","embeddable":true,"href":"https:\/\/www.ernstbrunn-apotheke.at\/katalog\/wp-json\/wp\/v2\/product_cat?post=114899"},{"taxonomy":"product_tag","embeddable":true,"href":"https:\/\/www.ernstbrunn-apotheke.at\/katalog\/wp-json\/wp\/v2\/product_tag?post=114899"}],"curies":[{"name":"wp","href":"https:\/\/api.w.org\/{rel}","templated":true}]}}