{"id":11465,"date":"2025-11-07T14:33:18","date_gmt":"2025-11-07T13:33:18","guid":{"rendered":"https:\/\/www.ernstbrunn-apotheke.at\/katalog\/produkt\/arthrobene-plus-gelenkskapseln\/"},"modified":"2025-12-08T13:31:29","modified_gmt":"2025-12-08T12:31:29","slug":"arthrobene-plus-gelenkskapseln","status":"publish","type":"product","link":"https:\/\/www.ernstbrunn-apotheke.at\/katalog\/produkt\/arthrobene-plus-gelenkskapseln\/","title":{"rendered":"Arthrobene Plus Gelenkskapseln"},"content":{"rendered":"<p>ARTHROBENE\u00ae Gelenkskapseln sind die ideale Nahrungserg\u00e4nzung zum Schutz von Knorpeln, Knochen und Bindegewebe, sowie zur Verbesserung der Gleitf\u00e4higkeit der Gelenke. Diese Kapseln sind in den Packungsgr\u00f6\u00dfen 60 und 120 St\u00fcck erh\u00e4ltlich.<\/p>\n","protected":false},"excerpt":{"rendered":"<p>ARTHROBENE\u00ae Gelenkskapseln sind die ideale Nahrungserg\u00e4nzung zum Schutz von Knorpeln, Knochen und Bindegewebe, sowie zur Verbesserung der Gleitf\u00e4higkeit der Gelenke. Diese Kapseln sind in den Packungsgr\u00f6\u00dfen 60 und 120 St\u00fcck erh\u00e4ltlich.<\/p>\n","protected":false},"featured_media":11467,"template":"","meta":{"_acf_changed":false},"product_brand":[],"product_cat":[801],"product_tag":[],"class_list":{"0":"post-11465","1":"product","2":"type-product","3":"status-publish","4":"has-post-thumbnail","6":"product_cat-a","7":"pa_packungsgroesse-120-stueck","8":"pa_packungsgroesse-60-stueck","10":"first","11":"instock","12":"shipping-taxable","13":"purchasable","14":"product-type-simple"},"acf":[],"_links":{"self":[{"href":"https:\/\/www.ernstbrunn-apotheke.at\/katalog\/wp-json\/wp\/v2\/product\/11465","targetHints":{"allow":["GET"]}}],"collection":[{"href":"https:\/\/www.ernstbrunn-apotheke.at\/katalog\/wp-json\/wp\/v2\/product"}],"about":[{"href":"https:\/\/www.ernstbrunn-apotheke.at\/katalog\/wp-json\/wp\/v2\/types\/product"}],"wp:featuredmedia":[{"embeddable":true,"href":"https:\/\/www.ernstbrunn-apotheke.at\/katalog\/wp-json\/wp\/v2\/media\/11467"}],"wp:attachment":[{"href":"https:\/\/www.ernstbrunn-apotheke.at\/katalog\/wp-json\/wp\/v2\/media?parent=11465"}],"wp:term":[{"taxonomy":"product_brand","embeddable":true,"href":"https:\/\/www.ernstbrunn-apotheke.at\/katalog\/wp-json\/wp\/v2\/product_brand?post=11465"},{"taxonomy":"product_cat","embeddable":true,"href":"https:\/\/www.ernstbrunn-apotheke.at\/katalog\/wp-json\/wp\/v2\/product_cat?post=11465"},{"taxonomy":"product_tag","embeddable":true,"href":"https:\/\/www.ernstbrunn-apotheke.at\/katalog\/wp-json\/wp\/v2\/product_tag?post=11465"}],"curies":[{"name":"wp","href":"https:\/\/api.w.org\/{rel}","templated":true}]}}