{"id":114480,"date":"2025-11-13T07:00:56","date_gmt":"2025-11-13T06:00:56","guid":{"rendered":"https:\/\/www.ernstbrunn-apotheke.at\/katalog\/produkt\/apofit-aetherisches-oel-zirbelkiefer-10-ml\/"},"modified":"2025-12-08T22:43:31","modified_gmt":"2025-12-08T21:43:31","slug":"apofit-aetherisches-oel-zirbelkiefer-10-ml","status":"publish","type":"product","link":"https:\/\/www.ernstbrunn-apotheke.at\/katalog\/produkt\/apofit-aetherisches-oel-zirbelkiefer-10-ml\/","title":{"rendered":"Apofit \u00c4therisches \u00d6l Zirbelkiefer 10 ml"},"content":{"rendered":"<p>Apofit \u00c4therisches \u00d6l Zirbelkiefer wird zur St\u00e4rkung und Aktivierung von K\u00f6rper, Geist und Seele eingesetzt. Der Duft des \u00d6ls ist w\u00fcrzig, waldig mit einer feinen balsamischen Note. Das Zirben\u00f6l ist ein hervorragendes \u00d6l zur Raumluftreinigung. Schlechte Ger\u00fcche wie K\u00fcchenger\u00fcche, Zigarettengestank oder andere unangenehme D\u00fcfte werden durch eine Raumbeduftung mit Zirben\u00f6l neutralisiert. Nicht zur Einnahme bestimmt!.<\/p>\n","protected":false},"excerpt":{"rendered":"<p>Apofit \u00c4therisches \u00d6l Zirbelkiefer wird zur St\u00e4rkung und Aktivierung von K\u00f6rper, Geist und Seele eingesetzt. Der Duft des \u00d6ls ist w\u00fcrzig, waldig mit einer feinen balsamischen Note. Das Zirben\u00f6l ist ein hervorragendes \u00d6l zur Raumluftreinigung. Schlechte Ger\u00fcche wie K\u00fcchenger\u00fcche, Zigarettengestank oder andere unangenehme D\u00fcfte werden durch eine Raumbeduftung mit Zirben\u00f6l neutralisiert. Nicht zur Einnahme bestimmt!.<\/p>\n","protected":false},"featured_media":114482,"template":"","meta":{"_acf_changed":false},"product_brand":[584],"product_cat":[801],"product_tag":[],"class_list":{"0":"post-114480","1":"product","2":"type-product","3":"status-publish","4":"has-post-thumbnail","6":"product_brand-apofit","7":"product_cat-a","8":"pa_packungsgroesse-10ml","10":"first","11":"instock","12":"shipping-taxable","13":"purchasable","14":"product-type-simple"},"acf":[],"_links":{"self":[{"href":"https:\/\/www.ernstbrunn-apotheke.at\/katalog\/wp-json\/wp\/v2\/product\/114480","targetHints":{"allow":["GET"]}}],"collection":[{"href":"https:\/\/www.ernstbrunn-apotheke.at\/katalog\/wp-json\/wp\/v2\/product"}],"about":[{"href":"https:\/\/www.ernstbrunn-apotheke.at\/katalog\/wp-json\/wp\/v2\/types\/product"}],"wp:featuredmedia":[{"embeddable":true,"href":"https:\/\/www.ernstbrunn-apotheke.at\/katalog\/wp-json\/wp\/v2\/media\/114482"}],"wp:attachment":[{"href":"https:\/\/www.ernstbrunn-apotheke.at\/katalog\/wp-json\/wp\/v2\/media?parent=114480"}],"wp:term":[{"taxonomy":"product_brand","embeddable":true,"href":"https:\/\/www.ernstbrunn-apotheke.at\/katalog\/wp-json\/wp\/v2\/product_brand?post=114480"},{"taxonomy":"product_cat","embeddable":true,"href":"https:\/\/www.ernstbrunn-apotheke.at\/katalog\/wp-json\/wp\/v2\/product_cat?post=114480"},{"taxonomy":"product_tag","embeddable":true,"href":"https:\/\/www.ernstbrunn-apotheke.at\/katalog\/wp-json\/wp\/v2\/product_tag?post=114480"}],"curies":[{"name":"wp","href":"https:\/\/api.w.org\/{rel}","templated":true}]}}