{"id":114469,"date":"2025-11-13T07:00:20","date_gmt":"2025-11-13T06:00:20","guid":{"rendered":"https:\/\/www.ernstbrunn-apotheke.at\/katalog\/produkt\/apofit-aetherisches-oel-zimtbluete-10-ml\/"},"modified":"2025-12-08T22:43:27","modified_gmt":"2025-12-08T21:43:27","slug":"apofit-aetherisches-oel-zimtbluete-10-ml","status":"publish","type":"product","link":"https:\/\/www.ernstbrunn-apotheke.at\/katalog\/produkt\/apofit-aetherisches-oel-zimtbluete-10-ml\/","title":{"rendered":"Apofit \u00c4therisches \u00d6l Zimtbl\u00fcte 10 ml"},"content":{"rendered":"<p>Apofit \u00c4therisches \u00d6l Zimtbl\u00fcte wird gerne bei Erk\u00e4ltungs- und Infektionskrankheiten angewendet. Die einh\u00fcllende W\u00e4rme der Essenz lindert die Begleiterscheinungen grippaler Infekte. Das w\u00e4rmende Zimt\u00f6l kann auch sehr gut als Raumduft eingesetzt werden. Auch im psychischen Bereich wird Zimt bei Gef\u00fchlsk\u00e4lte, Isolation, Verspannung und Angst eingesetzt. Es \u00f6ffnet die Sinne und f\u00f6rdert die Kreativit\u00e4t. Nicht zur Einnahme bestimmt!.<\/p>\n","protected":false},"excerpt":{"rendered":"<p>Apofit \u00c4therisches \u00d6l Zimtbl\u00fcte wird gerne bei Erk\u00e4ltungs- und Infektionskrankheiten angewendet. Die einh\u00fcllende W\u00e4rme der Essenz lindert die Begleiterscheinungen grippaler Infekte. Das w\u00e4rmende Zimt\u00f6l kann auch sehr gut als Raumduft eingesetzt werden. Auch im psychischen Bereich wird Zimt bei Gef\u00fchlsk\u00e4lte, Isolation, Verspannung und Angst eingesetzt. Es \u00f6ffnet die Sinne und f\u00f6rdert die Kreativit\u00e4t. Nicht zur [&hellip;]<\/p>\n","protected":false},"featured_media":114471,"template":"","meta":{"_acf_changed":false},"product_brand":[584],"product_cat":[801],"product_tag":[],"class_list":{"0":"post-114469","1":"product","2":"type-product","3":"status-publish","4":"has-post-thumbnail","6":"product_brand-apofit","7":"product_cat-a","8":"pa_packungsgroesse-10ml","10":"first","11":"instock","12":"shipping-taxable","13":"purchasable","14":"product-type-simple"},"acf":[],"_links":{"self":[{"href":"https:\/\/www.ernstbrunn-apotheke.at\/katalog\/wp-json\/wp\/v2\/product\/114469","targetHints":{"allow":["GET"]}}],"collection":[{"href":"https:\/\/www.ernstbrunn-apotheke.at\/katalog\/wp-json\/wp\/v2\/product"}],"about":[{"href":"https:\/\/www.ernstbrunn-apotheke.at\/katalog\/wp-json\/wp\/v2\/types\/product"}],"wp:featuredmedia":[{"embeddable":true,"href":"https:\/\/www.ernstbrunn-apotheke.at\/katalog\/wp-json\/wp\/v2\/media\/114471"}],"wp:attachment":[{"href":"https:\/\/www.ernstbrunn-apotheke.at\/katalog\/wp-json\/wp\/v2\/media?parent=114469"}],"wp:term":[{"taxonomy":"product_brand","embeddable":true,"href":"https:\/\/www.ernstbrunn-apotheke.at\/katalog\/wp-json\/wp\/v2\/product_brand?post=114469"},{"taxonomy":"product_cat","embeddable":true,"href":"https:\/\/www.ernstbrunn-apotheke.at\/katalog\/wp-json\/wp\/v2\/product_cat?post=114469"},{"taxonomy":"product_tag","embeddable":true,"href":"https:\/\/www.ernstbrunn-apotheke.at\/katalog\/wp-json\/wp\/v2\/product_tag?post=114469"}],"curies":[{"name":"wp","href":"https:\/\/api.w.org\/{rel}","templated":true}]}}