{"id":114456,"date":"2025-11-13T07:00:20","date_gmt":"2025-11-13T06:00:20","guid":{"rendered":"https:\/\/www.ernstbrunn-apotheke.at\/katalog\/produkt\/apofit-aetherisches-oel-10-ml-thuja\/"},"modified":"2025-12-08T22:43:24","modified_gmt":"2025-12-08T21:43:24","slug":"apofit-aetherisches-oel-10-ml-thuja","status":"publish","type":"product","link":"https:\/\/www.ernstbrunn-apotheke.at\/katalog\/produkt\/apofit-aetherisches-oel-10-ml-thuja\/","title":{"rendered":"Apofit \u00c4therisches \u00d6l 10 ml Thuja"},"content":{"rendered":"<p>Apofit \u00c4therisches \u00d6l 10 ml Thuja duftet scharf, frisch, kampfer\u00e4hnlich. Das \u00d6l wird verwendet bei geistiger Verwirrung, Ruhelosigkeit, \u00dcberreiztheit und Stress. Es wirkt wie ein erholsamer Urlaub oder ein tiefer traumloser Schlaf, aus dem man zu neuen Taten erfrischt und gest\u00e4rkt erwacht. Nicht zur Einnahme bestimmt!.<\/p>\n","protected":false},"excerpt":{"rendered":"<p>Apofit \u00c4therisches \u00d6l 10 ml Thuja duftet scharf, frisch, kampfer\u00e4hnlich. Das \u00d6l wird verwendet bei geistiger Verwirrung, Ruhelosigkeit, \u00dcberreiztheit und Stress. Es wirkt wie ein erholsamer Urlaub oder ein tiefer traumloser Schlaf, aus dem man zu neuen Taten erfrischt und gest\u00e4rkt erwacht. Nicht zur Einnahme bestimmt!.<\/p>\n","protected":false},"featured_media":114458,"template":"","meta":{"_acf_changed":false},"product_brand":[584],"product_cat":[801],"product_tag":[],"class_list":{"0":"post-114456","1":"product","2":"type-product","3":"status-publish","4":"has-post-thumbnail","6":"product_brand-apofit","7":"product_cat-a","8":"pa_packungsgroesse-10ml","10":"first","11":"instock","12":"shipping-taxable","13":"purchasable","14":"product-type-simple"},"acf":[],"_links":{"self":[{"href":"https:\/\/www.ernstbrunn-apotheke.at\/katalog\/wp-json\/wp\/v2\/product\/114456","targetHints":{"allow":["GET"]}}],"collection":[{"href":"https:\/\/www.ernstbrunn-apotheke.at\/katalog\/wp-json\/wp\/v2\/product"}],"about":[{"href":"https:\/\/www.ernstbrunn-apotheke.at\/katalog\/wp-json\/wp\/v2\/types\/product"}],"wp:featuredmedia":[{"embeddable":true,"href":"https:\/\/www.ernstbrunn-apotheke.at\/katalog\/wp-json\/wp\/v2\/media\/114458"}],"wp:attachment":[{"href":"https:\/\/www.ernstbrunn-apotheke.at\/katalog\/wp-json\/wp\/v2\/media?parent=114456"}],"wp:term":[{"taxonomy":"product_brand","embeddable":true,"href":"https:\/\/www.ernstbrunn-apotheke.at\/katalog\/wp-json\/wp\/v2\/product_brand?post=114456"},{"taxonomy":"product_cat","embeddable":true,"href":"https:\/\/www.ernstbrunn-apotheke.at\/katalog\/wp-json\/wp\/v2\/product_cat?post=114456"},{"taxonomy":"product_tag","embeddable":true,"href":"https:\/\/www.ernstbrunn-apotheke.at\/katalog\/wp-json\/wp\/v2\/product_tag?post=114456"}],"curies":[{"name":"wp","href":"https:\/\/api.w.org\/{rel}","templated":true}]}}