{"id":114445,"date":"2025-11-13T06:59:50","date_gmt":"2025-11-13T05:59:50","guid":{"rendered":"https:\/\/www.ernstbrunn-apotheke.at\/katalog\/produkt\/apofit-aetherisches-oel-nelkenblaetter-knospen-10-ml\/"},"modified":"2025-12-08T22:43:19","modified_gmt":"2025-12-08T21:43:19","slug":"apofit-aetherisches-oel-nelkenblaetter-knospen-10-ml","status":"publish","type":"product","link":"https:\/\/www.ernstbrunn-apotheke.at\/katalog\/produkt\/apofit-aetherisches-oel-nelkenblaetter-knospen-10-ml\/","title":{"rendered":"Apofit \u00c4therisches \u00d6l Nelkenbl\u00e4tter Knospen 10 ml"},"content":{"rendered":"<p>Apofit \u00c4therisches \u00d6l Nelkenbl\u00e4tter Knospen ist ein altes, bew\u00e4hrtes Hausmittel bei Zahnschmerzen. Ebenfalls beliebt sind Mundw\u00e4sser mit Nelkenessenz. Der Duft wirkt entspannend und ist ideal zum Loslassen. Vertreibt weiters Insekten. Nicht zur Einnahme bestimmt!.<\/p>\n","protected":false},"excerpt":{"rendered":"<p>Apofit \u00c4therisches \u00d6l Nelkenbl\u00e4tter Knospen ist ein altes, bew\u00e4hrtes Hausmittel bei Zahnschmerzen. Ebenfalls beliebt sind Mundw\u00e4sser mit Nelkenessenz. Der Duft wirkt entspannend und ist ideal zum Loslassen. Vertreibt weiters Insekten. Nicht zur Einnahme bestimmt!.<\/p>\n","protected":false},"featured_media":114447,"template":"","meta":{"_acf_changed":false},"product_brand":[584],"product_cat":[801],"product_tag":[],"class_list":{"0":"post-114445","1":"product","2":"type-product","3":"status-publish","4":"has-post-thumbnail","6":"product_brand-apofit","7":"product_cat-a","8":"pa_packungsgroesse-10ml","10":"first","11":"instock","12":"shipping-taxable","13":"purchasable","14":"product-type-simple"},"acf":[],"_links":{"self":[{"href":"https:\/\/www.ernstbrunn-apotheke.at\/katalog\/wp-json\/wp\/v2\/product\/114445","targetHints":{"allow":["GET"]}}],"collection":[{"href":"https:\/\/www.ernstbrunn-apotheke.at\/katalog\/wp-json\/wp\/v2\/product"}],"about":[{"href":"https:\/\/www.ernstbrunn-apotheke.at\/katalog\/wp-json\/wp\/v2\/types\/product"}],"wp:featuredmedia":[{"embeddable":true,"href":"https:\/\/www.ernstbrunn-apotheke.at\/katalog\/wp-json\/wp\/v2\/media\/114447"}],"wp:attachment":[{"href":"https:\/\/www.ernstbrunn-apotheke.at\/katalog\/wp-json\/wp\/v2\/media?parent=114445"}],"wp:term":[{"taxonomy":"product_brand","embeddable":true,"href":"https:\/\/www.ernstbrunn-apotheke.at\/katalog\/wp-json\/wp\/v2\/product_brand?post=114445"},{"taxonomy":"product_cat","embeddable":true,"href":"https:\/\/www.ernstbrunn-apotheke.at\/katalog\/wp-json\/wp\/v2\/product_cat?post=114445"},{"taxonomy":"product_tag","embeddable":true,"href":"https:\/\/www.ernstbrunn-apotheke.at\/katalog\/wp-json\/wp\/v2\/product_tag?post=114445"}],"curies":[{"name":"wp","href":"https:\/\/api.w.org\/{rel}","templated":true}]}}