{"id":114441,"date":"2025-11-13T06:59:50","date_gmt":"2025-11-13T05:59:50","guid":{"rendered":"https:\/\/www.ernstbrunn-apotheke.at\/katalog\/produkt\/apofit-aetherisches-oel-motivation-10-ml\/"},"modified":"2025-12-08T22:43:18","modified_gmt":"2025-12-08T21:43:18","slug":"apofit-aetherisches-oel-motivation-10-ml","status":"publish","type":"product","link":"https:\/\/www.ernstbrunn-apotheke.at\/katalog\/produkt\/apofit-aetherisches-oel-motivation-10-ml\/","title":{"rendered":"Apofit \u00c4therisches \u00d6l Motivation 10 ml"},"content":{"rendered":"<p>Apofit \u00c4therisches \u00d6l Motivation ist eine einzigartige Kombination aus den \u00e4therischen \u00d6len R\u00f6mischer Kamille, Fichte, Ylang Ylang und Lavendel. Die Vernebelung dieser gesch\u00fctzten \u00d6lmischung hilft dabei Lethargie zu \u00fcberwinden und aktiv zu werden. Nicht zur Einnahme bestimmt!.<\/p>\n","protected":false},"excerpt":{"rendered":"<p>Apofit \u00c4therisches \u00d6l Motivation ist eine einzigartige Kombination aus den \u00e4therischen \u00d6len R\u00f6mischer Kamille, Fichte, Ylang Ylang und Lavendel. Die Vernebelung dieser gesch\u00fctzten \u00d6lmischung hilft dabei Lethargie zu \u00fcberwinden und aktiv zu werden. Nicht zur Einnahme bestimmt!.<\/p>\n","protected":false},"featured_media":114443,"template":"","meta":{"_acf_changed":false},"product_brand":[584],"product_cat":[801],"product_tag":[],"class_list":{"0":"post-114441","1":"product","2":"type-product","3":"status-publish","4":"has-post-thumbnail","6":"product_brand-apofit","7":"product_cat-a","8":"pa_packungsgroesse-10ml","10":"first","11":"instock","12":"shipping-taxable","13":"purchasable","14":"product-type-simple"},"acf":[],"_links":{"self":[{"href":"https:\/\/www.ernstbrunn-apotheke.at\/katalog\/wp-json\/wp\/v2\/product\/114441","targetHints":{"allow":["GET"]}}],"collection":[{"href":"https:\/\/www.ernstbrunn-apotheke.at\/katalog\/wp-json\/wp\/v2\/product"}],"about":[{"href":"https:\/\/www.ernstbrunn-apotheke.at\/katalog\/wp-json\/wp\/v2\/types\/product"}],"wp:featuredmedia":[{"embeddable":true,"href":"https:\/\/www.ernstbrunn-apotheke.at\/katalog\/wp-json\/wp\/v2\/media\/114443"}],"wp:attachment":[{"href":"https:\/\/www.ernstbrunn-apotheke.at\/katalog\/wp-json\/wp\/v2\/media?parent=114441"}],"wp:term":[{"taxonomy":"product_brand","embeddable":true,"href":"https:\/\/www.ernstbrunn-apotheke.at\/katalog\/wp-json\/wp\/v2\/product_brand?post=114441"},{"taxonomy":"product_cat","embeddable":true,"href":"https:\/\/www.ernstbrunn-apotheke.at\/katalog\/wp-json\/wp\/v2\/product_cat?post=114441"},{"taxonomy":"product_tag","embeddable":true,"href":"https:\/\/www.ernstbrunn-apotheke.at\/katalog\/wp-json\/wp\/v2\/product_tag?post=114441"}],"curies":[{"name":"wp","href":"https:\/\/api.w.org\/{rel}","templated":true}]}}