{"id":114438,"date":"2025-11-13T06:59:50","date_gmt":"2025-11-13T05:59:50","guid":{"rendered":"https:\/\/www.ernstbrunn-apotheke.at\/katalog\/produkt\/apofit-aetherisches-oel-minze-10-ml\/"},"modified":"2025-12-08T22:43:17","modified_gmt":"2025-12-08T21:43:17","slug":"apofit-aetherisches-oel-minze-10-ml","status":"publish","type":"product","link":"https:\/\/www.ernstbrunn-apotheke.at\/katalog\/produkt\/apofit-aetherisches-oel-minze-10-ml\/","title":{"rendered":"Apofit \u00c4therisches \u00d6l Minze 10 ml"},"content":{"rendered":"<p>Apofit \u00c4therisches \u00d6l Minze bringt befreiende Spearmint-Frische in die Luft. Das \u00e4therische macht wach und wirkt \u00fcberdies hinaus noch anregend und ausgleichend auf die Psyche. Die Kopfnote kann als frisch, k\u00fchl und fein-minzig beschrieben werden. Als Raumduft kann das \u00e4therische \u00d6l der Gr\u00fcnen Minze von konzentrationsf\u00f6rdernd und wach machend bis ausgleichend wirken. Nicht zur Einnahme bestimmt!.<\/p>\n","protected":false},"excerpt":{"rendered":"<p>Apofit \u00c4therisches \u00d6l Minze bringt befreiende Spearmint-Frische in die Luft. Das \u00e4therische macht wach und wirkt \u00fcberdies hinaus noch anregend und ausgleichend auf die Psyche. Die Kopfnote kann als frisch, k\u00fchl und fein-minzig beschrieben werden. Als Raumduft kann das \u00e4therische \u00d6l der Gr\u00fcnen Minze von konzentrationsf\u00f6rdernd und wach machend bis ausgleichend wirken. Nicht zur Einnahme [&hellip;]<\/p>\n","protected":false},"featured_media":114440,"template":"","meta":{"_acf_changed":false},"product_brand":[584],"product_cat":[801],"product_tag":[],"class_list":{"0":"post-114438","1":"product","2":"type-product","3":"status-publish","4":"has-post-thumbnail","6":"product_brand-apofit","7":"product_cat-a","8":"pa_packungsgroesse-10ml","10":"first","11":"instock","12":"shipping-taxable","13":"purchasable","14":"product-type-simple"},"acf":[],"_links":{"self":[{"href":"https:\/\/www.ernstbrunn-apotheke.at\/katalog\/wp-json\/wp\/v2\/product\/114438","targetHints":{"allow":["GET"]}}],"collection":[{"href":"https:\/\/www.ernstbrunn-apotheke.at\/katalog\/wp-json\/wp\/v2\/product"}],"about":[{"href":"https:\/\/www.ernstbrunn-apotheke.at\/katalog\/wp-json\/wp\/v2\/types\/product"}],"wp:featuredmedia":[{"embeddable":true,"href":"https:\/\/www.ernstbrunn-apotheke.at\/katalog\/wp-json\/wp\/v2\/media\/114440"}],"wp:attachment":[{"href":"https:\/\/www.ernstbrunn-apotheke.at\/katalog\/wp-json\/wp\/v2\/media?parent=114438"}],"wp:term":[{"taxonomy":"product_brand","embeddable":true,"href":"https:\/\/www.ernstbrunn-apotheke.at\/katalog\/wp-json\/wp\/v2\/product_brand?post=114438"},{"taxonomy":"product_cat","embeddable":true,"href":"https:\/\/www.ernstbrunn-apotheke.at\/katalog\/wp-json\/wp\/v2\/product_cat?post=114438"},{"taxonomy":"product_tag","embeddable":true,"href":"https:\/\/www.ernstbrunn-apotheke.at\/katalog\/wp-json\/wp\/v2\/product_tag?post=114438"}],"curies":[{"name":"wp","href":"https:\/\/api.w.org\/{rel}","templated":true}]}}