{"id":114422,"date":"2025-11-13T06:59:04","date_gmt":"2025-11-13T05:59:04","guid":{"rendered":"https:\/\/www.ernstbrunn-apotheke.at\/katalog\/produkt\/apofit-aetherisches-oel-gute-nacht-1-stk\/"},"modified":"2025-12-08T22:43:12","modified_gmt":"2025-12-08T21:43:12","slug":"apofit-aetherisches-oel-gute-nacht-1-stk","status":"publish","type":"product","link":"https:\/\/www.ernstbrunn-apotheke.at\/katalog\/produkt\/apofit-aetherisches-oel-gute-nacht-1-stk\/","title":{"rendered":"Apofit \u00c4therisches \u00d6l Gute Nacht 1 Stk."},"content":{"rendered":"<p>Apofit \u00c4therisches \u00d6l Gute Nacht verf\u00fcgt \u00fcber eine Duftnote, welche als samtig-weich und beruhigend beschrieben werden kann. In der Duftlampe angewendet, entfalten sich bei diesem \u00d6l die Ger\u00fcche von Zedernholz, Lavandin, Lavendel, Latschenkiefer und Benzoe. Nicht zur Einnahme bestimmt!.<\/p>\n","protected":false},"excerpt":{"rendered":"<p>Apofit \u00c4therisches \u00d6l Gute Nacht verf\u00fcgt \u00fcber eine Duftnote, welche als samtig-weich und beruhigend beschrieben werden kann. In der Duftlampe angewendet, entfalten sich bei diesem \u00d6l die Ger\u00fcche von Zedernholz, Lavandin, Lavendel, Latschenkiefer und Benzoe. Nicht zur Einnahme bestimmt!.<\/p>\n","protected":false},"featured_media":114424,"template":"","meta":{"_acf_changed":false},"product_brand":[584],"product_cat":[801],"product_tag":[],"class_list":{"0":"post-114422","1":"product","2":"type-product","3":"status-publish","4":"has-post-thumbnail","6":"product_brand-apofit","7":"product_cat-a","8":"pa_packungsgroesse-10ml","10":"first","11":"instock","12":"shipping-taxable","13":"purchasable","14":"product-type-simple"},"acf":[],"_links":{"self":[{"href":"https:\/\/www.ernstbrunn-apotheke.at\/katalog\/wp-json\/wp\/v2\/product\/114422","targetHints":{"allow":["GET"]}}],"collection":[{"href":"https:\/\/www.ernstbrunn-apotheke.at\/katalog\/wp-json\/wp\/v2\/product"}],"about":[{"href":"https:\/\/www.ernstbrunn-apotheke.at\/katalog\/wp-json\/wp\/v2\/types\/product"}],"wp:featuredmedia":[{"embeddable":true,"href":"https:\/\/www.ernstbrunn-apotheke.at\/katalog\/wp-json\/wp\/v2\/media\/114424"}],"wp:attachment":[{"href":"https:\/\/www.ernstbrunn-apotheke.at\/katalog\/wp-json\/wp\/v2\/media?parent=114422"}],"wp:term":[{"taxonomy":"product_brand","embeddable":true,"href":"https:\/\/www.ernstbrunn-apotheke.at\/katalog\/wp-json\/wp\/v2\/product_brand?post=114422"},{"taxonomy":"product_cat","embeddable":true,"href":"https:\/\/www.ernstbrunn-apotheke.at\/katalog\/wp-json\/wp\/v2\/product_cat?post=114422"},{"taxonomy":"product_tag","embeddable":true,"href":"https:\/\/www.ernstbrunn-apotheke.at\/katalog\/wp-json\/wp\/v2\/product_tag?post=114422"}],"curies":[{"name":"wp","href":"https:\/\/api.w.org\/{rel}","templated":true}]}}