{"id":114408,"date":"2025-11-13T06:59:04","date_gmt":"2025-11-13T05:59:04","guid":{"rendered":"https:\/\/www.ernstbrunn-apotheke.at\/katalog\/produkt\/apofit-aetherisches-oel-frisch-und-munter-1-stk\/"},"modified":"2025-12-08T22:43:10","modified_gmt":"2025-12-08T21:43:10","slug":"apofit-aetherisches-oel-frisch-und-munter-1-stk","status":"publish","type":"product","link":"https:\/\/www.ernstbrunn-apotheke.at\/katalog\/produkt\/apofit-aetherisches-oel-frisch-und-munter-1-stk\/","title":{"rendered":"Apofit \u00c4therisches \u00d6l Frisch und munter 1 Stk."},"content":{"rendered":"<p>Apofit \u00c4therisches \u00d6l Frisch und munter wirkt kr\u00e4ftigend, stimulierend und f\u00f6rdert die k\u00f6rperliche sowie geistige Aktivit\u00e4t. F\u00fcr einen schwungvollen Start in den Tag. Nicht zur Einnahme bestimmt!.<\/p>\n","protected":false},"excerpt":{"rendered":"<p>Apofit \u00c4therisches \u00d6l Frisch und munter wirkt kr\u00e4ftigend, stimulierend und f\u00f6rdert die k\u00f6rperliche sowie geistige Aktivit\u00e4t. F\u00fcr einen schwungvollen Start in den Tag. Nicht zur Einnahme bestimmt!.<\/p>\n","protected":false},"featured_media":114410,"template":"","meta":{"_acf_changed":false},"product_brand":[584],"product_cat":[801],"product_tag":[],"class_list":{"0":"post-114408","1":"product","2":"type-product","3":"status-publish","4":"has-post-thumbnail","6":"product_brand-apofit","7":"product_cat-a","8":"pa_packungsgroesse-10ml","10":"first","11":"instock","12":"shipping-taxable","13":"purchasable","14":"product-type-simple"},"acf":[],"_links":{"self":[{"href":"https:\/\/www.ernstbrunn-apotheke.at\/katalog\/wp-json\/wp\/v2\/product\/114408","targetHints":{"allow":["GET"]}}],"collection":[{"href":"https:\/\/www.ernstbrunn-apotheke.at\/katalog\/wp-json\/wp\/v2\/product"}],"about":[{"href":"https:\/\/www.ernstbrunn-apotheke.at\/katalog\/wp-json\/wp\/v2\/types\/product"}],"wp:featuredmedia":[{"embeddable":true,"href":"https:\/\/www.ernstbrunn-apotheke.at\/katalog\/wp-json\/wp\/v2\/media\/114410"}],"wp:attachment":[{"href":"https:\/\/www.ernstbrunn-apotheke.at\/katalog\/wp-json\/wp\/v2\/media?parent=114408"}],"wp:term":[{"taxonomy":"product_brand","embeddable":true,"href":"https:\/\/www.ernstbrunn-apotheke.at\/katalog\/wp-json\/wp\/v2\/product_brand?post=114408"},{"taxonomy":"product_cat","embeddable":true,"href":"https:\/\/www.ernstbrunn-apotheke.at\/katalog\/wp-json\/wp\/v2\/product_cat?post=114408"},{"taxonomy":"product_tag","embeddable":true,"href":"https:\/\/www.ernstbrunn-apotheke.at\/katalog\/wp-json\/wp\/v2\/product_tag?post=114408"}],"curies":[{"name":"wp","href":"https:\/\/api.w.org\/{rel}","templated":true}]}}