{"id":114383,"date":"2025-11-13T06:58:20","date_gmt":"2025-11-13T05:58:20","guid":{"rendered":"https:\/\/www.ernstbrunn-apotheke.at\/katalog\/produkt\/apofit-aetherisches-oel-atemfrei-atemfrei-10-ml\/"},"modified":"2025-12-08T22:43:04","modified_gmt":"2025-12-08T21:43:04","slug":"apofit-aetherisches-oel-atemfrei-atemfrei-10-ml","status":"publish","type":"product","link":"https:\/\/www.ernstbrunn-apotheke.at\/katalog\/produkt\/apofit-aetherisches-oel-atemfrei-atemfrei-10-ml\/","title":{"rendered":"Apofit \u00c4therisches \u00d6l Atemfrei Atemfrei 10 ml"},"content":{"rendered":"<p>Apofit \u00c4therisches \u00d6l Atemfrei ist eine Mischung aus Myrte, Spikelavendel, Eucalyptus globulus und Ysop decumbens und dient dazu, das Atmen zu erleichtern. Es eignet sich aufgrund seiner Wirkung auch bestens zur Vorbeugung w\u00e4hrend der Schnupfenzeit. Nicht zur Einnahme bestimmt!.<\/p>\n","protected":false},"excerpt":{"rendered":"<p>Apofit \u00c4therisches \u00d6l Atemfrei ist eine Mischung aus Myrte, Spikelavendel, Eucalyptus globulus und Ysop decumbens und dient dazu, das Atmen zu erleichtern. Es eignet sich aufgrund seiner Wirkung auch bestens zur Vorbeugung w\u00e4hrend der Schnupfenzeit. Nicht zur Einnahme bestimmt!.<\/p>\n","protected":false},"featured_media":114385,"template":"","meta":{"_acf_changed":false},"product_brand":[584],"product_cat":[801],"product_tag":[],"class_list":{"0":"post-114383","1":"product","2":"type-product","3":"status-publish","4":"has-post-thumbnail","6":"product_brand-apofit","7":"product_cat-a","8":"pa_packungsgroesse-10ml","10":"first","11":"instock","12":"shipping-taxable","13":"purchasable","14":"product-type-simple"},"acf":[],"_links":{"self":[{"href":"https:\/\/www.ernstbrunn-apotheke.at\/katalog\/wp-json\/wp\/v2\/product\/114383","targetHints":{"allow":["GET"]}}],"collection":[{"href":"https:\/\/www.ernstbrunn-apotheke.at\/katalog\/wp-json\/wp\/v2\/product"}],"about":[{"href":"https:\/\/www.ernstbrunn-apotheke.at\/katalog\/wp-json\/wp\/v2\/types\/product"}],"wp:featuredmedia":[{"embeddable":true,"href":"https:\/\/www.ernstbrunn-apotheke.at\/katalog\/wp-json\/wp\/v2\/media\/114385"}],"wp:attachment":[{"href":"https:\/\/www.ernstbrunn-apotheke.at\/katalog\/wp-json\/wp\/v2\/media?parent=114383"}],"wp:term":[{"taxonomy":"product_brand","embeddable":true,"href":"https:\/\/www.ernstbrunn-apotheke.at\/katalog\/wp-json\/wp\/v2\/product_brand?post=114383"},{"taxonomy":"product_cat","embeddable":true,"href":"https:\/\/www.ernstbrunn-apotheke.at\/katalog\/wp-json\/wp\/v2\/product_cat?post=114383"},{"taxonomy":"product_tag","embeddable":true,"href":"https:\/\/www.ernstbrunn-apotheke.at\/katalog\/wp-json\/wp\/v2\/product_tag?post=114383"}],"curies":[{"name":"wp","href":"https:\/\/api.w.org\/{rel}","templated":true}]}}