{"id":114380,"date":"2025-11-13T06:58:20","date_gmt":"2025-11-13T05:58:20","guid":{"rendered":"https:\/\/www.ernstbrunn-apotheke.at\/katalog\/produkt\/apofit-aetherisches-oel-antistress-10-ml\/"},"modified":"2025-12-08T22:43:03","modified_gmt":"2025-12-08T21:43:03","slug":"apofit-aetherisches-oel-antistress-10-ml","status":"publish","type":"product","link":"https:\/\/www.ernstbrunn-apotheke.at\/katalog\/produkt\/apofit-aetherisches-oel-antistress-10-ml\/","title":{"rendered":"Apofit \u00c4therisches \u00d6l Antistress 10 ml"},"content":{"rendered":"<p>Apofit \u00c4therisches \u00d6l Antistress ist eine hochwertige Komposition aus reinen Pflanzenessenzen in konzentierter Form. Die nautrreine \u00d6lkomposition wirkt \u00fcber den Geruchssinn wohltuend auf K\u00f6rper und Seele und hilft Stress, Nervosit\u00e4t und Aufregung abzubauen. Es st\u00e4rkt die Vitalit\u00e4t und regt den nat\u00fcrlichen Regenerationsablauf bei Abgespanntheit an. Nicht zur Einnahme bestimmt!.<\/p>\n","protected":false},"excerpt":{"rendered":"<p>Apofit \u00c4therisches \u00d6l Antistress ist eine hochwertige Komposition aus reinen Pflanzenessenzen in konzentierter Form. Die nautrreine \u00d6lkomposition wirkt \u00fcber den Geruchssinn wohltuend auf K\u00f6rper und Seele und hilft Stress, Nervosit\u00e4t und Aufregung abzubauen. Es st\u00e4rkt die Vitalit\u00e4t und regt den nat\u00fcrlichen Regenerationsablauf bei Abgespanntheit an. Nicht zur Einnahme bestimmt!.<\/p>\n","protected":false},"featured_media":114382,"template":"","meta":{"_acf_changed":false},"product_brand":[584],"product_cat":[801],"product_tag":[],"class_list":{"0":"post-114380","1":"product","2":"type-product","3":"status-publish","4":"has-post-thumbnail","6":"product_brand-apofit","7":"product_cat-a","8":"pa_packungsgroesse-10ml","10":"first","11":"instock","12":"shipping-taxable","13":"purchasable","14":"product-type-simple"},"acf":[],"_links":{"self":[{"href":"https:\/\/www.ernstbrunn-apotheke.at\/katalog\/wp-json\/wp\/v2\/product\/114380","targetHints":{"allow":["GET"]}}],"collection":[{"href":"https:\/\/www.ernstbrunn-apotheke.at\/katalog\/wp-json\/wp\/v2\/product"}],"about":[{"href":"https:\/\/www.ernstbrunn-apotheke.at\/katalog\/wp-json\/wp\/v2\/types\/product"}],"wp:featuredmedia":[{"embeddable":true,"href":"https:\/\/www.ernstbrunn-apotheke.at\/katalog\/wp-json\/wp\/v2\/media\/114382"}],"wp:attachment":[{"href":"https:\/\/www.ernstbrunn-apotheke.at\/katalog\/wp-json\/wp\/v2\/media?parent=114380"}],"wp:term":[{"taxonomy":"product_brand","embeddable":true,"href":"https:\/\/www.ernstbrunn-apotheke.at\/katalog\/wp-json\/wp\/v2\/product_brand?post=114380"},{"taxonomy":"product_cat","embeddable":true,"href":"https:\/\/www.ernstbrunn-apotheke.at\/katalog\/wp-json\/wp\/v2\/product_cat?post=114380"},{"taxonomy":"product_tag","embeddable":true,"href":"https:\/\/www.ernstbrunn-apotheke.at\/katalog\/wp-json\/wp\/v2\/product_tag?post=114380"}],"curies":[{"name":"wp","href":"https:\/\/api.w.org\/{rel}","templated":true}]}}