{"id":114377,"date":"2025-11-13T06:57:48","date_gmt":"2025-11-13T05:57:48","guid":{"rendered":"https:\/\/www.ernstbrunn-apotheke.at\/katalog\/produkt\/apofit-aetherisches-oel-anis-10-ml\/"},"modified":"2025-12-08T22:43:01","modified_gmt":"2025-12-08T21:43:01","slug":"apofit-aetherisches-oel-anis-10-ml","status":"publish","type":"product","link":"https:\/\/www.ernstbrunn-apotheke.at\/katalog\/produkt\/apofit-aetherisches-oel-anis-10-ml\/","title":{"rendered":"Apofit \u00c4therisches \u00d6l Anis 10 ml"},"content":{"rendered":"<p>Apofit \u00c4therisches \u00d6l Anis regt sanft den Stoffwechsel an und gilt als krampf- und schleiml\u00f6send. Anis\u00f6l ist ein hervorragendes Mittel gegen Bl\u00e4hungen und hilft bei jeder Art von Verdauungsst\u00f6rungen. Anis f\u00f6rdert zudem die Milchbildung bei stillenden M\u00fcttern. Auf der seelischen Ebene entspannt Anis\u00f6l bei Nervosit\u00e4t und hilft bei Alptr\u00e4umen. Nicht zur Einnahme bestimmt!.<\/p>\n","protected":false},"excerpt":{"rendered":"<p>Apofit \u00c4therisches \u00d6l Anis regt sanft den Stoffwechsel an und gilt als krampf- und schleiml\u00f6send. Anis\u00f6l ist ein hervorragendes Mittel gegen Bl\u00e4hungen und hilft bei jeder Art von Verdauungsst\u00f6rungen. Anis f\u00f6rdert zudem die Milchbildung bei stillenden M\u00fcttern. Auf der seelischen Ebene entspannt Anis\u00f6l bei Nervosit\u00e4t und hilft bei Alptr\u00e4umen. Nicht zur Einnahme bestimmt!.<\/p>\n","protected":false},"featured_media":114379,"template":"","meta":{"_acf_changed":false},"product_brand":[584],"product_cat":[801],"product_tag":[],"class_list":{"0":"post-114377","1":"product","2":"type-product","3":"status-publish","4":"has-post-thumbnail","6":"product_brand-apofit","7":"product_cat-a","8":"pa_packungsgroesse-10ml","10":"first","11":"instock","12":"shipping-taxable","13":"purchasable","14":"product-type-simple"},"acf":[],"_links":{"self":[{"href":"https:\/\/www.ernstbrunn-apotheke.at\/katalog\/wp-json\/wp\/v2\/product\/114377","targetHints":{"allow":["GET"]}}],"collection":[{"href":"https:\/\/www.ernstbrunn-apotheke.at\/katalog\/wp-json\/wp\/v2\/product"}],"about":[{"href":"https:\/\/www.ernstbrunn-apotheke.at\/katalog\/wp-json\/wp\/v2\/types\/product"}],"wp:featuredmedia":[{"embeddable":true,"href":"https:\/\/www.ernstbrunn-apotheke.at\/katalog\/wp-json\/wp\/v2\/media\/114379"}],"wp:attachment":[{"href":"https:\/\/www.ernstbrunn-apotheke.at\/katalog\/wp-json\/wp\/v2\/media?parent=114377"}],"wp:term":[{"taxonomy":"product_brand","embeddable":true,"href":"https:\/\/www.ernstbrunn-apotheke.at\/katalog\/wp-json\/wp\/v2\/product_brand?post=114377"},{"taxonomy":"product_cat","embeddable":true,"href":"https:\/\/www.ernstbrunn-apotheke.at\/katalog\/wp-json\/wp\/v2\/product_cat?post=114377"},{"taxonomy":"product_tag","embeddable":true,"href":"https:\/\/www.ernstbrunn-apotheke.at\/katalog\/wp-json\/wp\/v2\/product_tag?post=114377"}],"curies":[{"name":"wp","href":"https:\/\/api.w.org\/{rel}","templated":true}]}}