{"id":114374,"date":"2025-11-13T06:57:48","date_gmt":"2025-11-13T05:57:48","guid":{"rendered":"https:\/\/www.ernstbrunn-apotheke.at\/katalog\/produkt\/aethera-aetherisches-oel-pfefferminz-10-ml\/"},"modified":"2025-12-08T22:43:00","modified_gmt":"2025-12-08T21:43:00","slug":"aethera-aetherisches-oel-pfefferminz-10-ml","status":"publish","type":"product","link":"https:\/\/www.ernstbrunn-apotheke.at\/katalog\/produkt\/aethera-aetherisches-oel-pfefferminz-10-ml\/","title":{"rendered":"Aethera \u00c4therisches \u00d6l Pfefferminz 10 ml"},"content":{"rendered":"<p>Aethera \u00c4therisches \u00d6l Pfefferminz f\u00f6rdert die Konzentration und gibt neuen Schwung. Es eignet sich f\u00fcr all Jene, die aufgrund zu vieler Gedanken oder Sorgen zu viel Energie im Kopf angesammelt haben und dann unter Kopfschmerzen, Konzentrationsschwierigkeiten und Unruhe leiden. Nicht zur Einnahme bestimmt!.<\/p>\n","protected":false},"excerpt":{"rendered":"<p>Aethera \u00c4therisches \u00d6l Pfefferminz f\u00f6rdert die Konzentration und gibt neuen Schwung. Es eignet sich f\u00fcr all Jene, die aufgrund zu vieler Gedanken oder Sorgen zu viel Energie im Kopf angesammelt haben und dann unter Kopfschmerzen, Konzentrationsschwierigkeiten und Unruhe leiden. Nicht zur Einnahme bestimmt!.<\/p>\n","protected":false},"featured_media":114376,"template":"","meta":{"_acf_changed":false},"product_brand":[],"product_cat":[801],"product_tag":[],"class_list":{"0":"post-114374","1":"product","2":"type-product","3":"status-publish","4":"has-post-thumbnail","6":"product_cat-a","7":"pa_packungsgroesse-10ml","9":"first","10":"instock","11":"shipping-taxable","12":"purchasable","13":"product-type-simple"},"acf":[],"_links":{"self":[{"href":"https:\/\/www.ernstbrunn-apotheke.at\/katalog\/wp-json\/wp\/v2\/product\/114374","targetHints":{"allow":["GET"]}}],"collection":[{"href":"https:\/\/www.ernstbrunn-apotheke.at\/katalog\/wp-json\/wp\/v2\/product"}],"about":[{"href":"https:\/\/www.ernstbrunn-apotheke.at\/katalog\/wp-json\/wp\/v2\/types\/product"}],"wp:featuredmedia":[{"embeddable":true,"href":"https:\/\/www.ernstbrunn-apotheke.at\/katalog\/wp-json\/wp\/v2\/media\/114376"}],"wp:attachment":[{"href":"https:\/\/www.ernstbrunn-apotheke.at\/katalog\/wp-json\/wp\/v2\/media?parent=114374"}],"wp:term":[{"taxonomy":"product_brand","embeddable":true,"href":"https:\/\/www.ernstbrunn-apotheke.at\/katalog\/wp-json\/wp\/v2\/product_brand?post=114374"},{"taxonomy":"product_cat","embeddable":true,"href":"https:\/\/www.ernstbrunn-apotheke.at\/katalog\/wp-json\/wp\/v2\/product_cat?post=114374"},{"taxonomy":"product_tag","embeddable":true,"href":"https:\/\/www.ernstbrunn-apotheke.at\/katalog\/wp-json\/wp\/v2\/product_tag?post=114374"}],"curies":[{"name":"wp","href":"https:\/\/api.w.org\/{rel}","templated":true}]}}