{"id":114293,"date":"2025-11-13T06:56:19","date_gmt":"2025-11-13T05:56:19","guid":{"rendered":"https:\/\/www.ernstbrunn-apotheke.at\/katalog\/produkt\/zeinpharma-griffonia-5-htp-200-mg-kapseln-120-stk\/"},"modified":"2025-12-08T22:42:28","modified_gmt":"2025-12-08T21:42:28","slug":"zeinpharma-griffonia-5-htp-200-mg-kapseln-120-stk","status":"publish","type":"product","link":"https:\/\/www.ernstbrunn-apotheke.at\/katalog\/produkt\/zeinpharma-griffonia-5-htp-200-mg-kapseln-120-stk\/","title":{"rendered":"ZeinPharma Griffonia 5-HTP 200 mg Kapseln 120 Stk."},"content":{"rendered":"<p>ZeinPharma Griffonia 5-HTP 200 mg Kapseln ist ein rein nat\u00fcrliches Produkt, welches kein synthetisches 5-HTP enth\u00e4lt. Zudem beinhalten die Kapseln keine Konservierungs- und Aromastoffe, die allergieausl\u00f6sende Reaktionen hervorrufen k\u00f6nnen. Profitieren Sie bei Depressionen und Stimmungsschwankungen von der nat\u00fcrlichen Wirkung der Afrikanischen Schwarzbohne.<\/p>\n","protected":false},"excerpt":{"rendered":"<p>ZeinPharma Griffonia 5-HTP 200 mg Kapseln ist ein rein nat\u00fcrliches Produkt, welches kein synthetisches 5-HTP enth\u00e4lt. Zudem beinhalten die Kapseln keine Konservierungs- und Aromastoffe, die allergieausl\u00f6sende Reaktionen hervorrufen k\u00f6nnen. Profitieren Sie bei Depressionen und Stimmungsschwankungen von der nat\u00fcrlichen Wirkung der Afrikanischen Schwarzbohne.<\/p>\n","protected":false},"featured_media":114295,"template":"","meta":{"_acf_changed":false},"product_brand":[],"product_cat":[803],"product_tag":[],"class_list":{"0":"post-114293","1":"product","2":"type-product","3":"status-publish","4":"has-post-thumbnail","6":"product_cat-z","7":"pa_packungsgroesse-120-stueck","9":"first","10":"instock","11":"shipping-taxable","12":"purchasable","13":"product-type-simple"},"acf":[],"_links":{"self":[{"href":"https:\/\/www.ernstbrunn-apotheke.at\/katalog\/wp-json\/wp\/v2\/product\/114293","targetHints":{"allow":["GET"]}}],"collection":[{"href":"https:\/\/www.ernstbrunn-apotheke.at\/katalog\/wp-json\/wp\/v2\/product"}],"about":[{"href":"https:\/\/www.ernstbrunn-apotheke.at\/katalog\/wp-json\/wp\/v2\/types\/product"}],"wp:featuredmedia":[{"embeddable":true,"href":"https:\/\/www.ernstbrunn-apotheke.at\/katalog\/wp-json\/wp\/v2\/media\/114295"}],"wp:attachment":[{"href":"https:\/\/www.ernstbrunn-apotheke.at\/katalog\/wp-json\/wp\/v2\/media?parent=114293"}],"wp:term":[{"taxonomy":"product_brand","embeddable":true,"href":"https:\/\/www.ernstbrunn-apotheke.at\/katalog\/wp-json\/wp\/v2\/product_brand?post=114293"},{"taxonomy":"product_cat","embeddable":true,"href":"https:\/\/www.ernstbrunn-apotheke.at\/katalog\/wp-json\/wp\/v2\/product_cat?post=114293"},{"taxonomy":"product_tag","embeddable":true,"href":"https:\/\/www.ernstbrunn-apotheke.at\/katalog\/wp-json\/wp\/v2\/product_tag?post=114293"}],"curies":[{"name":"wp","href":"https:\/\/api.w.org\/{rel}","templated":true}]}}