{"id":114200,"date":"2025-11-13T06:53:25","date_gmt":"2025-11-13T05:53:25","guid":{"rendered":"https:\/\/www.ernstbrunn-apotheke.at\/katalog\/produkt\/esberitox-forte-tabletten\/"},"modified":"2025-12-08T22:41:58","modified_gmt":"2025-12-08T21:41:58","slug":"esberitox-forte-tabletten","status":"publish","type":"product","link":"https:\/\/www.ernstbrunn-apotheke.at\/katalog\/produkt\/esberitox-forte-tabletten\/","title":{"rendered":"Esberitox\u00ae Forte Tabletten"},"content":{"rendered":"<h3>5-fach konzentrierte Heilkraft verk\u00fcrzt die Erk\u00e4ltung um bis zu 3 Tage<\/h3>\n<p>Dank moderner Forschung k\u00f6nnen Sie mit Esberitox FORTE die Dauer einer Erk\u00e4ltung um bis zu 3 Tage verk\u00fcrzen und die Symptome deutlich lindern.<\/p>\n<p>Esberitox FORTE enth\u00e4lt den hochkonzentrierten Immun-Aktivkomplex von Esberitox. Dieses pflanzliche Pr\u00e4parat der neuesten Generation kombiniert die Wirkstoffe von Lebensbaum, F\u00e4rberh\u00fclse und Sonnenhut in einer genau abgestimmten Rezeptur, die schonend extrahiert und f\u00fcnffach konzentriert ist.<\/p>\n<h3>Pflanzen-Power gegen die Erk\u00e4ltung<\/h3>\n<p>Esberitox FORTE ist ein starkes pflanzliches Erk\u00e4ltungsmittel, das die antiviralen und immunstimulierenden Eigenschaften der drei Arzneipflanzen vereint und die Erk\u00e4ltungserreger von drei Seiten angreift.<\/p>\n<p><strong>Das Ergebnis:<\/strong><\/p>\n<ul>\n<li>Verk\u00fcrzung der Erk\u00e4ltungsdauer um bis zu 3 Tage<\/li>\n<li>Effektive Linderung der Erk\u00e4ltungssymptome<\/li>\n<\/ul>\n<p>Diese Wirksamkeit wurde in klinischen Studien mit Hunderten von Patienten wissenschaftlich best\u00e4tigt.<\/p>\n<h3>F\u00fcr wen ist Esberitox FORTE geeignet?<\/h3>\n<p>Esberitox FORTE ist ideal f\u00fcr Erwachsene und Jugendliche ab 12 Jahren, die ihre Erk\u00e4ltung schnell loswerden m\u00f6chten.<\/p>\n<h3>Richtige Einnahme von Esberitox FORTE<\/h3>\n<p>F\u00fcr die beste Wirkung sollte Esberitox FORTE bereits bei den ersten Anzeichen einer Erk\u00e4ltung, wie Hals- oder Rachenschmerzen, Niesen, laufender Nase oder schmerzenden Bronchien, eingenommen werden.<\/p>\n<p><strong>TIPP:<\/strong> Nehmen Sie Esberitox FORTE zus\u00e4tzlich zu symptomlindernden Schnupfensprays, Grippe-, Schmerz- und Hustenmitteln ein, um die Erk\u00e4ltung schnell und effektiv zu bek\u00e4mpfen.<\/p>\n","protected":false},"excerpt":{"rendered":"<p>5-fach konzentrierte Heilkraft verk\u00fcrzt die Erk\u00e4ltung um bis zu 3 Tage Dank moderner Forschung k\u00f6nnen Sie mit Esberitox FORTE die Dauer einer Erk\u00e4ltung um bis zu 3 Tage verk\u00fcrzen und die Symptome deutlich lindern. Esberitox FORTE enth\u00e4lt den hochkonzentrierten Immun-Aktivkomplex von Esberitox. Dieses pflanzliche Pr\u00e4parat der neuesten Generation kombiniert die Wirkstoffe von Lebensbaum, F\u00e4rberh\u00fclse und [&hellip;]<\/p>\n","protected":false},"featured_media":114202,"template":"","meta":{"_acf_changed":false},"product_brand":[522],"product_cat":[794],"product_tag":[],"class_list":{"0":"post-114200","1":"product","2":"type-product","3":"status-publish","4":"has-post-thumbnail","6":"product_brand-esberitox","7":"product_cat-e","8":"pa_packungsgroesse-40-stueck","10":"first","11":"instock","12":"shipping-taxable","13":"purchasable","14":"product-type-simple"},"acf":[],"_links":{"self":[{"href":"https:\/\/www.ernstbrunn-apotheke.at\/katalog\/wp-json\/wp\/v2\/product\/114200","targetHints":{"allow":["GET"]}}],"collection":[{"href":"https:\/\/www.ernstbrunn-apotheke.at\/katalog\/wp-json\/wp\/v2\/product"}],"about":[{"href":"https:\/\/www.ernstbrunn-apotheke.at\/katalog\/wp-json\/wp\/v2\/types\/product"}],"wp:featuredmedia":[{"embeddable":true,"href":"https:\/\/www.ernstbrunn-apotheke.at\/katalog\/wp-json\/wp\/v2\/media\/114202"}],"wp:attachment":[{"href":"https:\/\/www.ernstbrunn-apotheke.at\/katalog\/wp-json\/wp\/v2\/media?parent=114200"}],"wp:term":[{"taxonomy":"product_brand","embeddable":true,"href":"https:\/\/www.ernstbrunn-apotheke.at\/katalog\/wp-json\/wp\/v2\/product_brand?post=114200"},{"taxonomy":"product_cat","embeddable":true,"href":"https:\/\/www.ernstbrunn-apotheke.at\/katalog\/wp-json\/wp\/v2\/product_cat?post=114200"},{"taxonomy":"product_tag","embeddable":true,"href":"https:\/\/www.ernstbrunn-apotheke.at\/katalog\/wp-json\/wp\/v2\/product_tag?post=114200"}],"curies":[{"name":"wp","href":"https:\/\/api.w.org\/{rel}","templated":true}]}}