{"id":114129,"date":"2025-11-13T06:52:07","date_gmt":"2025-11-13T05:52:07","guid":{"rendered":"https:\/\/www.ernstbrunn-apotheke.at\/katalog\/produkt\/kijimea-magen-kapseln\/"},"modified":"2025-12-08T22:41:40","modified_gmt":"2025-12-08T21:41:40","slug":"kijimea-magen-kapseln","status":"publish","type":"product","link":"https:\/\/www.ernstbrunn-apotheke.at\/katalog\/produkt\/kijimea-magen-kapseln\/","title":{"rendered":"Kijimea Magen Kapseln"},"content":{"rendered":"<p>Nahezu ein Viertel der Bev\u00f6lkerung leidet regelm\u00e4\u00dfig unter Magenbeschwerden wie zum Beispiel V\u00f6llegef\u00fchl und \u00dcbelkeit. Ursache ist h\u00e4ufig, dass der Magen nicht ausreichend Magens\u00e4ure produziert oder auch, dass die Verdauungsenzyme nicht richtig arbeiten. Die Forscher der renommierten Firma Synformulas haben nun ein neues Produkt f\u00fcr den Magen entwickelt. Kijimea\u00ae Magen ist ein Nahrungserg\u00e4nzungsmittel mit den wertvollen Mineralstoffen Calcium und Chlorid. Calcium tr\u00e4gt zur normalen Funktion von Verdauungsenzymen bei. Chlorid tr\u00e4gt durch die Bildung von Magens\u00e4ure zu einer normalen Verdauung bei.<\/p>\n","protected":false},"excerpt":{"rendered":"<p>Nahezu ein Viertel der Bev\u00f6lkerung leidet regelm\u00e4\u00dfig unter Magenbeschwerden wie zum Beispiel V\u00f6llegef\u00fchl und \u00dcbelkeit. Ursache ist h\u00e4ufig, dass der Magen nicht ausreichend Magens\u00e4ure produziert oder auch, dass die Verdauungsenzyme nicht richtig arbeiten. Die Forscher der renommierten Firma Synformulas haben nun ein neues Produkt f\u00fcr den Magen entwickelt. Kijimea\u00ae Magen ist ein Nahrungserg\u00e4nzungsmittel mit den [&hellip;]<\/p>\n","protected":false},"featured_media":114131,"template":"","meta":{"_acf_changed":false},"product_brand":[1177],"product_cat":[807],"product_tag":[],"class_list":{"0":"post-114129","1":"product","2":"type-product","3":"status-publish","4":"has-post-thumbnail","6":"product_brand-kijimea","7":"product_cat-k","8":"pa_packungsgroesse-20-stueck","10":"first","11":"instock","12":"shipping-taxable","13":"purchasable","14":"product-type-simple"},"acf":[],"_links":{"self":[{"href":"https:\/\/www.ernstbrunn-apotheke.at\/katalog\/wp-json\/wp\/v2\/product\/114129","targetHints":{"allow":["GET"]}}],"collection":[{"href":"https:\/\/www.ernstbrunn-apotheke.at\/katalog\/wp-json\/wp\/v2\/product"}],"about":[{"href":"https:\/\/www.ernstbrunn-apotheke.at\/katalog\/wp-json\/wp\/v2\/types\/product"}],"wp:featuredmedia":[{"embeddable":true,"href":"https:\/\/www.ernstbrunn-apotheke.at\/katalog\/wp-json\/wp\/v2\/media\/114131"}],"wp:attachment":[{"href":"https:\/\/www.ernstbrunn-apotheke.at\/katalog\/wp-json\/wp\/v2\/media?parent=114129"}],"wp:term":[{"taxonomy":"product_brand","embeddable":true,"href":"https:\/\/www.ernstbrunn-apotheke.at\/katalog\/wp-json\/wp\/v2\/product_brand?post=114129"},{"taxonomy":"product_cat","embeddable":true,"href":"https:\/\/www.ernstbrunn-apotheke.at\/katalog\/wp-json\/wp\/v2\/product_cat?post=114129"},{"taxonomy":"product_tag","embeddable":true,"href":"https:\/\/www.ernstbrunn-apotheke.at\/katalog\/wp-json\/wp\/v2\/product_tag?post=114129"}],"curies":[{"name":"wp","href":"https:\/\/api.w.org\/{rel}","templated":true}]}}