{"id":11397,"date":"2025-11-07T14:31:43","date_gmt":"2025-11-07T13:31:43","guid":{"rendered":"https:\/\/www.ernstbrunn-apotheke.at\/katalog\/produkt\/the-nutri-store-schwarzbeere-kapseln-200-stk\/"},"modified":"2025-12-08T13:31:24","modified_gmt":"2025-12-08T12:31:24","slug":"the-nutri-store-schwarzbeere-kapseln-200-stk","status":"publish","type":"product","link":"https:\/\/www.ernstbrunn-apotheke.at\/katalog\/produkt\/the-nutri-store-schwarzbeere-kapseln-200-stk\/","title":{"rendered":"The Nutri Store Schwarzbeere Kapseln 200 Stk."},"content":{"rendered":"<p>The Nutri Store Schwarzbeere Kapseln enthalten 200 mg anthocyanreiches Schwarzbeeren-Konzentrat in Kombination mit 195 mg polyphenolreichem Aroniabeeren-Extrakt, sowie die Vitamine C, B6, B12 und Fols\u00e4ure. Vitamin C tr\u00e4gt dazu bei, die Zellen vor oxidativem Stress zu sch\u00fctzen. Die Vitamine B6, B12 und Fols\u00e4ure (Folat) tragen zu einer normalen Funktion des Immunsystems und auch zur Verringerung von M\u00fcdigkeit und Ersch\u00f6pfung bei. Die Vitamine B6, B12 und Fols\u00e4ure tragen zu einem normalen Homocystein-Stoffwechsel bei. Der Rohstoff zur Herstellung der Kapselh\u00fclle wird aus pflanzlicher Cellulose gewonnen und ist gelatinefrei.<\/p>\n","protected":false},"excerpt":{"rendered":"<p>The Nutri Store Schwarzbeere Kapseln enthalten 200 mg anthocyanreiches Schwarzbeeren-Konzentrat in Kombination mit 195 mg polyphenolreichem Aroniabeeren-Extrakt, sowie die Vitamine C, B6, B12 und Fols\u00e4ure. Vitamin C tr\u00e4gt dazu bei, die Zellen vor oxidativem Stress zu sch\u00fctzen. Die Vitamine B6, B12 und Fols\u00e4ure (Folat) tragen zu einer normalen Funktion des Immunsystems und auch zur Verringerung [&hellip;]<\/p>\n","protected":false},"featured_media":11399,"template":"","meta":{"_acf_changed":false},"product_brand":[],"product_cat":[798],"product_tag":[],"class_list":{"0":"post-11397","1":"product","2":"type-product","3":"status-publish","4":"has-post-thumbnail","6":"product_cat-t","7":"pa_packungsgroesse-200-stueck","9":"first","10":"instock","11":"shipping-taxable","12":"purchasable","13":"product-type-simple"},"acf":[],"_links":{"self":[{"href":"https:\/\/www.ernstbrunn-apotheke.at\/katalog\/wp-json\/wp\/v2\/product\/11397","targetHints":{"allow":["GET"]}}],"collection":[{"href":"https:\/\/www.ernstbrunn-apotheke.at\/katalog\/wp-json\/wp\/v2\/product"}],"about":[{"href":"https:\/\/www.ernstbrunn-apotheke.at\/katalog\/wp-json\/wp\/v2\/types\/product"}],"wp:featuredmedia":[{"embeddable":true,"href":"https:\/\/www.ernstbrunn-apotheke.at\/katalog\/wp-json\/wp\/v2\/media\/11399"}],"wp:attachment":[{"href":"https:\/\/www.ernstbrunn-apotheke.at\/katalog\/wp-json\/wp\/v2\/media?parent=11397"}],"wp:term":[{"taxonomy":"product_brand","embeddable":true,"href":"https:\/\/www.ernstbrunn-apotheke.at\/katalog\/wp-json\/wp\/v2\/product_brand?post=11397"},{"taxonomy":"product_cat","embeddable":true,"href":"https:\/\/www.ernstbrunn-apotheke.at\/katalog\/wp-json\/wp\/v2\/product_cat?post=11397"},{"taxonomy":"product_tag","embeddable":true,"href":"https:\/\/www.ernstbrunn-apotheke.at\/katalog\/wp-json\/wp\/v2\/product_tag?post=11397"}],"curies":[{"name":"wp","href":"https:\/\/api.w.org\/{rel}","templated":true}]}}