{"id":11377,"date":"2025-11-07T14:31:32","date_gmt":"2025-11-07T13:31:32","guid":{"rendered":"https:\/\/www.ernstbrunn-apotheke.at\/katalog\/produkt\/craton-filmtabletten-100-stk\/"},"modified":"2025-12-08T13:31:21","modified_gmt":"2025-12-08T12:31:21","slug":"craton-filmtabletten-100-stk","status":"publish","type":"product","link":"https:\/\/www.ernstbrunn-apotheke.at\/katalog\/produkt\/craton-filmtabletten-100-stk\/","title":{"rendered":"Craton Filmtabletten 100 Stk."},"content":{"rendered":"<p>Craton Filmtabletten enthalten 30 mg Ginkgobl\u00e4tter Trockenextrakt. Der Ginkgobl\u00e4tter Extrakt ist durchblutungsf\u00f6rdernd, indem er die Flie\u00dff\u00e4higkeit des Blutes verbessert. Das Gewebe wird besser mit Sauerstoff versorgt. Zur Unterst\u00fctzung von Konzentration und geistiger Leistungsf\u00e4higkeit.<\/p>\n","protected":false},"excerpt":{"rendered":"<p>Craton Filmtabletten enthalten 30 mg Ginkgobl\u00e4tter Trockenextrakt. Der Ginkgobl\u00e4tter Extrakt ist durchblutungsf\u00f6rdernd, indem er die Flie\u00dff\u00e4higkeit des Blutes verbessert. Das Gewebe wird besser mit Sauerstoff versorgt. Zur Unterst\u00fctzung von Konzentration und geistiger Leistungsf\u00e4higkeit.<\/p>\n","protected":false},"featured_media":11379,"template":"","meta":{"_acf_changed":false},"product_brand":[],"product_cat":[812],"product_tag":[],"class_list":{"0":"post-11377","1":"product","2":"type-product","3":"status-publish","4":"has-post-thumbnail","6":"product_cat-c","7":"pa_packungsgroesse-100-stueck","9":"first","10":"instock","11":"shipping-taxable","12":"purchasable","13":"product-type-simple"},"acf":[],"_links":{"self":[{"href":"https:\/\/www.ernstbrunn-apotheke.at\/katalog\/wp-json\/wp\/v2\/product\/11377","targetHints":{"allow":["GET"]}}],"collection":[{"href":"https:\/\/www.ernstbrunn-apotheke.at\/katalog\/wp-json\/wp\/v2\/product"}],"about":[{"href":"https:\/\/www.ernstbrunn-apotheke.at\/katalog\/wp-json\/wp\/v2\/types\/product"}],"wp:featuredmedia":[{"embeddable":true,"href":"https:\/\/www.ernstbrunn-apotheke.at\/katalog\/wp-json\/wp\/v2\/media\/11379"}],"wp:attachment":[{"href":"https:\/\/www.ernstbrunn-apotheke.at\/katalog\/wp-json\/wp\/v2\/media?parent=11377"}],"wp:term":[{"taxonomy":"product_brand","embeddable":true,"href":"https:\/\/www.ernstbrunn-apotheke.at\/katalog\/wp-json\/wp\/v2\/product_brand?post=11377"},{"taxonomy":"product_cat","embeddable":true,"href":"https:\/\/www.ernstbrunn-apotheke.at\/katalog\/wp-json\/wp\/v2\/product_cat?post=11377"},{"taxonomy":"product_tag","embeddable":true,"href":"https:\/\/www.ernstbrunn-apotheke.at\/katalog\/wp-json\/wp\/v2\/product_tag?post=11377"}],"curies":[{"name":"wp","href":"https:\/\/api.w.org\/{rel}","templated":true}]}}