{"id":113704,"date":"2025-11-13T06:41:11","date_gmt":"2025-11-13T05:41:11","guid":{"rendered":"https:\/\/www.ernstbrunn-apotheke.at\/katalog\/produkt\/kijimea-regularis-pulver-250g\/"},"modified":"2025-12-08T22:39:55","modified_gmt":"2025-12-08T21:39:55","slug":"kijimea-regularis-pulver-250g","status":"publish","type":"product","link":"https:\/\/www.ernstbrunn-apotheke.at\/katalog\/produkt\/kijimea-regularis-pulver-250g\/","title":{"rendered":"Kijimea Regularis Pulver 250g"},"content":{"rendered":"<p>Geh\u00f6ren Sie auch zu den 3 Millionen \u00d6sterreichern, die regelm\u00e4\u00dfig unter einer tr\u00e4gen Verdauung oder einem Bl\u00e4hbauch leiden? Dann bietet Ihnen Kijimea\u00ae Regularis jetzt die innovative L\u00f6sung. Dank seines einzigartigen Synformularis2 Faserkomplexes wirkt Kijimea\u00ae Regularis doppelt effektiv: Es aktiviert die Darmt\u00e4tigkeit und bringt somit die Verdauung auf nat\u00fcrliche Weise wieder in Schwung. Zus\u00e4tzlich reduziert Kijimea\u00ae Regularis die Gase im Darm und l\u00e4sst somit einen Bl\u00e4hbauch verschwinden<\/p>\n","protected":false},"excerpt":{"rendered":"<p>Geh\u00f6ren Sie auch zu den 3 Millionen \u00d6sterreichern, die regelm\u00e4\u00dfig unter einer tr\u00e4gen Verdauung oder einem Bl\u00e4hbauch leiden? Dann bietet Ihnen Kijimea\u00ae Regularis jetzt die innovative L\u00f6sung. Dank seines einzigartigen Synformularis2 Faserkomplexes wirkt Kijimea\u00ae Regularis doppelt effektiv: Es aktiviert die Darmt\u00e4tigkeit und bringt somit die Verdauung auf nat\u00fcrliche Weise wieder in Schwung. Zus\u00e4tzlich reduziert Kijimea\u00ae [&hellip;]<\/p>\n","protected":false},"featured_media":113706,"template":"","meta":{"_acf_changed":false},"product_brand":[1177],"product_cat":[807],"product_tag":[],"class_list":{"0":"post-113704","1":"product","2":"type-product","3":"status-publish","4":"has-post-thumbnail","6":"product_brand-kijimea","7":"product_cat-k","8":"pa_packungsgroesse-250g","10":"first","11":"instock","12":"shipping-taxable","13":"purchasable","14":"product-type-simple"},"acf":[],"_links":{"self":[{"href":"https:\/\/www.ernstbrunn-apotheke.at\/katalog\/wp-json\/wp\/v2\/product\/113704","targetHints":{"allow":["GET"]}}],"collection":[{"href":"https:\/\/www.ernstbrunn-apotheke.at\/katalog\/wp-json\/wp\/v2\/product"}],"about":[{"href":"https:\/\/www.ernstbrunn-apotheke.at\/katalog\/wp-json\/wp\/v2\/types\/product"}],"wp:featuredmedia":[{"embeddable":true,"href":"https:\/\/www.ernstbrunn-apotheke.at\/katalog\/wp-json\/wp\/v2\/media\/113706"}],"wp:attachment":[{"href":"https:\/\/www.ernstbrunn-apotheke.at\/katalog\/wp-json\/wp\/v2\/media?parent=113704"}],"wp:term":[{"taxonomy":"product_brand","embeddable":true,"href":"https:\/\/www.ernstbrunn-apotheke.at\/katalog\/wp-json\/wp\/v2\/product_brand?post=113704"},{"taxonomy":"product_cat","embeddable":true,"href":"https:\/\/www.ernstbrunn-apotheke.at\/katalog\/wp-json\/wp\/v2\/product_cat?post=113704"},{"taxonomy":"product_tag","embeddable":true,"href":"https:\/\/www.ernstbrunn-apotheke.at\/katalog\/wp-json\/wp\/v2\/product_tag?post=113704"}],"curies":[{"name":"wp","href":"https:\/\/api.w.org\/{rel}","templated":true}]}}