{"id":113490,"date":"2025-11-13T06:37:01","date_gmt":"2025-11-13T05:37:01","guid":{"rendered":"https:\/\/www.ernstbrunn-apotheke.at\/katalog\/produkt\/easydolor-duo-200-mg-500-mg-filmtabletten\/"},"modified":"2025-12-08T22:38:44","modified_gmt":"2025-12-08T21:38:44","slug":"easydolor-duo-200-mg-500-mg-filmtabletten","status":"publish","type":"product","link":"https:\/\/www.ernstbrunn-apotheke.at\/katalog\/produkt\/easydolor-duo-200-mg-500-mg-filmtabletten\/","title":{"rendered":"easydolor DUO 200 mg\/500 mg Filmtabletten"},"content":{"rendered":"<p>easydolor DUO wird zur kurzfristigen Behandlung von leichten bis mittelschweren Schmerzen im Zusammenhang mit Migr\u00e4ne, Kopfschmerzen, R\u00fcckenschmerzen, Menstruationsschmerzen, Zahnschmerzen, Muskelschmerzen, Erk\u00e4ltungs- und Grippesymptomen und Halsschmerzen verwendet.<\/p>\n","protected":false},"excerpt":{"rendered":"<p>easydolor DUO wird zur kurzfristigen Behandlung von leichten bis mittelschweren Schmerzen im Zusammenhang mit Migr\u00e4ne, Kopfschmerzen, R\u00fcckenschmerzen, Menstruationsschmerzen, Zahnschmerzen, Muskelschmerzen, Erk\u00e4ltungs- und Grippesymptomen und Halsschmerzen verwendet.<\/p>\n","protected":false},"featured_media":113492,"template":"","meta":{"_acf_changed":false},"product_brand":[367],"product_cat":[794],"product_tag":[],"class_list":{"0":"post-113490","1":"product","2":"type-product","3":"status-publish","4":"has-post-thumbnail","6":"product_brand-easypharm","7":"product_cat-e","8":"pa_packungsgroesse-20-stueck","10":"first","11":"instock","12":"shipping-taxable","13":"purchasable","14":"product-type-simple"},"acf":[],"_links":{"self":[{"href":"https:\/\/www.ernstbrunn-apotheke.at\/katalog\/wp-json\/wp\/v2\/product\/113490","targetHints":{"allow":["GET"]}}],"collection":[{"href":"https:\/\/www.ernstbrunn-apotheke.at\/katalog\/wp-json\/wp\/v2\/product"}],"about":[{"href":"https:\/\/www.ernstbrunn-apotheke.at\/katalog\/wp-json\/wp\/v2\/types\/product"}],"wp:featuredmedia":[{"embeddable":true,"href":"https:\/\/www.ernstbrunn-apotheke.at\/katalog\/wp-json\/wp\/v2\/media\/113492"}],"wp:attachment":[{"href":"https:\/\/www.ernstbrunn-apotheke.at\/katalog\/wp-json\/wp\/v2\/media?parent=113490"}],"wp:term":[{"taxonomy":"product_brand","embeddable":true,"href":"https:\/\/www.ernstbrunn-apotheke.at\/katalog\/wp-json\/wp\/v2\/product_brand?post=113490"},{"taxonomy":"product_cat","embeddable":true,"href":"https:\/\/www.ernstbrunn-apotheke.at\/katalog\/wp-json\/wp\/v2\/product_cat?post=113490"},{"taxonomy":"product_tag","embeddable":true,"href":"https:\/\/www.ernstbrunn-apotheke.at\/katalog\/wp-json\/wp\/v2\/product_tag?post=113490"}],"curies":[{"name":"wp","href":"https:\/\/api.w.org\/{rel}","templated":true}]}}