{"id":113446,"date":"2025-11-13T00:41:16","date_gmt":"2025-11-12T23:41:16","guid":{"rendered":"https:\/\/www.ernstbrunn-apotheke.at\/katalog\/produkt\/tantills-halspastillen-blackcurrant\/"},"modified":"2025-12-08T22:38:35","modified_gmt":"2025-12-08T21:38:35","slug":"tantills-halspastillen-blackcurrant","status":"publish","type":"product","link":"https:\/\/www.ernstbrunn-apotheke.at\/katalog\/produkt\/tantills-halspastillen-blackcurrant\/","title":{"rendered":"Tantills\u00ae Halspastillen Blackcurrant"},"content":{"rendered":"<p>Tantills\u00ae Halspastillen Blackcurrant 24 Stk. enthalten einen Wirkkomplex aus Eichenrindenextrakt und pflanzlichem Glycerin, der Halsschmerzen nat\u00fcrlich lindert. Diese einzigartige Kombination wirkt auf die angeschwollenen und entz\u00fcndeten Schleimh\u00e4ute und l\u00e4sst diese wieder abschwellen.<\/p>\n","protected":false},"excerpt":{"rendered":"<p>Tantills\u00ae Halspastillen Blackcurrant 24 Stk. enthalten einen Wirkkomplex aus Eichenrindenextrakt und pflanzlichem Glycerin, der Halsschmerzen nat\u00fcrlich lindert. Diese einzigartige Kombination wirkt auf die angeschwollenen und entz\u00fcndeten Schleimh\u00e4ute und l\u00e4sst diese wieder abschwellen.<\/p>\n","protected":false},"featured_media":113448,"template":"","meta":{"_acf_changed":false},"product_brand":[1437],"product_cat":[798],"product_tag":[],"class_list":{"0":"post-113446","1":"product","2":"type-product","3":"status-publish","4":"has-post-thumbnail","6":"product_brand-tantills","7":"product_cat-t","8":"pa_packungsgroesse-24-stueck","10":"first","11":"instock","12":"shipping-taxable","13":"purchasable","14":"product-type-simple"},"acf":[],"_links":{"self":[{"href":"https:\/\/www.ernstbrunn-apotheke.at\/katalog\/wp-json\/wp\/v2\/product\/113446","targetHints":{"allow":["GET"]}}],"collection":[{"href":"https:\/\/www.ernstbrunn-apotheke.at\/katalog\/wp-json\/wp\/v2\/product"}],"about":[{"href":"https:\/\/www.ernstbrunn-apotheke.at\/katalog\/wp-json\/wp\/v2\/types\/product"}],"wp:featuredmedia":[{"embeddable":true,"href":"https:\/\/www.ernstbrunn-apotheke.at\/katalog\/wp-json\/wp\/v2\/media\/113448"}],"wp:attachment":[{"href":"https:\/\/www.ernstbrunn-apotheke.at\/katalog\/wp-json\/wp\/v2\/media?parent=113446"}],"wp:term":[{"taxonomy":"product_brand","embeddable":true,"href":"https:\/\/www.ernstbrunn-apotheke.at\/katalog\/wp-json\/wp\/v2\/product_brand?post=113446"},{"taxonomy":"product_cat","embeddable":true,"href":"https:\/\/www.ernstbrunn-apotheke.at\/katalog\/wp-json\/wp\/v2\/product_cat?post=113446"},{"taxonomy":"product_tag","embeddable":true,"href":"https:\/\/www.ernstbrunn-apotheke.at\/katalog\/wp-json\/wp\/v2\/product_tag?post=113446"}],"curies":[{"name":"wp","href":"https:\/\/api.w.org\/{rel}","templated":true}]}}