{"id":113422,"date":"2025-11-13T00:40:23","date_gmt":"2025-11-12T23:40:23","guid":{"rendered":"https:\/\/www.ernstbrunn-apotheke.at\/katalog\/produkt\/madara-custom-actives-vitamin-e-konzentrat\/"},"modified":"2025-12-08T22:38:23","modified_gmt":"2025-12-08T21:38:23","slug":"madara-custom-actives-vitamin-e-konzentrat","status":"publish","type":"product","link":"https:\/\/www.ernstbrunn-apotheke.at\/katalog\/produkt\/madara-custom-actives-vitamin-e-konzentrat\/","title":{"rendered":"Madara CUSTOM ACTIVES Vitamin-E-Konzentrat"},"content":{"rendered":"<p>Das nat\u00fcrliche, pflanzliche Vitamin E, welches in dem neu entwickelten Cosmeceutical-Konzentrat enthalten ist, zaubert raue und rissige Stellen wieder samtig weich. Das wertvolle Antioxidans hat regenerierende Eigenschaften, spendet Feuchtigkeit und reduziert Sch\u00e4den, die von freien Radikalen verursacht werden. Erste Anzeichen fr\u00fchzeitiger Hautalterung und Lichtalterung sind Geschichte.<\/p>\n<p><strong>Anwendung:<\/strong><\/p>\n<ul>\n<li>1-3 Tropfen in Gesichts- oder K\u00f6rpercreme\/\u00d6l mischen.<\/li>\n<li>Kann auch direkt auf raue Stellen wie Ellebogen, Knie, F\u00fc\u00dfe. H\u00e4nde, trockene Lippen und trockene Bereiche aufgetragen werden.<\/li>\n<li>Unterst\u00fctzend zur After-Sun nach Sonneb\u00e4der morgens und abends auftragen.<\/li>\n<\/ul>\n<p><strong>Hinweis:<\/strong><\/p>\n<ul>\n<li>Im Falle einer Reizung nicht mehr verwenden.<\/li>\n<li>Nur zur \u00e4u\u00dferen Anwendung geeignet<\/li>\n<\/ul>\n","protected":false},"excerpt":{"rendered":"<p>Das nat\u00fcrliche, pflanzliche Vitamin E, welches in dem neu entwickelten Cosmeceutical-Konzentrat enthalten ist, zaubert raue und rissige Stellen wieder samtig weich. Das wertvolle Antioxidans hat regenerierende Eigenschaften, spendet Feuchtigkeit und reduziert Sch\u00e4den, die von freien Radikalen verursacht werden. Erste Anzeichen fr\u00fchzeitiger Hautalterung und Lichtalterung sind Geschichte. Anwendung: 1-3 Tropfen in Gesichts- oder K\u00f6rpercreme\/\u00d6l mischen. Kann [&hellip;]<\/p>\n","protected":false},"featured_media":113424,"template":"","meta":{"_acf_changed":false},"product_brand":[1253],"product_cat":[800],"product_tag":[],"class_list":{"0":"post-113422","1":"product","2":"type-product","3":"status-publish","4":"has-post-thumbnail","6":"product_brand-madara","7":"product_cat-m","8":"pa_packungsgroesse-17ml","10":"first","11":"instock","12":"shipping-taxable","13":"purchasable","14":"product-type-simple"},"acf":[],"_links":{"self":[{"href":"https:\/\/www.ernstbrunn-apotheke.at\/katalog\/wp-json\/wp\/v2\/product\/113422","targetHints":{"allow":["GET"]}}],"collection":[{"href":"https:\/\/www.ernstbrunn-apotheke.at\/katalog\/wp-json\/wp\/v2\/product"}],"about":[{"href":"https:\/\/www.ernstbrunn-apotheke.at\/katalog\/wp-json\/wp\/v2\/types\/product"}],"wp:featuredmedia":[{"embeddable":true,"href":"https:\/\/www.ernstbrunn-apotheke.at\/katalog\/wp-json\/wp\/v2\/media\/113424"}],"wp:attachment":[{"href":"https:\/\/www.ernstbrunn-apotheke.at\/katalog\/wp-json\/wp\/v2\/media?parent=113422"}],"wp:term":[{"taxonomy":"product_brand","embeddable":true,"href":"https:\/\/www.ernstbrunn-apotheke.at\/katalog\/wp-json\/wp\/v2\/product_brand?post=113422"},{"taxonomy":"product_cat","embeddable":true,"href":"https:\/\/www.ernstbrunn-apotheke.at\/katalog\/wp-json\/wp\/v2\/product_cat?post=113422"},{"taxonomy":"product_tag","embeddable":true,"href":"https:\/\/www.ernstbrunn-apotheke.at\/katalog\/wp-json\/wp\/v2\/product_tag?post=113422"}],"curies":[{"name":"wp","href":"https:\/\/api.w.org\/{rel}","templated":true}]}}