{"id":11337,"date":"2025-11-07T14:30:45","date_gmt":"2025-11-07T13:30:45","guid":{"rendered":"https:\/\/www.ernstbrunn-apotheke.at\/katalog\/produkt\/vitacan-kreatin-monohydrat-100-g\/"},"modified":"2025-12-08T13:31:13","modified_gmt":"2025-12-08T12:31:13","slug":"vitacan-kreatin-monohydrat-100-g","status":"publish","type":"product","link":"https:\/\/www.ernstbrunn-apotheke.at\/katalog\/produkt\/vitacan-kreatin-monohydrat-100-g\/","title":{"rendered":"Vitacan Kreatin Monohydrat  100 g"},"content":{"rendered":"<p>Vitacan Kreatin Monohydrat liefert dem Muskel bei kurzen, intensiven Belastungen die n\u00f6tige Energie.  Hat der Muskel gr\u00f6\u00dfere Mengen an Kreatin, so kann mehr Energie bereitgestellt werden und die Muskelleistung wird verbessert.<\/p>\n","protected":false},"excerpt":{"rendered":"<p>Vitacan Kreatin Monohydrat liefert dem Muskel bei kurzen, intensiven Belastungen die n\u00f6tige Energie. Hat der Muskel gr\u00f6\u00dfere Mengen an Kreatin, so kann mehr Energie bereitgestellt werden und die Muskelleistung wird verbessert.<\/p>\n","protected":false},"featured_media":11339,"template":"","meta":{"_acf_changed":false},"product_brand":[],"product_cat":[799],"product_tag":[],"class_list":{"0":"post-11337","1":"product","2":"type-product","3":"status-publish","4":"has-post-thumbnail","6":"product_cat-v","7":"pa_packungsgroesse-100g","9":"first","10":"instock","11":"shipping-taxable","12":"purchasable","13":"product-type-simple"},"acf":[],"_links":{"self":[{"href":"https:\/\/www.ernstbrunn-apotheke.at\/katalog\/wp-json\/wp\/v2\/product\/11337","targetHints":{"allow":["GET"]}}],"collection":[{"href":"https:\/\/www.ernstbrunn-apotheke.at\/katalog\/wp-json\/wp\/v2\/product"}],"about":[{"href":"https:\/\/www.ernstbrunn-apotheke.at\/katalog\/wp-json\/wp\/v2\/types\/product"}],"wp:featuredmedia":[{"embeddable":true,"href":"https:\/\/www.ernstbrunn-apotheke.at\/katalog\/wp-json\/wp\/v2\/media\/11339"}],"wp:attachment":[{"href":"https:\/\/www.ernstbrunn-apotheke.at\/katalog\/wp-json\/wp\/v2\/media?parent=11337"}],"wp:term":[{"taxonomy":"product_brand","embeddable":true,"href":"https:\/\/www.ernstbrunn-apotheke.at\/katalog\/wp-json\/wp\/v2\/product_brand?post=11337"},{"taxonomy":"product_cat","embeddable":true,"href":"https:\/\/www.ernstbrunn-apotheke.at\/katalog\/wp-json\/wp\/v2\/product_cat?post=11337"},{"taxonomy":"product_tag","embeddable":true,"href":"https:\/\/www.ernstbrunn-apotheke.at\/katalog\/wp-json\/wp\/v2\/product_tag?post=11337"}],"curies":[{"name":"wp","href":"https:\/\/api.w.org\/{rel}","templated":true}]}}