{"id":113366,"date":"2025-11-13T00:39:53","date_gmt":"2025-11-12T23:39:53","guid":{"rendered":"https:\/\/www.ernstbrunn-apotheke.at\/katalog\/produkt\/vitamin-d3-k2-tropfen-kinder-vegan\/"},"modified":"2025-12-08T22:37:48","modified_gmt":"2025-12-08T21:37:48","slug":"vitamin-d3-k2-tropfen-kinder-vegan","status":"publish","type":"product","link":"https:\/\/www.ernstbrunn-apotheke.at\/katalog\/produkt\/vitamin-d3-k2-tropfen-kinder-vegan\/","title":{"rendered":"Vitamin D3 + K2 Tropfen Kinder vegan"},"content":{"rendered":"<p>Das Sonnenvitamin D3 ist gerade f\u00fcr Kinder von zentraler Bedeutung f\u00fcr stabile Knochen, eine gesunde Muskulatur und ein starkes Immunsystem. Zusammen mit Vitamin D3 unterst\u00fctzt Vitamin K2 die Mineralisation der Knochen und eine normale Blutgerinnung. So erh\u00e4lt der K\u00f6rper n\u00f6tige N\u00e4hrstoffe in optimaler Kombination. Vegan und praktisch dosierbar als Tropfen in einer Pipettenflasche.<\/p>\n<p><\/p>\n<ul>\n<li>Vitamin D3 und Vitamin K2 zur t\u00e4glichen Einnahme &#8211; praktisch in Tropfenform mit sehr guter Bioverf\u00fcgbarkeit<\/li>\n<li>Ein Tropfen liefert 500 I.E. Vitamin D3 und 25 \u00b5g Vitamin K2<\/li>\n<li>Hochwertige Rohstoffe: pflanzliches Vitamin D3 aus Flechten mit einer optimalen Bioverf\u00fcgbarkeit gel\u00f6st in Mittelkettigen Triglyceriden (MCT aus Kokos\u00f6l) und Vitamin K2 All-trans MK-7 mit einem laborgepr\u00fcften All-Trans-Gehalt > 99% und\u00a0<\/li>\n<li>Einfache Dosierung mit Pipette<\/li>\n<li>Vegan, laktose-, glutenfrei und frei von Zusatzstoffen<\/li>\n<li>Laborgepr\u00fcftes Qualit\u00e4tsprodukt &#8211; hergestellt in Deutschland<\/li>\n<\/ul>\n<div><\/div>\n<div><\/div>\n<\/p>\n<p><span>Verzehrempfehlung:<\/span> 1 Tropfen t\u00e4glich einnehmen. 1 Tropfen enth\u00e4lt 500 I.E. Vitamin D3 und 25 \u00b5g Vitamin K2. F\u00fcr Kinder ab 4 Jahren.<\/p>\n<div><\/div>\n","protected":false},"excerpt":{"rendered":"<p>Das Sonnenvitamin D3 ist gerade f\u00fcr Kinder von zentraler Bedeutung f\u00fcr stabile Knochen, eine gesunde Muskulatur und ein starkes Immunsystem. Zusammen mit Vitamin D3 unterst\u00fctzt Vitamin K2 die Mineralisation der Knochen und eine normale Blutgerinnung. So erh\u00e4lt der K\u00f6rper n\u00f6tige N\u00e4hrstoffe in optimaler Kombination. Vegan und praktisch dosierbar als Tropfen in einer Pipettenflasche. Vitamin D3 [&hellip;]<\/p>\n","protected":false},"featured_media":113368,"template":"","meta":{"_acf_changed":false},"product_brand":[],"product_cat":[799],"product_tag":[],"class_list":{"0":"post-113366","1":"product","2":"type-product","3":"status-publish","4":"has-post-thumbnail","6":"product_cat-v","7":"pa_packungsgroesse-10ml","9":"first","10":"instock","11":"shipping-taxable","12":"purchasable","13":"product-type-simple"},"acf":[],"_links":{"self":[{"href":"https:\/\/www.ernstbrunn-apotheke.at\/katalog\/wp-json\/wp\/v2\/product\/113366","targetHints":{"allow":["GET"]}}],"collection":[{"href":"https:\/\/www.ernstbrunn-apotheke.at\/katalog\/wp-json\/wp\/v2\/product"}],"about":[{"href":"https:\/\/www.ernstbrunn-apotheke.at\/katalog\/wp-json\/wp\/v2\/types\/product"}],"wp:featuredmedia":[{"embeddable":true,"href":"https:\/\/www.ernstbrunn-apotheke.at\/katalog\/wp-json\/wp\/v2\/media\/113368"}],"wp:attachment":[{"href":"https:\/\/www.ernstbrunn-apotheke.at\/katalog\/wp-json\/wp\/v2\/media?parent=113366"}],"wp:term":[{"taxonomy":"product_brand","embeddable":true,"href":"https:\/\/www.ernstbrunn-apotheke.at\/katalog\/wp-json\/wp\/v2\/product_brand?post=113366"},{"taxonomy":"product_cat","embeddable":true,"href":"https:\/\/www.ernstbrunn-apotheke.at\/katalog\/wp-json\/wp\/v2\/product_cat?post=113366"},{"taxonomy":"product_tag","embeddable":true,"href":"https:\/\/www.ernstbrunn-apotheke.at\/katalog\/wp-json\/wp\/v2\/product_tag?post=113366"}],"curies":[{"name":"wp","href":"https:\/\/api.w.org\/{rel}","templated":true}]}}