{"id":113306,"date":"2025-11-13T00:38:42","date_gmt":"2025-11-12T23:38:42","guid":{"rendered":"https:\/\/www.ernstbrunn-apotheke.at\/katalog\/produkt\/st-severin-wechseltee\/"},"modified":"2025-12-08T22:37:21","modified_gmt":"2025-12-08T21:37:21","slug":"st-severin-wechseltee","status":"publish","type":"product","link":"https:\/\/www.ernstbrunn-apotheke.at\/katalog\/produkt\/st-severin-wechseltee\/","title":{"rendered":"St. Severin Wechseltee"},"content":{"rendered":"<p>Der Wechseltee St. Severin ist ein Lebensmittel f\u00fcr besondere medizinische Zwecke (Bilanzierte Di\u00e4t) zum Di\u00e4tmanagement bei Wechselbeschwerden, Nervosit\u00e4t, Angst- und Spannungszust\u00e4nde sowie innerer Unruhe. Der Tee kann au\u00dferdem unterst\u00fctzend bei Ein- und Durchschlafst\u00f6rungen eine Besserung bringen.<\/p>\n<p>\u00a0<\/p>\n","protected":false},"excerpt":{"rendered":"<p>Der Wechseltee St. Severin ist ein Lebensmittel f\u00fcr besondere medizinische Zwecke (Bilanzierte Di\u00e4t) zum Di\u00e4tmanagement bei Wechselbeschwerden, Nervosit\u00e4t, Angst- und Spannungszust\u00e4nde sowie innerer Unruhe. Der Tee kann au\u00dferdem unterst\u00fctzend bei Ein- und Durchschlafst\u00f6rungen eine Besserung bringen. \u00a0<\/p>\n","protected":false},"featured_media":113308,"template":"","meta":{"_acf_changed":false},"product_brand":[435],"product_cat":[791],"product_tag":[],"class_list":{"0":"post-113306","1":"product","2":"type-product","3":"status-publish","4":"has-post-thumbnail","6":"product_brand-st-severin","7":"product_cat-s","8":"pa_packungsgroesse-70g","10":"first","11":"instock","12":"shipping-taxable","13":"purchasable","14":"product-type-simple"},"acf":[],"_links":{"self":[{"href":"https:\/\/www.ernstbrunn-apotheke.at\/katalog\/wp-json\/wp\/v2\/product\/113306","targetHints":{"allow":["GET"]}}],"collection":[{"href":"https:\/\/www.ernstbrunn-apotheke.at\/katalog\/wp-json\/wp\/v2\/product"}],"about":[{"href":"https:\/\/www.ernstbrunn-apotheke.at\/katalog\/wp-json\/wp\/v2\/types\/product"}],"wp:featuredmedia":[{"embeddable":true,"href":"https:\/\/www.ernstbrunn-apotheke.at\/katalog\/wp-json\/wp\/v2\/media\/113308"}],"wp:attachment":[{"href":"https:\/\/www.ernstbrunn-apotheke.at\/katalog\/wp-json\/wp\/v2\/media?parent=113306"}],"wp:term":[{"taxonomy":"product_brand","embeddable":true,"href":"https:\/\/www.ernstbrunn-apotheke.at\/katalog\/wp-json\/wp\/v2\/product_brand?post=113306"},{"taxonomy":"product_cat","embeddable":true,"href":"https:\/\/www.ernstbrunn-apotheke.at\/katalog\/wp-json\/wp\/v2\/product_cat?post=113306"},{"taxonomy":"product_tag","embeddable":true,"href":"https:\/\/www.ernstbrunn-apotheke.at\/katalog\/wp-json\/wp\/v2\/product_tag?post=113306"}],"curies":[{"name":"wp","href":"https:\/\/api.w.org\/{rel}","templated":true}]}}