{"id":11327,"date":"2025-11-07T14:30:45","date_gmt":"2025-11-07T13:30:45","guid":{"rendered":"https:\/\/www.ernstbrunn-apotheke.at\/katalog\/produkt\/the-nutri-store-omega-3-perilla-500-mg-kapseln-150-stk\/"},"modified":"2025-12-08T13:31:12","modified_gmt":"2025-12-08T12:31:12","slug":"the-nutri-store-omega-3-perilla-500-mg-kapseln-150-stk","status":"publish","type":"product","link":"https:\/\/www.ernstbrunn-apotheke.at\/katalog\/produkt\/the-nutri-store-omega-3-perilla-500-mg-kapseln-150-stk\/","title":{"rendered":"The Nutri Store Omega-3 Perilla 500 mg Kapseln 150 Stk."},"content":{"rendered":"<p>The Nutri Store Omega-3 Perilla 500 mg Kapseln enthalten 500 mg reines, unverschnittenes Perilla\u00f6l bester Qualit\u00e4t. Verzehrsempfehlung: Verzehren Sie 3 x t\u00e4glich 1 bis 2 Kapseln unzerkaut zu den Mahlzeiten mitausreichend Fl\u00fcssigkeit.<\/p>\n","protected":false},"excerpt":{"rendered":"<p>The Nutri Store Omega-3 Perilla 500 mg Kapseln enthalten 500 mg reines, unverschnittenes Perilla\u00f6l bester Qualit\u00e4t. Verzehrsempfehlung: Verzehren Sie 3 x t\u00e4glich 1 bis 2 Kapseln unzerkaut zu den Mahlzeiten mitausreichend Fl\u00fcssigkeit.<\/p>\n","protected":false},"featured_media":11329,"template":"","meta":{"_acf_changed":false},"product_brand":[],"product_cat":[798],"product_tag":[],"class_list":{"0":"post-11327","1":"product","2":"type-product","3":"status-publish","4":"has-post-thumbnail","6":"product_cat-t","7":"pa_packungsgroesse-150-stueck","9":"first","10":"instock","11":"shipping-taxable","12":"purchasable","13":"product-type-simple"},"acf":[],"_links":{"self":[{"href":"https:\/\/www.ernstbrunn-apotheke.at\/katalog\/wp-json\/wp\/v2\/product\/11327","targetHints":{"allow":["GET"]}}],"collection":[{"href":"https:\/\/www.ernstbrunn-apotheke.at\/katalog\/wp-json\/wp\/v2\/product"}],"about":[{"href":"https:\/\/www.ernstbrunn-apotheke.at\/katalog\/wp-json\/wp\/v2\/types\/product"}],"wp:featuredmedia":[{"embeddable":true,"href":"https:\/\/www.ernstbrunn-apotheke.at\/katalog\/wp-json\/wp\/v2\/media\/11329"}],"wp:attachment":[{"href":"https:\/\/www.ernstbrunn-apotheke.at\/katalog\/wp-json\/wp\/v2\/media?parent=11327"}],"wp:term":[{"taxonomy":"product_brand","embeddable":true,"href":"https:\/\/www.ernstbrunn-apotheke.at\/katalog\/wp-json\/wp\/v2\/product_brand?post=11327"},{"taxonomy":"product_cat","embeddable":true,"href":"https:\/\/www.ernstbrunn-apotheke.at\/katalog\/wp-json\/wp\/v2\/product_cat?post=11327"},{"taxonomy":"product_tag","embeddable":true,"href":"https:\/\/www.ernstbrunn-apotheke.at\/katalog\/wp-json\/wp\/v2\/product_tag?post=11327"}],"curies":[{"name":"wp","href":"https:\/\/api.w.org\/{rel}","templated":true}]}}