{"id":11292,"date":"2025-11-07T14:30:08","date_gmt":"2025-11-07T13:30:08","guid":{"rendered":"https:\/\/www.ernstbrunn-apotheke.at\/katalog\/produkt\/vitamarin-kapseln-omega-3-vitamine-a-und-d-90-stk\/"},"modified":"2025-12-08T13:31:07","modified_gmt":"2025-12-08T12:31:07","slug":"vitamarin-kapseln-omega-3-vitamine-a-und-d-90-stk","status":"publish","type":"product","link":"https:\/\/www.ernstbrunn-apotheke.at\/katalog\/produkt\/vitamarin-kapseln-omega-3-vitamine-a-und-d-90-stk\/","title":{"rendered":"Vitamarin Kapseln Omega 3 + Vitamine A und D 90 Stk."},"content":{"rendered":"<p>Vitamarin Kapseln Omega 3 + Vitamine A und D harmonisieren vor allem die Meridiane der Leber, Milz, des Dickdarms, und der Harnblase. Vitamarin tr\u00e4gt deutlich zur St\u00e4rkung des Immunsystems bei und wird bei Allergien und hohen Cholesterinwerten angewendet. Es f\u00f6rdert die richtige Funktion des Gehirns.<\/p>\n","protected":false},"excerpt":{"rendered":"<p>Vitamarin Kapseln Omega 3 + Vitamine A und D harmonisieren vor allem die Meridiane der Leber, Milz, des Dickdarms, und der Harnblase. Vitamarin tr\u00e4gt deutlich zur St\u00e4rkung des Immunsystems bei und wird bei Allergien und hohen Cholesterinwerten angewendet. Es f\u00f6rdert die richtige Funktion des Gehirns.<\/p>\n","protected":false},"featured_media":11294,"template":"","meta":{"_acf_changed":false},"product_brand":[],"product_cat":[799],"product_tag":[],"class_list":{"0":"post-11292","1":"product","2":"type-product","3":"status-publish","4":"has-post-thumbnail","6":"product_cat-v","7":"pa_packungsgroesse-90-stueck","9":"first","10":"instock","11":"shipping-taxable","12":"purchasable","13":"product-type-simple"},"acf":[],"_links":{"self":[{"href":"https:\/\/www.ernstbrunn-apotheke.at\/katalog\/wp-json\/wp\/v2\/product\/11292","targetHints":{"allow":["GET"]}}],"collection":[{"href":"https:\/\/www.ernstbrunn-apotheke.at\/katalog\/wp-json\/wp\/v2\/product"}],"about":[{"href":"https:\/\/www.ernstbrunn-apotheke.at\/katalog\/wp-json\/wp\/v2\/types\/product"}],"wp:featuredmedia":[{"embeddable":true,"href":"https:\/\/www.ernstbrunn-apotheke.at\/katalog\/wp-json\/wp\/v2\/media\/11294"}],"wp:attachment":[{"href":"https:\/\/www.ernstbrunn-apotheke.at\/katalog\/wp-json\/wp\/v2\/media?parent=11292"}],"wp:term":[{"taxonomy":"product_brand","embeddable":true,"href":"https:\/\/www.ernstbrunn-apotheke.at\/katalog\/wp-json\/wp\/v2\/product_brand?post=11292"},{"taxonomy":"product_cat","embeddable":true,"href":"https:\/\/www.ernstbrunn-apotheke.at\/katalog\/wp-json\/wp\/v2\/product_cat?post=11292"},{"taxonomy":"product_tag","embeddable":true,"href":"https:\/\/www.ernstbrunn-apotheke.at\/katalog\/wp-json\/wp\/v2\/product_tag?post=11292"}],"curies":[{"name":"wp","href":"https:\/\/api.w.org\/{rel}","templated":true}]}}