{"id":112892,"date":"2025-11-13T00:29:58","date_gmt":"2025-11-12T23:29:58","guid":{"rendered":"https:\/\/www.ernstbrunn-apotheke.at\/katalog\/produkt\/wellmask003-wellion-ffp2-maske-20stk-pro-packung\/"},"modified":"2025-12-08T22:33:51","modified_gmt":"2025-12-08T21:33:51","slug":"wellmask003-wellion-ffp2-maske-20stk-pro-packung","status":"publish","type":"product","link":"https:\/\/www.ernstbrunn-apotheke.at\/katalog\/produkt\/wellmask003-wellion-ffp2-maske-20stk-pro-packung\/","title":{"rendered":"WELLMASK003 Wellion FFP2 Maske (20Stk pro Packung)"},"content":{"rendered":"<p>Wellion FFP2 Maske<br \/>ZUM SCHUTZ VOR FESTEN UND FL\u00dcSSIGEN AEROSOLEN (EN149:2001+A1:2009)<br \/>Sch\u00fctzen sowohl Tr\u00e4ger\/Tr\u00e4gerin als auch das Umfeld<br \/>\u00a0<\/p>\n<p>FFP bedeutet &#8222;filtering face piece&#8220; (Englisch f\u00fcr partikelfiltrierende Halbmasken). Eine dicht sitzende Wellion FFP2 Maske stellt einen geeigneten Schutz vor infekti\u00f6sen Aerosolen dar. Damit die Filterleistung in vollem Umfang gew\u00e4hrleistet ist, muss die FPP2-Maske zur Gesichtsgr\u00f6\u00dfe passen und richtig angelegt werden (\u00fcber Mund und Nase, Nasenclip an den Nasenr\u00fccken anpassen).<\/p>\n<p>Jede Wellion FFP2 Maske ist einzeln verpackt, und bleibt so bis zur Verwendung hygienisch und sicher.<\/p>\n<p>Wellion FFP2 Masken erf\u00fcllen selbstverst\u00e4ndlich alle Qualit\u00e4tsmerkmale: ausdr\u00fcckliche Bezeichnung als FFP2-Maske, EN-Kennzeichnung &#8222;EN149:2001+A1:2009&#8220;, CE-Zeichen, vierstellige Nummer zur Identifikation des zertifizierenden Testinstituts. Ihre Sicherheit ist unser Anliegen.<\/p>\n<p>Einfache Handhabung<\/p>\n<p>Reinigen Sie Ihre H\u00e4nde mit Wasser und Seife oder mit Desinfektionsmittel.<\/p>\n<p>Ziehen Sie beide Befestigungsb\u00e4nder \u00fcber Ihre Ohren und fixieren Sie so die Maske an Ihrem Gesicht.<\/p>\n<p>Platzieren Sie den Aluminium-Nasenb\u00fcgel auf Ihrem Nasenr\u00fccken. Passen Sie den Aluminium-Nasenb\u00fcgel mit leichtem Druck an Ihren Nasenr\u00fccken an.<\/p>\n<p>Nase und Mund m\u00fcssen vollst\u00e4ndig und l\u00fcckenlos bedeckt sein.<\/p>\n<p>\u00a0Ber\u00fchren Sie nicht die Maske w\u00e4hrend Sie sie tragen.<\/p>\n<p>Anwendung:<\/p>\n<p>Zum Schutz vor festen und fl\u00fcssigen Aerosolen (EN149:2001+A1:2009).<\/p>\n<p>Nicht wiederverwenden.<\/p>\n<p>Dieses Produkt gilt als Pers\u00f6nliche Schutz-Ausr\u00fcstung (PSA).<\/p>\n<p>\u00a0<\/p>\n<p>Hauptkomponenten: Meltblown-Vliesstoff, Aluminium-Nasenb\u00fcgel<\/p>\n<p>\u00a0<\/p>\n<p>Vorsichtma\u00dfnamen f\u00fcr die Anwendung:<\/p>\n<p>Diese Maske kann zum Schutz der Atemwege vor bestimmten nicht \u00f6ligen Partikeln (z.B. Staub, Pollen, nicht fl\u00fcchtiger Smog und andere Luftschadstoffe) verwendet werden.<\/p>\n<p>Dieses Produkt kann nicht in hypoxischen Umgebung angewendet werden.<\/p>\n<p>Dieses Produkt kann nicht zur Schutzfilterung toxischer Gase und D\u00e4mpfe verwendet werden.<\/p>\n<p>Masken, die kontaminiert, besch\u00e4digt, abgelaufen etc. sind, m\u00fcssen durch neue ersetzt werden.<\/p>\n<p>Innerhalb von 3 Jahren ab Produktionsdatum verwenden.<\/p>\n","protected":false},"excerpt":{"rendered":"<p>Wellion FFP2 MaskeZUM SCHUTZ VOR FESTEN UND FL\u00dcSSIGEN AEROSOLEN (EN149:2001+A1:2009)Sch\u00fctzen sowohl Tr\u00e4ger\/Tr\u00e4gerin als auch das Umfeld\u00a0 FFP bedeutet &#8222;filtering face piece&#8220; (Englisch f\u00fcr partikelfiltrierende Halbmasken). Eine dicht sitzende Wellion FFP2 Maske stellt einen geeigneten Schutz vor infekti\u00f6sen Aerosolen dar. Damit die Filterleistung in vollem Umfang gew\u00e4hrleistet ist, muss die FPP2-Maske zur Gesichtsgr\u00f6\u00dfe passen und richtig [&hellip;]<\/p>\n","protected":false},"featured_media":112894,"template":"","meta":{"_acf_changed":false},"product_brand":[437],"product_cat":[796],"product_tag":[],"class_list":{"0":"post-112892","1":"product","2":"type-product","3":"status-publish","4":"has-post-thumbnail","6":"product_brand-wellion","7":"product_cat-w","8":"pa_packungsgroesse-1-stueck","10":"first","11":"instock","12":"shipping-taxable","13":"purchasable","14":"product-type-simple"},"acf":[],"_links":{"self":[{"href":"https:\/\/www.ernstbrunn-apotheke.at\/katalog\/wp-json\/wp\/v2\/product\/112892","targetHints":{"allow":["GET"]}}],"collection":[{"href":"https:\/\/www.ernstbrunn-apotheke.at\/katalog\/wp-json\/wp\/v2\/product"}],"about":[{"href":"https:\/\/www.ernstbrunn-apotheke.at\/katalog\/wp-json\/wp\/v2\/types\/product"}],"wp:featuredmedia":[{"embeddable":true,"href":"https:\/\/www.ernstbrunn-apotheke.at\/katalog\/wp-json\/wp\/v2\/media\/112894"}],"wp:attachment":[{"href":"https:\/\/www.ernstbrunn-apotheke.at\/katalog\/wp-json\/wp\/v2\/media?parent=112892"}],"wp:term":[{"taxonomy":"product_brand","embeddable":true,"href":"https:\/\/www.ernstbrunn-apotheke.at\/katalog\/wp-json\/wp\/v2\/product_brand?post=112892"},{"taxonomy":"product_cat","embeddable":true,"href":"https:\/\/www.ernstbrunn-apotheke.at\/katalog\/wp-json\/wp\/v2\/product_cat?post=112892"},{"taxonomy":"product_tag","embeddable":true,"href":"https:\/\/www.ernstbrunn-apotheke.at\/katalog\/wp-json\/wp\/v2\/product_tag?post=112892"}],"curies":[{"name":"wp","href":"https:\/\/api.w.org\/{rel}","templated":true}]}}