{"id":112479,"date":"2025-11-12T20:17:00","date_gmt":"2025-11-12T19:17:00","guid":{"rendered":"https:\/\/www.ernstbrunn-apotheke.at\/katalog\/produkt\/haedensa-pflegesalbe-2\/"},"modified":"2025-12-08T22:28:37","modified_gmt":"2025-12-08T21:28:37","slug":"haedensa-pflegesalbe-2","status":"publish","type":"product","link":"https:\/\/www.ernstbrunn-apotheke.at\/katalog\/produkt\/haedensa-pflegesalbe-2\/","title":{"rendered":"H\u00e4densa Pflegesalbe"},"content":{"rendered":"<p>Die k\u00fchlende H\u00e4densa Pflegesalbe 20g lindert Juckreiz, sie pflegt und beruhigt die empfindliche Haut der Analregion. F\u00fcr die optimale Applikation ist in einer praktische Kunststofftube, die mit einem Rundkopf ausgestattet ist \u2013 jetzt bei Ihrer Servus!Apotheke bestellen!<\/p>\n","protected":false},"excerpt":{"rendered":"<p>Die k\u00fchlende H\u00e4densa Pflegesalbe 20g lindert Juckreiz, sie pflegt und beruhigt die empfindliche Haut der Analregion. F\u00fcr die optimale Applikation ist in einer praktische Kunststofftube, die mit einem Rundkopf ausgestattet ist \u2013 jetzt bei Ihrer Servus!Apotheke bestellen!<\/p>\n","protected":false},"featured_media":112481,"template":"","meta":{"_acf_changed":false},"product_brand":[481],"product_cat":[805],"product_tag":[],"class_list":{"0":"post-112479","1":"product","2":"type-product","3":"status-publish","4":"has-post-thumbnail","6":"product_brand-haedensa","7":"product_cat-h","8":"pa_packungsgroesse-50g","10":"first","11":"instock","12":"shipping-taxable","13":"purchasable","14":"product-type-simple"},"acf":[],"_links":{"self":[{"href":"https:\/\/www.ernstbrunn-apotheke.at\/katalog\/wp-json\/wp\/v2\/product\/112479","targetHints":{"allow":["GET"]}}],"collection":[{"href":"https:\/\/www.ernstbrunn-apotheke.at\/katalog\/wp-json\/wp\/v2\/product"}],"about":[{"href":"https:\/\/www.ernstbrunn-apotheke.at\/katalog\/wp-json\/wp\/v2\/types\/product"}],"wp:featuredmedia":[{"embeddable":true,"href":"https:\/\/www.ernstbrunn-apotheke.at\/katalog\/wp-json\/wp\/v2\/media\/112481"}],"wp:attachment":[{"href":"https:\/\/www.ernstbrunn-apotheke.at\/katalog\/wp-json\/wp\/v2\/media?parent=112479"}],"wp:term":[{"taxonomy":"product_brand","embeddable":true,"href":"https:\/\/www.ernstbrunn-apotheke.at\/katalog\/wp-json\/wp\/v2\/product_brand?post=112479"},{"taxonomy":"product_cat","embeddable":true,"href":"https:\/\/www.ernstbrunn-apotheke.at\/katalog\/wp-json\/wp\/v2\/product_cat?post=112479"},{"taxonomy":"product_tag","embeddable":true,"href":"https:\/\/www.ernstbrunn-apotheke.at\/katalog\/wp-json\/wp\/v2\/product_tag?post=112479"}],"curies":[{"name":"wp","href":"https:\/\/api.w.org\/{rel}","templated":true}]}}