{"id":112281,"date":"2025-11-12T20:13:43","date_gmt":"2025-11-12T19:13:43","guid":{"rendered":"https:\/\/www.ernstbrunn-apotheke.at\/katalog\/produkt\/berocca-performance-filmtabletten\/"},"modified":"2025-12-08T22:26:58","modified_gmt":"2025-12-08T21:26:58","slug":"berocca-performance-filmtabletten","status":"publish","type":"product","link":"https:\/\/www.ernstbrunn-apotheke.at\/katalog\/produkt\/berocca-performance-filmtabletten\/","title":{"rendered":"Berocca Performance Filmtabletten"},"content":{"rendered":"<p>Hektische Lebenssituationen und zunehmender Leistungsdruck stellen hohe Anforderungen an viele \u00d6sterreicher. Bei erh\u00f6hter Belastung verbraucht unser K\u00f6rper dabei zunehmend Vitamine und Mineralstoffe. Die Folge von Stresssituationen k\u00f6nnen M\u00fcdigkeit, Konzentrationsschw\u00e4che und geringe Belastbarkeit sein.&#13;<br \/>\n&#13;<br \/>\n&#13;<br \/>\n&#13;<br \/>\n&#13;<br \/>\nDie in Berocca enthaltene Kombination aus hochdosierten B-Vitaminen, Vitamin C und Mineralstoffen unterst\u00fctzt die Leistungs- und Konzentrationsf\u00e4higkeit und hilft, auch in stressigen Phasen nicht \u201cdie Nerven zu verlieren\u201d. Berocca wird eingesetzt um den Energiestoffwechsel zu unterst\u00fctzen und tr\u00e4gt auch zur Verringerung von M\u00fcdigkeit und Erm\u00fcdung bei.&#13;<br \/>\n&#13;<br \/>\nBerocca Performance ist sowohl aus Brause- als auch als Filmtablette erh\u00e4ltlich. Die Brausetabletten \u00fcberzeugen durch einen fruchtigen Orangengeschmack. F\u00fcr die t\u00e4gliche Einnahme geeignet.<\/p>\n","protected":false},"excerpt":{"rendered":"<p>Hektische Lebenssituationen und zunehmender Leistungsdruck stellen hohe Anforderungen an viele \u00d6sterreicher. Bei erh\u00f6hter Belastung verbraucht unser K\u00f6rper dabei zunehmend Vitamine und Mineralstoffe. Die Folge von Stresssituationen k\u00f6nnen M\u00fcdigkeit, Konzentrationsschw\u00e4che und geringe Belastbarkeit sein.&#13; &#13; &#13; &#13; &#13; Die in Berocca enthaltene Kombination aus hochdosierten B-Vitaminen, Vitamin C und Mineralstoffen unterst\u00fctzt die Leistungs- und Konzentrationsf\u00e4higkeit und [&hellip;]<\/p>\n","protected":false},"featured_media":112283,"template":"","meta":{"_acf_changed":false},"product_brand":[1430],"product_cat":[802],"product_tag":[],"class_list":{"0":"post-112281","1":"product","2":"type-product","3":"status-publish","4":"has-post-thumbnail","6":"product_brand-berocca","7":"product_cat-b","8":"pa_packungsgroesse-30-stueck","10":"first","11":"instock","12":"shipping-taxable","13":"purchasable","14":"product-type-simple"},"acf":[],"_links":{"self":[{"href":"https:\/\/www.ernstbrunn-apotheke.at\/katalog\/wp-json\/wp\/v2\/product\/112281","targetHints":{"allow":["GET"]}}],"collection":[{"href":"https:\/\/www.ernstbrunn-apotheke.at\/katalog\/wp-json\/wp\/v2\/product"}],"about":[{"href":"https:\/\/www.ernstbrunn-apotheke.at\/katalog\/wp-json\/wp\/v2\/types\/product"}],"wp:featuredmedia":[{"embeddable":true,"href":"https:\/\/www.ernstbrunn-apotheke.at\/katalog\/wp-json\/wp\/v2\/media\/112283"}],"wp:attachment":[{"href":"https:\/\/www.ernstbrunn-apotheke.at\/katalog\/wp-json\/wp\/v2\/media?parent=112281"}],"wp:term":[{"taxonomy":"product_brand","embeddable":true,"href":"https:\/\/www.ernstbrunn-apotheke.at\/katalog\/wp-json\/wp\/v2\/product_brand?post=112281"},{"taxonomy":"product_cat","embeddable":true,"href":"https:\/\/www.ernstbrunn-apotheke.at\/katalog\/wp-json\/wp\/v2\/product_cat?post=112281"},{"taxonomy":"product_tag","embeddable":true,"href":"https:\/\/www.ernstbrunn-apotheke.at\/katalog\/wp-json\/wp\/v2\/product_tag?post=112281"}],"curies":[{"name":"wp","href":"https:\/\/api.w.org\/{rel}","templated":true}]}}