{"id":112272,"date":"2025-11-12T20:13:32","date_gmt":"2025-11-12T19:13:32","guid":{"rendered":"https:\/\/www.ernstbrunn-apotheke.at\/katalog\/produkt\/3m-9320d-aura-einweg-partikel-atemschutzmaske-ffp2-ohne-ventil-5-stueck-karton-6-kartons-ve\/"},"modified":"2025-12-08T22:26:53","modified_gmt":"2025-12-08T21:26:53","slug":"3m-9320d-aura-einweg-partikel-atemschutzmaske-ffp2-ohne-ventil-5-stueck-karton-6-kartons-ve","status":"publish","type":"product","link":"https:\/\/www.ernstbrunn-apotheke.at\/katalog\/produkt\/3m-9320d-aura-einweg-partikel-atemschutzmaske-ffp2-ohne-ventil-5-stueck-karton-6-kartons-ve\/","title":{"rendered":"3M\u2122 9320D+ Aura\u2122 Einweg-Partikel-Atemschutzmaske, FFP2, ohne Ventil, 5 St\u00fcck\/Karton, 6 Kartons\/VE"},"content":{"rendered":"<p><span>Setzen Sie die 3M\u2122 Aura\u2122 Atemschutzmaske f\u00fcr Hand- und Maschinenschleifen\u00a09320D+ als Atemschutz beim Bohren und S\u00e4gen sowie beim Schleifen von Hand oder mit dem Exzenterschleifer ein. Unsere Atemschutzmaske bietet FFP2-Schutz vor mittleren Belastungen durch Feinstaub sowie vor \u00f6l- oder wasserbasierten D\u00e4mpfen, wie sie typischerweise bei Arbeiten mit Zement, Holz und Stahl auftreten. Durch unser 3-teiliges Aura\u2122 Design ist sie so konzipiert, dass sie freiere Bewegungen des Gesichts beim Sprechen erm\u00f6glicht. Das leistungsstarke Filtermaterial erm\u00f6glicht Ihnen ein unbeschwerteres Atmen. Der anpassbare Nasenb\u00fcgel, das gebogene schlanke Design und die spezielle Gestaltung der Nasenregion sorgen nicht nur f\u00fcr eine sichere Abdichtung und einen guten Sitz, sondern auch f\u00fcr ein gutes Sichtfeld sowie eine verbesserte Kompatibilit\u00e4t mit Augenschutzprodukten von 3M. Das gepr\u00e4gte Oberteil minimiert Brillenbeschlag und gew\u00e4hrleistet eine bessere Sicht.<\/span><\/p>\n<ul>\n<li><span>3-teiliges Aura\u2122 Design erm\u00f6glicht freiere Gesichtsbewegungen<\/span><\/li>\n<li><span>Hochleistungsfiltermaterial mit besserer Atmungsaktivit\u00e4t erm\u00f6glicht ein leichtes Atmen<\/span><\/li>\n<li><span>Die spezielle Gestaltung der Nasenregion verbessert die Kompatibilit\u00e4t mit Augenschutzprodukten von 3M, w\u00e4hrend das gepr\u00e4gte Oberteil Brillenbeschlag reduziert und so f\u00fcr eine bessere Sicht sorgt<\/span><\/li>\n<li><span>Anpassbarer Nasenb\u00fcgel gew\u00e4hrleistet die Abdichtung entlang der Nase und Wangen<\/span><\/li>\n<li><span>FFP2 (Filtering Face Piece \u2013 Class 2, Atemschutzmaske der Klasse 2) bietet Schutz vor mittleren Belastungen durch Feinstaub sowie vor \u00f6l- oder wasserbasierten D\u00e4mpfen, wie sie typischerweise beim Maschinenschleifen, Schleifen, Bohren und Trennen von Lacken, Zement, Holz und Stahl auftreten<\/span><\/li>\n<li><span>Die Farbkodierung der Kopfb\u00e4nder gibt Aufschluss \u00fcber die Leistungsklassifizierung der Atemschutzmaske \u2013 Blau: FFP2 gem\u00e4\u00df EN 149:2001+A1:2011<\/span><\/li>\n<li><span>Entspricht den europ\u00e4ischen Normen \u2013 CE-Kennzeichnung 2797 (EN 149:2001+A1:2009 FFP2 NR D)<\/span><\/li>\n<li><span>Dieses Produkt sch\u00fctzt vor bestimmten Partikeln in Konzentrationen von bis zum 10-fachen des Arbeitsplatz-Expositionsgrenzwerts (AGW)<\/span><\/li>\n<li><span>Packungsinhalt: 5<\/span><\/li>\n<li><span>Der Nutzer muss geschult sein und vor Verwendung alle Gebrauchsanleitungen gelesen haben. Eine falsche Anwendung kann Verletzungen sowie schwere oder gar lebensgef\u00e4hrliche Erkrankungen zur Folge haben<\/span><\/li>\n<li><span>Nicht bei Arbeiten mit Hartholz oder bleihaltigen Farben verwenden<\/span><\/li>\n<li><span>Kompatibel mit Augen- und Geh\u00f6rschutz von 3M<\/span><\/li>\n<\/ul>\n<p><\/p>\n","protected":false},"excerpt":{"rendered":"<p>Setzen Sie die 3M\u2122 Aura\u2122 Atemschutzmaske f\u00fcr Hand- und Maschinenschleifen\u00a09320D+ als Atemschutz beim Bohren und S\u00e4gen sowie beim Schleifen von Hand oder mit dem Exzenterschleifer ein. Unsere Atemschutzmaske bietet FFP2-Schutz vor mittleren Belastungen durch Feinstaub sowie vor \u00f6l- oder wasserbasierten D\u00e4mpfen, wie sie typischerweise bei Arbeiten mit Zement, Holz und Stahl auftreten. Durch unser 3-teiliges [&hellip;]<\/p>\n","protected":false},"featured_media":112274,"template":"","meta":{"_acf_changed":false},"product_brand":[],"product_cat":[982],"product_tag":[],"class_list":{"0":"post-112272","1":"product","2":"type-product","3":"status-publish","4":"has-post-thumbnail","6":"product_cat-982","7":"pa_packungsgroesse-5-stueck","9":"first","10":"instock","11":"shipping-taxable","12":"purchasable","13":"product-type-simple"},"acf":[],"_links":{"self":[{"href":"https:\/\/www.ernstbrunn-apotheke.at\/katalog\/wp-json\/wp\/v2\/product\/112272","targetHints":{"allow":["GET"]}}],"collection":[{"href":"https:\/\/www.ernstbrunn-apotheke.at\/katalog\/wp-json\/wp\/v2\/product"}],"about":[{"href":"https:\/\/www.ernstbrunn-apotheke.at\/katalog\/wp-json\/wp\/v2\/types\/product"}],"wp:featuredmedia":[{"embeddable":true,"href":"https:\/\/www.ernstbrunn-apotheke.at\/katalog\/wp-json\/wp\/v2\/media\/112274"}],"wp:attachment":[{"href":"https:\/\/www.ernstbrunn-apotheke.at\/katalog\/wp-json\/wp\/v2\/media?parent=112272"}],"wp:term":[{"taxonomy":"product_brand","embeddable":true,"href":"https:\/\/www.ernstbrunn-apotheke.at\/katalog\/wp-json\/wp\/v2\/product_brand?post=112272"},{"taxonomy":"product_cat","embeddable":true,"href":"https:\/\/www.ernstbrunn-apotheke.at\/katalog\/wp-json\/wp\/v2\/product_cat?post=112272"},{"taxonomy":"product_tag","embeddable":true,"href":"https:\/\/www.ernstbrunn-apotheke.at\/katalog\/wp-json\/wp\/v2\/product_tag?post=112272"}],"curies":[{"name":"wp","href":"https:\/\/api.w.org\/{rel}","templated":true}]}}