{"id":112242,"date":"2025-11-12T20:12:47","date_gmt":"2025-11-12T19:12:47","guid":{"rendered":"https:\/\/www.ernstbrunn-apotheke.at\/katalog\/produkt\/hallo-ich-bin-manneskraft-all-in-one-kapseln-90-stk\/"},"modified":"2025-12-08T22:26:32","modified_gmt":"2025-12-08T21:26:32","slug":"hallo-ich-bin-manneskraft-all-in-one-kapseln-90-stk","status":"publish","type":"product","link":"https:\/\/www.ernstbrunn-apotheke.at\/katalog\/produkt\/hallo-ich-bin-manneskraft-all-in-one-kapseln-90-stk\/","title":{"rendered":"Hallo, ich bin Manneskraft All In One Kapseln 90 Stk."},"content":{"rendered":"<p style=\"text-align: justify;\">Das Nahrungserg\u00e4nzungsmittel f\u00fcr M\u00e4nner mit Mineralien, Vitaminen und aktiven Pflanzextrakten. Enth\u00e4lt aktive Anteile aus Tribulus, Maca, L-Arginin, Bockhornklee und K\u00fcrbiskernen, plus Vitamine und Mineralien, um die m\u00e4nnlichen K\u00f6rperfunktionen zu stimulieren.<\/p>\n<p>&#13;<\/p>\n<p style=\"text-align: justify;\">Die Kapseln sind so konzipiert, dass sie dich dabei unterst\u00fctzen, ein aktives Leben zu f\u00fchren, mit Kraft und Power durch den Tag zu kommen.<\/p>\n<p>&#13;<\/p>\n<p style=\"text-align: justify;\">Zus\u00e4tzlich wurde die Anregung des Hormonhaushaltes und der Potenz, sowie die Regeneration nach verschiedenen Formen der Anstrengung ber\u00fccksichtigt. Ein Allrounder f\u00fcr das Wohlbefinden des modernen Mannes.<\/p>\n","protected":false},"excerpt":{"rendered":"<p>Das Nahrungserg\u00e4nzungsmittel f\u00fcr M\u00e4nner mit Mineralien, Vitaminen und aktiven Pflanzextrakten. Enth\u00e4lt aktive Anteile aus Tribulus, Maca, L-Arginin, Bockhornklee und K\u00fcrbiskernen, plus Vitamine und Mineralien, um die m\u00e4nnlichen K\u00f6rperfunktionen zu stimulieren. &#13; Die Kapseln sind so konzipiert, dass sie dich dabei unterst\u00fctzen, ein aktives Leben zu f\u00fchren, mit Kraft und Power durch den Tag zu kommen. [&hellip;]<\/p>\n","protected":false},"featured_media":0,"template":"","meta":{"_acf_changed":false},"product_brand":[1068],"product_cat":[805],"product_tag":[],"class_list":{"0":"post-112242","1":"product","2":"type-product","3":"status-publish","5":"product_brand-hallo-ich-bin","6":"product_cat-h","7":"pa_packungsgroesse-90-stueck","9":"first","10":"instock","11":"shipping-taxable","12":"purchasable","13":"product-type-simple"},"acf":[],"_links":{"self":[{"href":"https:\/\/www.ernstbrunn-apotheke.at\/katalog\/wp-json\/wp\/v2\/product\/112242","targetHints":{"allow":["GET"]}}],"collection":[{"href":"https:\/\/www.ernstbrunn-apotheke.at\/katalog\/wp-json\/wp\/v2\/product"}],"about":[{"href":"https:\/\/www.ernstbrunn-apotheke.at\/katalog\/wp-json\/wp\/v2\/types\/product"}],"wp:attachment":[{"href":"https:\/\/www.ernstbrunn-apotheke.at\/katalog\/wp-json\/wp\/v2\/media?parent=112242"}],"wp:term":[{"taxonomy":"product_brand","embeddable":true,"href":"https:\/\/www.ernstbrunn-apotheke.at\/katalog\/wp-json\/wp\/v2\/product_brand?post=112242"},{"taxonomy":"product_cat","embeddable":true,"href":"https:\/\/www.ernstbrunn-apotheke.at\/katalog\/wp-json\/wp\/v2\/product_cat?post=112242"},{"taxonomy":"product_tag","embeddable":true,"href":"https:\/\/www.ernstbrunn-apotheke.at\/katalog\/wp-json\/wp\/v2\/product_tag?post=112242"}],"curies":[{"name":"wp","href":"https:\/\/api.w.org\/{rel}","templated":true}]}}