{"id":112194,"date":"2025-11-12T20:11:48","date_gmt":"2025-11-12T19:11:48","guid":{"rendered":"https:\/\/www.ernstbrunn-apotheke.at\/katalog\/produkt\/naildoc-foot-fusspilz-spray\/"},"modified":"2025-12-08T22:26:10","modified_gmt":"2025-12-08T21:26:10","slug":"naildoc-foot-fusspilz-spray","status":"publish","type":"product","link":"https:\/\/www.ernstbrunn-apotheke.at\/katalog\/produkt\/naildoc-foot-fusspilz-spray\/","title":{"rendered":"naildoc\u00ae +FOOT Fu\u00dfpilz- Spray"},"content":{"rendered":"<p> <b>Fu\u00dfpilz Behandlungs-Spray<\/b><\/p>\n<\/p>\n<ul>\n<li><span>Behandelt und sch\u00fctzt<\/span><\/li>\n<li><span>Stoppt sofort Juckreiz und unangenehme Ger\u00fcche<\/span><\/li>\n<li><span>Beugt einer Infektion vor<\/span><\/li>\n<li><span>klinisch gepr\u00fcft<\/span><\/li>\n<li><span>sofortige Linderung<\/span><\/li>\n<li><span>mit nat\u00fcrlichen und naturidenten Inhaltsstoffen<\/span><\/li>\n<\/ul>\n<p><span>naildoc\u00ae +FOOT Fu\u00dfpilz- Spray dient zur Behandlung und Vorbeugung von Fu\u00dfpilz. Fu\u00dfpilz geht h\u00e4ufig mit einem juckenden roten Ausschlag zwischen den Zehen und an den Fu\u00dfsohlen einher.<\/span><\/p>\n<p><span><span>Wirkweise: <\/span>naildoc\u00ae +FOOT Fu\u00dfpilz-Spray ist ein Medizinprodukt mit nat\u00fcrlichen und naturidenten Inhaltsstoffen, das zur Behandlung von Fu\u00dfpilz beitr\u00e4gt. naildoc\u00ae +FOOT Fu\u00dfpilz-Spray bildet eine Schutzschicht auf der Fu\u00dfhaut. Die Kombination der Inhaltsstoffe dringt in die obere Hautschicht und Hornhaut ein und erzeugt Bedingungen, die das Wachstum von Fu\u00dfpilz hemmen. Das enthaltene Natilact\u00ae ist ein nat\u00fcrlicher Ester, der die Haut sch\u00fctzt und befeuchtet. Der Spray haftet gut auf der Haut, sodass die aktiven Inhaltsstoffe fixiert werden und l\u00e4nger an der richtigen Stelle wirken k\u00f6nnen.<\/span><\/p>\n<p><span><br \/><\/span><\/p>\n<\/p>\n<p> <b>Dosierung und Anwendung f\u00fcr Erwachsene: <\/b>Beide F\u00fc\u00dfe trocknen und den Spray zweimal t\u00e4glich (morgens und abends) d\u00fcnn auf beide F\u00fc\u00dfe auftragen. Tragen Sie den Spray unter und zwischen den Zehen sowie auf die Fu\u00dfsohlen und seitlich auf die F\u00fc\u00dfe auf. Lassen Sie den Spray 1 bis 2 Minuten trocknen, damit er eine Schutzschicht bilden kann.<\/p>\n<p><\/p>\n<\/p>\n<p><span><b>Inhaltsstoffe:\u00a0<\/b><\/span>Alcohol Denat., Aqua, Glycerin, Urea, Natilact\u00ae, Phenoxyethanol, Camphor, Menthol, 4-Terpineol, Lactic Acid, Ethylhexylglycerin.<\/p>\n<p><\/p>\n<p><span><b>Wichtige Hinweise:\u00a0<\/b><\/span><\/p>\n<p><b>Aufbewahrung: <\/b>Bei Zimmertemperatur (5-25\u00baC) an einem trockenen und dunklen Ort aufbewahren.<\/p>\n<p>Au\u00dferhalb der Reichweite von Kindern aufbewahren.<\/p>\n<p><span>Bitte beachten Sie die Gebrauchsinformation.<\/span><\/p>\n<p> <\/p>\n<p><b>Inhalt:<\/b> 25 ml\u00a0<\/p>\n<\/p>\n<p><a href=\"https:\/\/www.doclabor.com\/\" tabindex=\"-1\">www.doclabor.com<\/a><\/p>\n<div><\/div>\n<p><\/p>\n","protected":false},"excerpt":{"rendered":"<p>Fu\u00dfpilz Behandlungs-Spray Behandelt und sch\u00fctzt Stoppt sofort Juckreiz und unangenehme Ger\u00fcche Beugt einer Infektion vor klinisch gepr\u00fcft sofortige Linderung mit nat\u00fcrlichen und naturidenten Inhaltsstoffen naildoc\u00ae +FOOT Fu\u00dfpilz- Spray dient zur Behandlung und Vorbeugung von Fu\u00dfpilz. Fu\u00dfpilz geht h\u00e4ufig mit einem juckenden roten Ausschlag zwischen den Zehen und an den Fu\u00dfsohlen einher. Wirkweise: naildoc\u00ae +FOOT Fu\u00dfpilz-Spray [&hellip;]<\/p>\n","protected":false},"featured_media":112196,"template":"","meta":{"_acf_changed":false},"product_brand":[],"product_cat":[797],"product_tag":[],"class_list":{"0":"post-112194","1":"product","2":"type-product","3":"status-publish","4":"has-post-thumbnail","6":"product_cat-n","7":"pa_packungsgroesse-25ml","9":"first","10":"instock","11":"shipping-taxable","12":"purchasable","13":"product-type-simple"},"acf":[],"_links":{"self":[{"href":"https:\/\/www.ernstbrunn-apotheke.at\/katalog\/wp-json\/wp\/v2\/product\/112194","targetHints":{"allow":["GET"]}}],"collection":[{"href":"https:\/\/www.ernstbrunn-apotheke.at\/katalog\/wp-json\/wp\/v2\/product"}],"about":[{"href":"https:\/\/www.ernstbrunn-apotheke.at\/katalog\/wp-json\/wp\/v2\/types\/product"}],"wp:featuredmedia":[{"embeddable":true,"href":"https:\/\/www.ernstbrunn-apotheke.at\/katalog\/wp-json\/wp\/v2\/media\/112196"}],"wp:attachment":[{"href":"https:\/\/www.ernstbrunn-apotheke.at\/katalog\/wp-json\/wp\/v2\/media?parent=112194"}],"wp:term":[{"taxonomy":"product_brand","embeddable":true,"href":"https:\/\/www.ernstbrunn-apotheke.at\/katalog\/wp-json\/wp\/v2\/product_brand?post=112194"},{"taxonomy":"product_cat","embeddable":true,"href":"https:\/\/www.ernstbrunn-apotheke.at\/katalog\/wp-json\/wp\/v2\/product_cat?post=112194"},{"taxonomy":"product_tag","embeddable":true,"href":"https:\/\/www.ernstbrunn-apotheke.at\/katalog\/wp-json\/wp\/v2\/product_tag?post=112194"}],"curies":[{"name":"wp","href":"https:\/\/api.w.org\/{rel}","templated":true}]}}