{"id":11217,"date":"2025-11-07T14:28:55","date_gmt":"2025-11-07T13:28:55","guid":{"rendered":"https:\/\/www.ernstbrunn-apotheke.at\/katalog\/produkt\/lachsoel-500mg-kapseln\/"},"modified":"2025-12-08T13:30:58","modified_gmt":"2025-12-08T12:30:58","slug":"lachsoel-500mg-kapseln","status":"publish","type":"product","link":"https:\/\/www.ernstbrunn-apotheke.at\/katalog\/produkt\/lachsoel-500mg-kapseln\/","title":{"rendered":"Lachs\u00f6l 500mg Kapseln"},"content":{"rendered":"<p>Gall Pharma Lachs\u00f6l 500 mg Kapseln 120 Stk. leisten einen wertvollen Beitrag zur herzgesunden Ern\u00e4hrung. Vitamin E unterst\u00fctzt mit seiner antioxidativen Wirkung den Abbau freier Radikale und hilft so, Gef\u00e4\u00dfe und Zellen gesund zu erhalten. Mit der Nahrung nehmen wir oft ein unausgewogenes Verh\u00e4ltnis von ges\u00e4ttigten und unges\u00e4ttigten Fetten auf. Ein ausgewogenes Verh\u00e4ltnis von ges\u00e4ttigten und unges\u00e4ttigten Fetts\u00e4uren ist f\u00fcr die Herz-Kreislauf-Gesundheit von Bedeutung.<\/p>\n","protected":false},"excerpt":{"rendered":"<p>Gall Pharma Lachs\u00f6l 500 mg Kapseln 120 Stk. leisten einen wertvollen Beitrag zur herzgesunden Ern\u00e4hrung. Vitamin E unterst\u00fctzt mit seiner antioxidativen Wirkung den Abbau freier Radikale und hilft so, Gef\u00e4\u00dfe und Zellen gesund zu erhalten. Mit der Nahrung nehmen wir oft ein unausgewogenes Verh\u00e4ltnis von ges\u00e4ttigten und unges\u00e4ttigten Fetten auf. Ein ausgewogenes Verh\u00e4ltnis von ges\u00e4ttigten [&hellip;]<\/p>\n","protected":false},"featured_media":11219,"template":"","meta":{"_acf_changed":false},"product_brand":[371],"product_cat":[795],"product_tag":[],"class_list":{"0":"post-11217","1":"product","2":"type-product","3":"status-publish","4":"has-post-thumbnail","6":"product_brand-gall-pharma","7":"product_cat-l","8":"pa_packungsgroesse-120-stueck","9":"pa_packungsgroesse-60-stueck","11":"first","12":"instock","13":"shipping-taxable","14":"purchasable","15":"product-type-simple"},"acf":[],"_links":{"self":[{"href":"https:\/\/www.ernstbrunn-apotheke.at\/katalog\/wp-json\/wp\/v2\/product\/11217","targetHints":{"allow":["GET"]}}],"collection":[{"href":"https:\/\/www.ernstbrunn-apotheke.at\/katalog\/wp-json\/wp\/v2\/product"}],"about":[{"href":"https:\/\/www.ernstbrunn-apotheke.at\/katalog\/wp-json\/wp\/v2\/types\/product"}],"wp:featuredmedia":[{"embeddable":true,"href":"https:\/\/www.ernstbrunn-apotheke.at\/katalog\/wp-json\/wp\/v2\/media\/11219"}],"wp:attachment":[{"href":"https:\/\/www.ernstbrunn-apotheke.at\/katalog\/wp-json\/wp\/v2\/media?parent=11217"}],"wp:term":[{"taxonomy":"product_brand","embeddable":true,"href":"https:\/\/www.ernstbrunn-apotheke.at\/katalog\/wp-json\/wp\/v2\/product_brand?post=11217"},{"taxonomy":"product_cat","embeddable":true,"href":"https:\/\/www.ernstbrunn-apotheke.at\/katalog\/wp-json\/wp\/v2\/product_cat?post=11217"},{"taxonomy":"product_tag","embeddable":true,"href":"https:\/\/www.ernstbrunn-apotheke.at\/katalog\/wp-json\/wp\/v2\/product_tag?post=11217"}],"curies":[{"name":"wp","href":"https:\/\/api.w.org\/{rel}","templated":true}]}}