{"id":112102,"date":"2025-11-12T20:09:51","date_gmt":"2025-11-12T19:09:51","guid":{"rendered":"https:\/\/www.ernstbrunn-apotheke.at\/katalog\/produkt\/bromelain-kapseln-500-mg-hochdosiert-magensaftresistent\/"},"modified":"2025-12-08T22:25:31","modified_gmt":"2025-12-08T21:25:31","slug":"bromelain-kapseln-500-mg-hochdosiert-magensaftresistent","status":"publish","type":"product","link":"https:\/\/www.ernstbrunn-apotheke.at\/katalog\/produkt\/bromelain-kapseln-500-mg-hochdosiert-magensaftresistent\/","title":{"rendered":"Bromelain Kapseln 500 mg hochdosiert magensaftresistent"},"content":{"rendered":"<div>\n<ul>\n<li>100 % nat\u00fcrliches, pflanzliches Bromelain<\/li>\n<li>Hochdosiertes, pflanzliches Enzym aus der Ananas<\/li>\n<li>Hohe Enzymaktivit\u00e4t mit 2400 F.I.P. bzw. 1200 GDU pro Kapsel*<\/li>\n<li>Magensaftresistente Kapseln f\u00fcr optimale Wirkung<\/li>\n<li>Frei von Zusatzstoffen<\/li>\n<li>100 % vegan und laborgepr\u00fcft<\/li>\n<\/ul>\n<\/div>\n<div>Enzyme steuern und regulieren vielf\u00e4ltige Vorg\u00e4nge im menschlichen K\u00f6rper. Diese als Biokatalysatoren bekannten Stoffe haben f\u00fcr die Unterst\u00fctzung der Gesundheit eine gro\u00dfe Bedeutung. Jede Kapsel enth\u00e4lt 500 mg nat\u00fcrliches Bromelain aus Ananas-Extrakt. Es sind keine weiteren Inhaltsstoffe enthalten.<\/div>\n<div><\/div>\n<div>*Der F.I.P. Wert erkl\u00e4rt, wie viel Protein in einer bestimmten Zeit unter bestimmten Bedingungen abgebaut wird und garantiert somit die hohe Qualit\u00e4t der Enzyme.<\/div>\n<div><\/div>\n<div><span>Verzehrempfehlung:<\/span> T\u00e4glich 1 Kapsel unzerkaut 30 Minuten vor dem Essen oder 90 Minuten nach dem Essen mit ausreichend Fl\u00fcssigkeit einnehmen.<\/div>\n<div><\/div>\n<div><span>Hinweis:<\/span> Die angegebene, empfohlene t\u00e4gliche Verzehrmenge darf nicht \u00fcberschritten werden. Nahrungserg\u00e4nzungsmittel sind kein Ersatz f\u00fcr eine ausgewogene und abwechslungsreiche Ern\u00e4hrung und eine gesunde Lebensweise. Gut verschlossen, trocken, k\u00fchl und au\u00dferhalb der Reichweite von Kindern lagern.<\/div>\n<div><\/div>\n<div><span>Zutaten:<\/span> Je Kapsel: 500 mg Bromelain entsprechen 2400 F.I.P. bzw. 1200 GDU Enzymaktivit\u00e4tseinheiten, Hydroxypropylmethylcellulose (magensaftresistente Kapselh\u00fclle \u2013 DRcaps\u00ae)\u00a0<\/div>\n<div><\/div>\n","protected":false},"excerpt":{"rendered":"<p>100 % nat\u00fcrliches, pflanzliches Bromelain Hochdosiertes, pflanzliches Enzym aus der Ananas Hohe Enzymaktivit\u00e4t mit 2400 F.I.P. bzw. 1200 GDU pro Kapsel* Magensaftresistente Kapseln f\u00fcr optimale Wirkung Frei von Zusatzstoffen 100 % vegan und laborgepr\u00fcft Enzyme steuern und regulieren vielf\u00e4ltige Vorg\u00e4nge im menschlichen K\u00f6rper. Diese als Biokatalysatoren bekannten Stoffe haben f\u00fcr die Unterst\u00fctzung der Gesundheit eine [&hellip;]<\/p>\n","protected":false},"featured_media":112104,"template":"","meta":{"_acf_changed":false},"product_brand":[],"product_cat":[802],"product_tag":[],"class_list":{"0":"post-112102","1":"product","2":"type-product","3":"status-publish","4":"has-post-thumbnail","6":"product_cat-b","7":"pa_packungsgroesse-120-stueck","9":"first","10":"instock","11":"shipping-taxable","12":"purchasable","13":"product-type-simple"},"acf":[],"_links":{"self":[{"href":"https:\/\/www.ernstbrunn-apotheke.at\/katalog\/wp-json\/wp\/v2\/product\/112102","targetHints":{"allow":["GET"]}}],"collection":[{"href":"https:\/\/www.ernstbrunn-apotheke.at\/katalog\/wp-json\/wp\/v2\/product"}],"about":[{"href":"https:\/\/www.ernstbrunn-apotheke.at\/katalog\/wp-json\/wp\/v2\/types\/product"}],"wp:featuredmedia":[{"embeddable":true,"href":"https:\/\/www.ernstbrunn-apotheke.at\/katalog\/wp-json\/wp\/v2\/media\/112104"}],"wp:attachment":[{"href":"https:\/\/www.ernstbrunn-apotheke.at\/katalog\/wp-json\/wp\/v2\/media?parent=112102"}],"wp:term":[{"taxonomy":"product_brand","embeddable":true,"href":"https:\/\/www.ernstbrunn-apotheke.at\/katalog\/wp-json\/wp\/v2\/product_brand?post=112102"},{"taxonomy":"product_cat","embeddable":true,"href":"https:\/\/www.ernstbrunn-apotheke.at\/katalog\/wp-json\/wp\/v2\/product_cat?post=112102"},{"taxonomy":"product_tag","embeddable":true,"href":"https:\/\/www.ernstbrunn-apotheke.at\/katalog\/wp-json\/wp\/v2\/product_tag?post=112102"}],"curies":[{"name":"wp","href":"https:\/\/api.w.org\/{rel}","templated":true}]}}