{"id":111822,"date":"2025-11-12T20:03:46","date_gmt":"2025-11-12T19:03:46","guid":{"rendered":"https:\/\/www.ernstbrunn-apotheke.at\/katalog\/produkt\/aquilea-relax-kapseln\/"},"modified":"2025-12-08T22:23:54","modified_gmt":"2025-12-08T21:23:54","slug":"aquilea-relax-kapseln","status":"publish","type":"product","link":"https:\/\/www.ernstbrunn-apotheke.at\/katalog\/produkt\/aquilea-relax-kapseln\/","title":{"rendered":"Aquilea Relax Kapseln"},"content":{"rendered":"<p>Die Formulierung mit nat\u00fcrlichen Pflanzen unterst\u00fctzt<strong>\u00a0innere Ruhe<\/strong> und <strong>Entspannung bei vor\u00fcbergehendem Stress<\/strong>. Eine vor\u00fcbergehende Belastung kann in manchen F\u00e4llen auch \u00fcber einen l\u00e4ngeren Zeitraum andauern und tritt m\u00f6glicherweise <strong>in<\/strong> <strong>Alltagssituationen<\/strong> auf, z. B. bei der Arbeit, in der Familie oder im Zusammenhang mit anderen Pflichten.<\/p>\n<p data-block-key=\"e9v40\">Aquilea Relax unterst\u00fctzt die Entspannung durch die enthaltene Pflanzenkombination mit Baldrian, Passionsblume und Wei\u00dfdorn. Baldrian ist die ideale Pflanze in Belastungssituationen, da sie entspannende Effekte auf das Nervensystem hat.<\/p>\n<p data-block-key=\"1hh2f\">Die Passionsblume ist eine Pflanze, die besonders h\u00e4ufig w\u00e4hrend Belastungsphasen zur Unterst\u00fctzung der mentalen Gesundheit eingesetzt wird. Wei\u00dfdorn ist hilfreich zur Unterst\u00fctzung in stressigen Situationen und zur Beruhigung im hektischen Alltag.<\/p>\n","protected":false},"excerpt":{"rendered":"<p>Die Formulierung mit nat\u00fcrlichen Pflanzen unterst\u00fctzt\u00a0innere Ruhe und Entspannung bei vor\u00fcbergehendem Stress. Eine vor\u00fcbergehende Belastung kann in manchen F\u00e4llen auch \u00fcber einen l\u00e4ngeren Zeitraum andauern und tritt m\u00f6glicherweise in Alltagssituationen auf, z. B. bei der Arbeit, in der Familie oder im Zusammenhang mit anderen Pflichten. Aquilea Relax unterst\u00fctzt die Entspannung durch die enthaltene Pflanzenkombination mit [&hellip;]<\/p>\n","protected":false},"featured_media":111824,"template":"","meta":{"_acf_changed":false},"product_brand":[1424],"product_cat":[801],"product_tag":[],"class_list":{"0":"post-111822","1":"product","2":"type-product","3":"status-publish","4":"has-post-thumbnail","6":"product_brand-aquilea","7":"product_cat-a","8":"pa_packungsgroesse-48-stueck","10":"first","11":"instock","12":"shipping-taxable","13":"purchasable","14":"product-type-simple"},"acf":[],"_links":{"self":[{"href":"https:\/\/www.ernstbrunn-apotheke.at\/katalog\/wp-json\/wp\/v2\/product\/111822","targetHints":{"allow":["GET"]}}],"collection":[{"href":"https:\/\/www.ernstbrunn-apotheke.at\/katalog\/wp-json\/wp\/v2\/product"}],"about":[{"href":"https:\/\/www.ernstbrunn-apotheke.at\/katalog\/wp-json\/wp\/v2\/types\/product"}],"wp:featuredmedia":[{"embeddable":true,"href":"https:\/\/www.ernstbrunn-apotheke.at\/katalog\/wp-json\/wp\/v2\/media\/111824"}],"wp:attachment":[{"href":"https:\/\/www.ernstbrunn-apotheke.at\/katalog\/wp-json\/wp\/v2\/media?parent=111822"}],"wp:term":[{"taxonomy":"product_brand","embeddable":true,"href":"https:\/\/www.ernstbrunn-apotheke.at\/katalog\/wp-json\/wp\/v2\/product_brand?post=111822"},{"taxonomy":"product_cat","embeddable":true,"href":"https:\/\/www.ernstbrunn-apotheke.at\/katalog\/wp-json\/wp\/v2\/product_cat?post=111822"},{"taxonomy":"product_tag","embeddable":true,"href":"https:\/\/www.ernstbrunn-apotheke.at\/katalog\/wp-json\/wp\/v2\/product_tag?post=111822"}],"curies":[{"name":"wp","href":"https:\/\/api.w.org\/{rel}","templated":true}]}}