{"id":111740,"date":"2025-11-12T20:01:09","date_gmt":"2025-11-12T19:01:09","guid":{"rendered":"https:\/\/www.ernstbrunn-apotheke.at\/katalog\/produkt\/quercetin-kapseln-500-mg-hochdosiert\/"},"modified":"2025-12-08T22:23:35","modified_gmt":"2025-12-08T21:23:35","slug":"quercetin-kapseln-500-mg-hochdosiert","status":"publish","type":"product","link":"https:\/\/www.ernstbrunn-apotheke.at\/katalog\/produkt\/quercetin-kapseln-500-mg-hochdosiert\/","title":{"rendered":"Quercetin Kapseln 500 mg hochdosiert"},"content":{"rendered":"<div>\n<ul>\n<li><span>Nahrungserg\u00e4nzungsmittel mit dem Polyphenol Quercetin\u00a0<\/span><\/li>\n<li>Bl\u00fctenextrakt aus dem Japanischen Schnurbaum (Pagodenbaum)<\/li>\n<li>Sekund\u00e4rer Pflanzenstoff zum Schutz vor sch\u00e4dlichen Einfl\u00fcssen\u00a0<\/li>\n<li>Frei von unerw\u00fcnschten Zusatzstoffen<\/li>\n<li>Vegan und tierversuchsfrei<\/li>\n<\/ul>\n<\/div>\n<div>Der sekund\u00e4re Pflanzenstoff Quercetin z\u00e4hlt zu den Flavonoiden (Pflanzenfarbstoffe) und Polyphenolen (bioaktive Substanzen). Diese Flavonoide helfen den Pflanzen, sich vor sch\u00e4dlichen Umwelteinfl\u00fcssen zu sch\u00fctzen. Quercetin ist in verschiedenen pflanzlichen Nahrungsmitteln enthalten, unter anderem in Zwiebeln, \u00c4pfeln, Quitten, gr\u00fcnem Gem\u00fcse, Beeren, Trauben und Kr\u00e4utern. Der menschliche K\u00f6rper kann Flavonoide nicht selbst produzieren.<\/div>\n<div><\/div>\n<div><span>Verzehrempfehlung:<\/span> T\u00e4glich eine Kapsel mit ausreichend Fl\u00fcssigkeit einnehmen.<\/div>\n<div><\/div>\n<div><span>Hinweis:<\/span> Die angegebene, empfohlene t\u00e4gliche Verzehrmenge darf nicht \u00fcberschritten werden. Nahrungserg\u00e4nzungsmittel sind kein Ersatz f\u00fcr eine ausgewogene und abwechslungsreiche Ern\u00e4hrung und eine gesunde Lebensweise. Gut verschlossen, trocken, k\u00fchl und au\u00dferhalb der Reichweite von Kindern lagern.<\/div>\n<div><\/div>\n<div><span>Inhaltsstoffe je Tagesdosis (1 Kapsel):<\/span><\/div>\n<div>Japanischer Schnurbaum Bl\u00fctenextrakt<span> <\/span>526 mg<\/div>\n<div><span> <\/span>&#8211; davon Quercetin (95% Extrakt)<span> <\/span>500 mg<\/div>\n<div>Hydroxypropylmethylcellulose (pflanzliche Kapselh\u00fclle)<\/div>\n","protected":false},"excerpt":{"rendered":"<p>Nahrungserg\u00e4nzungsmittel mit dem Polyphenol Quercetin\u00a0 Bl\u00fctenextrakt aus dem Japanischen Schnurbaum (Pagodenbaum) Sekund\u00e4rer Pflanzenstoff zum Schutz vor sch\u00e4dlichen Einfl\u00fcssen\u00a0 Frei von unerw\u00fcnschten Zusatzstoffen Vegan und tierversuchsfrei Der sekund\u00e4re Pflanzenstoff Quercetin z\u00e4hlt zu den Flavonoiden (Pflanzenfarbstoffe) und Polyphenolen (bioaktive Substanzen). Diese Flavonoide helfen den Pflanzen, sich vor sch\u00e4dlichen Umwelteinfl\u00fcssen zu sch\u00fctzen. Quercetin ist in verschiedenen pflanzlichen Nahrungsmitteln [&hellip;]<\/p>\n","protected":false},"featured_media":111742,"template":"","meta":{"_acf_changed":false},"product_brand":[],"product_cat":[936],"product_tag":[],"class_list":{"0":"post-111740","1":"product","2":"type-product","3":"status-publish","4":"has-post-thumbnail","6":"product_cat-q","7":"pa_packungsgroesse-90-stueck","9":"first","10":"instock","11":"shipping-taxable","12":"purchasable","13":"product-type-simple"},"acf":[],"_links":{"self":[{"href":"https:\/\/www.ernstbrunn-apotheke.at\/katalog\/wp-json\/wp\/v2\/product\/111740","targetHints":{"allow":["GET"]}}],"collection":[{"href":"https:\/\/www.ernstbrunn-apotheke.at\/katalog\/wp-json\/wp\/v2\/product"}],"about":[{"href":"https:\/\/www.ernstbrunn-apotheke.at\/katalog\/wp-json\/wp\/v2\/types\/product"}],"wp:featuredmedia":[{"embeddable":true,"href":"https:\/\/www.ernstbrunn-apotheke.at\/katalog\/wp-json\/wp\/v2\/media\/111742"}],"wp:attachment":[{"href":"https:\/\/www.ernstbrunn-apotheke.at\/katalog\/wp-json\/wp\/v2\/media?parent=111740"}],"wp:term":[{"taxonomy":"product_brand","embeddable":true,"href":"https:\/\/www.ernstbrunn-apotheke.at\/katalog\/wp-json\/wp\/v2\/product_brand?post=111740"},{"taxonomy":"product_cat","embeddable":true,"href":"https:\/\/www.ernstbrunn-apotheke.at\/katalog\/wp-json\/wp\/v2\/product_cat?post=111740"},{"taxonomy":"product_tag","embeddable":true,"href":"https:\/\/www.ernstbrunn-apotheke.at\/katalog\/wp-json\/wp\/v2\/product_tag?post=111740"}],"curies":[{"name":"wp","href":"https:\/\/api.w.org\/{rel}","templated":true}]}}