{"id":111641,"date":"2025-11-12T19:59:03","date_gmt":"2025-11-12T18:59:03","guid":{"rendered":"https:\/\/www.ernstbrunn-apotheke.at\/katalog\/produkt\/arthrobene-gelenksgel-gruen-forte-50ml\/"},"modified":"2025-12-08T22:23:11","modified_gmt":"2025-12-08T21:23:11","slug":"arthrobene-gelenksgel-gruen-forte-50ml","status":"publish","type":"product","link":"https:\/\/www.ernstbrunn-apotheke.at\/katalog\/produkt\/arthrobene-gelenksgel-gruen-forte-50ml\/","title":{"rendered":"ARTHROBENE\u00ae Gelenksgel Gr\u00fcn FORTE 50ml"},"content":{"rendered":"<h1>REGENERATION &amp; K\u00dcHLUNG<br \/> Arthrobene\u00ae Gelenksgel gr\u00fcn FORTE Roll-on<\/h1>\n<p><b>Arthrobene\u00ae gr\u00fcn FORTE Roll-on mit 600 mg CBD <\/b> als Antioxidans. Die einzigartige Kombination von Cannabidiol (CBD) und ausgesuchten Pflanzenextrakten sorgt f\u00fcr ein beruhigendes, k\u00fchlendes Gef\u00fchl auf der Haut und steigert das Wohlbefinden. Die \u00e4therischen \u00d6le, die nat\u00fcrlichen Vorteile von CBD sowie weitere hochwertige Inhaltsstoffe f\u00f6rdern die Befeuchtung, Durchblutung und Regeneration der Haut, speziell im Bereich der Gelenke. Der praktische Roll-on kann zielgenau aufgetragen werden. Das Gel zieht rasch ein und bildet so die ideale Erg\u00e4nzung zu Arthrobene\u00ae Gelenkskapseln.<\/p>\n<p><b>ANWENDUNG:<\/b><\/p>\n<p><b>Arthrobene\u00ae gr\u00fcn FORTE Roll-on <\/b> mehrmals t\u00e4glich auftragen. Pflegeprodukt, nur zur \u00e4u\u00dferlichen Anwendung. Nicht auf irritierte Haut, Wunden, Krampfadern oder Schleimh\u00e4ute auftragen. F\u00fcr S\u00e4uglinge und Kleinkinder nicht geeignet. Augenkontakt vermeiden.<\/p>\n<p><b>INHALTSSTOFFE:<\/b><\/p>\n<ul>\n<li>CBD THC-frei<\/li>\n<li>Teufelskralle<\/li>\n<li>Zitronell\u00f6l<\/li>\n<li>Menthol<\/li>\n<li>Kampfer<\/li>\n<li>Ohne Konservierungsmittel<\/li>\n<\/ul>\n<p><b>Arthrobene\u00ae Gelenksgel gr\u00fcn FORTE Roll-On <\/b>tr\u00e4gt ab sofort das Arge Canna G\u00fctesiegel.<\/p>\n","protected":false},"excerpt":{"rendered":"<p>REGENERATION &amp; K\u00dcHLUNG Arthrobene\u00ae Gelenksgel gr\u00fcn FORTE Roll-on Arthrobene\u00ae gr\u00fcn FORTE Roll-on mit 600 mg CBD als Antioxidans. Die einzigartige Kombination von Cannabidiol (CBD) und ausgesuchten Pflanzenextrakten sorgt f\u00fcr ein beruhigendes, k\u00fchlendes Gef\u00fchl auf der Haut und steigert das Wohlbefinden. Die \u00e4therischen \u00d6le, die nat\u00fcrlichen Vorteile von CBD sowie weitere hochwertige Inhaltsstoffe f\u00f6rdern die Befeuchtung, [&hellip;]<\/p>\n","protected":false},"featured_media":111643,"template":"","meta":{"_acf_changed":false},"product_brand":[],"product_cat":[801],"product_tag":[],"class_list":{"0":"post-111641","1":"product","2":"type-product","3":"status-publish","4":"has-post-thumbnail","6":"product_cat-a","7":"pa_packungsgroesse-50ml","9":"first","10":"instock","11":"shipping-taxable","12":"purchasable","13":"product-type-simple"},"acf":[],"_links":{"self":[{"href":"https:\/\/www.ernstbrunn-apotheke.at\/katalog\/wp-json\/wp\/v2\/product\/111641","targetHints":{"allow":["GET"]}}],"collection":[{"href":"https:\/\/www.ernstbrunn-apotheke.at\/katalog\/wp-json\/wp\/v2\/product"}],"about":[{"href":"https:\/\/www.ernstbrunn-apotheke.at\/katalog\/wp-json\/wp\/v2\/types\/product"}],"wp:featuredmedia":[{"embeddable":true,"href":"https:\/\/www.ernstbrunn-apotheke.at\/katalog\/wp-json\/wp\/v2\/media\/111643"}],"wp:attachment":[{"href":"https:\/\/www.ernstbrunn-apotheke.at\/katalog\/wp-json\/wp\/v2\/media?parent=111641"}],"wp:term":[{"taxonomy":"product_brand","embeddable":true,"href":"https:\/\/www.ernstbrunn-apotheke.at\/katalog\/wp-json\/wp\/v2\/product_brand?post=111641"},{"taxonomy":"product_cat","embeddable":true,"href":"https:\/\/www.ernstbrunn-apotheke.at\/katalog\/wp-json\/wp\/v2\/product_cat?post=111641"},{"taxonomy":"product_tag","embeddable":true,"href":"https:\/\/www.ernstbrunn-apotheke.at\/katalog\/wp-json\/wp\/v2\/product_tag?post=111641"}],"curies":[{"name":"wp","href":"https:\/\/api.w.org\/{rel}","templated":true}]}}