{"id":11156,"date":"2025-11-07T14:27:49","date_gmt":"2025-11-07T13:27:49","guid":{"rendered":"https:\/\/www.ernstbrunn-apotheke.at\/katalog\/produkt\/life-light-omega-3-6-9-kapseln-120-stk\/"},"modified":"2025-12-08T13:30:48","modified_gmt":"2025-12-08T12:30:48","slug":"life-light-omega-3-6-9-kapseln-120-stk","status":"publish","type":"product","link":"https:\/\/www.ernstbrunn-apotheke.at\/katalog\/produkt\/life-light-omega-3-6-9-kapseln-120-stk\/","title":{"rendered":"Life Light Omega 3-6-9 Kapseln 120 Stk."},"content":{"rendered":"<p>Life Light Omega 3-6-9 Kapseln enthalten einen synergistischen Omega- Komplex mit wertvollen Omega 3, 6 und 9-Fetts\u00e4uren und ausgew\u00e4hlten Pflanzen\u00f6len sowie zellsch\u00fctzendem Vitamin E. Omega 3-6-9 Fetts\u00e4uren z\u00e4hlen zur Gruppe der mehrfach unges\u00e4ttigten Fetts\u00e4uren, die vom menschlichen K\u00f6rper nicht selbst gebildet werden k\u00f6nnen. Sie m\u00fcssen daher durch die Nahrung aufgenommen werden -.<\/p>\n","protected":false},"excerpt":{"rendered":"<p>Life Light Omega 3-6-9 Kapseln enthalten einen synergistischen Omega- Komplex mit wertvollen Omega 3, 6 und 9-Fetts\u00e4uren und ausgew\u00e4hlten Pflanzen\u00f6len sowie zellsch\u00fctzendem Vitamin E. Omega 3-6-9 Fetts\u00e4uren z\u00e4hlen zur Gruppe der mehrfach unges\u00e4ttigten Fetts\u00e4uren, die vom menschlichen K\u00f6rper nicht selbst gebildet werden k\u00f6nnen. Sie m\u00fcssen daher durch die Nahrung aufgenommen werden -.<\/p>\n","protected":false},"featured_media":11158,"template":"","meta":{"_acf_changed":false},"product_brand":[],"product_cat":[795],"product_tag":[],"class_list":{"0":"post-11156","1":"product","2":"type-product","3":"status-publish","4":"has-post-thumbnail","6":"product_cat-l","7":"pa_packungsgroesse-120-stueck","9":"first","10":"instock","11":"shipping-taxable","12":"purchasable","13":"product-type-simple"},"acf":[],"_links":{"self":[{"href":"https:\/\/www.ernstbrunn-apotheke.at\/katalog\/wp-json\/wp\/v2\/product\/11156","targetHints":{"allow":["GET"]}}],"collection":[{"href":"https:\/\/www.ernstbrunn-apotheke.at\/katalog\/wp-json\/wp\/v2\/product"}],"about":[{"href":"https:\/\/www.ernstbrunn-apotheke.at\/katalog\/wp-json\/wp\/v2\/types\/product"}],"wp:featuredmedia":[{"embeddable":true,"href":"https:\/\/www.ernstbrunn-apotheke.at\/katalog\/wp-json\/wp\/v2\/media\/11158"}],"wp:attachment":[{"href":"https:\/\/www.ernstbrunn-apotheke.at\/katalog\/wp-json\/wp\/v2\/media?parent=11156"}],"wp:term":[{"taxonomy":"product_brand","embeddable":true,"href":"https:\/\/www.ernstbrunn-apotheke.at\/katalog\/wp-json\/wp\/v2\/product_brand?post=11156"},{"taxonomy":"product_cat","embeddable":true,"href":"https:\/\/www.ernstbrunn-apotheke.at\/katalog\/wp-json\/wp\/v2\/product_cat?post=11156"},{"taxonomy":"product_tag","embeddable":true,"href":"https:\/\/www.ernstbrunn-apotheke.at\/katalog\/wp-json\/wp\/v2\/product_tag?post=11156"}],"curies":[{"name":"wp","href":"https:\/\/api.w.org\/{rel}","templated":true}]}}