{"id":111441,"date":"2025-11-12T19:53:52","date_gmt":"2025-11-12T18:53:52","guid":{"rendered":"https:\/\/www.ernstbrunn-apotheke.at\/katalog\/produkt\/heliocare-360-d-plus-kapseln-30-stk\/"},"modified":"2025-12-08T22:22:15","modified_gmt":"2025-12-08T21:22:15","slug":"heliocare-360-d-plus-kapseln-30-stk","status":"publish","type":"product","link":"https:\/\/www.ernstbrunn-apotheke.at\/katalog\/produkt\/heliocare-360-d-plus-kapseln-30-stk\/","title":{"rendered":"Heliocare 360\u00b0 D Plus Kapseln 30 Stk."},"content":{"rendered":"<div>&#13;<\/p>\n<p><strong>Photoimmunschutz von innen<\/strong><\/p>\n<p>&#13;<\/p>\n<p><strong>\u00a0<\/strong><\/p>\n<p>&#13;<\/p>\n<p><strong>Nahrungserg\u00e4nzungsmittel mit Polypodium-leucotomos-Extrakt.<br \/><\/strong><\/p>\n<p>&#13;<\/p>\n<p>Empfohlen bei Sonnengesch\u00e4digter Haut, Lichtempfindlichkeit, Sonnenallergie, Mallorca-Akne, Hyperpigmentierung und aktinischen Keratosen<\/p>\n<p>&#13;<\/p>\n<ul>&#13;<\/p>\n<li>Sch\u00fctzt das hauteigene Immunsystem<\/li>\n<p>&#13;<\/p>\n<li>Verhindert und reduziert Hyperpigmentierung<\/li>\n<p>&#13;<\/p>\n<li>Sch\u00fctzt vor Photoaging<\/li>\n<p>&#13;<\/p>\n<li>Neutralisiert freie Radikale<\/li>\n<p>&#13;<\/p>\n<li>Verhindert und repariert DNA-Sch\u00e4den<\/li>\n<p>&#13;\n<\/ul>\n<p>&#13;\n<\/p><\/div>\n<p>&#13;<\/p>\n<div>&#13;<\/p>\n<p>Heliocare 360\u00b0 D Plus Kapseln enthalten Fernblock\u00ae+, einen Farnextrakt aus Polypodium leucotomos. Weiters sind andere nat\u00fcrliche Inhaltsstoffe sowie Antioxidantien wie Vitamin E (sch\u00fctzt die Zellen vor oxidativem Stress) enthalten. Sie enthalten auch Vitamin D, das zu einer normalen Aufnahme und Verwertung von Kalzium und Phosphor sowie zur Erhaltung von Knochen und Z\u00e4hnen beitr\u00e4gt. Vitamin D unterst\u00fctzt auch die normale Funktion des Immunsystems. Niacin tr\u00e4gt zur Erhaltung normaler Haut- und Schleimhautverh\u00e4ltnisse bei.<\/p>\n<p>&#13;\n<\/p><\/div>\n","protected":false},"excerpt":{"rendered":"<p>&#13; Photoimmunschutz von innen &#13; \u00a0 &#13; Nahrungserg\u00e4nzungsmittel mit Polypodium-leucotomos-Extrakt. &#13; Empfohlen bei Sonnengesch\u00e4digter Haut, Lichtempfindlichkeit, Sonnenallergie, Mallorca-Akne, Hyperpigmentierung und aktinischen Keratosen &#13; &#13; Sch\u00fctzt das hauteigene Immunsystem &#13; Verhindert und reduziert Hyperpigmentierung &#13; Sch\u00fctzt vor Photoaging &#13; Neutralisiert freie Radikale &#13; Verhindert und repariert DNA-Sch\u00e4den &#13; &#13; &#13; &#13; Heliocare 360\u00b0 D Plus Kapseln [&hellip;]<\/p>\n","protected":false},"featured_media":111443,"template":"","meta":{"_acf_changed":false},"product_brand":[1026],"product_cat":[805],"product_tag":[],"class_list":{"0":"post-111441","1":"product","2":"type-product","3":"status-publish","4":"has-post-thumbnail","6":"product_brand-heliocare","7":"product_cat-h","8":"pa_packungsgroesse-30-stueck","10":"first","11":"instock","12":"shipping-taxable","13":"purchasable","14":"product-type-simple"},"acf":[],"_links":{"self":[{"href":"https:\/\/www.ernstbrunn-apotheke.at\/katalog\/wp-json\/wp\/v2\/product\/111441","targetHints":{"allow":["GET"]}}],"collection":[{"href":"https:\/\/www.ernstbrunn-apotheke.at\/katalog\/wp-json\/wp\/v2\/product"}],"about":[{"href":"https:\/\/www.ernstbrunn-apotheke.at\/katalog\/wp-json\/wp\/v2\/types\/product"}],"wp:featuredmedia":[{"embeddable":true,"href":"https:\/\/www.ernstbrunn-apotheke.at\/katalog\/wp-json\/wp\/v2\/media\/111443"}],"wp:attachment":[{"href":"https:\/\/www.ernstbrunn-apotheke.at\/katalog\/wp-json\/wp\/v2\/media?parent=111441"}],"wp:term":[{"taxonomy":"product_brand","embeddable":true,"href":"https:\/\/www.ernstbrunn-apotheke.at\/katalog\/wp-json\/wp\/v2\/product_brand?post=111441"},{"taxonomy":"product_cat","embeddable":true,"href":"https:\/\/www.ernstbrunn-apotheke.at\/katalog\/wp-json\/wp\/v2\/product_cat?post=111441"},{"taxonomy":"product_tag","embeddable":true,"href":"https:\/\/www.ernstbrunn-apotheke.at\/katalog\/wp-json\/wp\/v2\/product_tag?post=111441"}],"curies":[{"name":"wp","href":"https:\/\/api.w.org\/{rel}","templated":true}]}}