{"id":111279,"date":"2025-11-12T19:50:27","date_gmt":"2025-11-12T18:50:27","guid":{"rendered":"https:\/\/www.ernstbrunn-apotheke.at\/katalog\/produkt\/apofit-7-auf-einen-streich-duftkomposition-10ml\/"},"modified":"2025-12-08T22:21:16","modified_gmt":"2025-12-08T21:21:16","slug":"apofit-7-auf-einen-streich-duftkomposition-10ml","status":"publish","type":"product","link":"https:\/\/www.ernstbrunn-apotheke.at\/katalog\/produkt\/apofit-7-auf-einen-streich-duftkomposition-10ml\/","title":{"rendered":"APOfit \u2013 7 auf einen Streich Duftkomposition 10ml"},"content":{"rendered":"<p>Finden Sie bei uns die Duftmischung f\u00fcr jede Lebenslage \u2013 nat\u00fcrlich aus 100 % naturreinen \u00e4therischen \u00d6len. Als Stimmungsmacher wecken sie morgens die Lebensgeister und sorgen f\u00fcr einen guten Start in den Tag. Sie erfrischen und inspirieren beim Lernen und Arbeiten \u2013 abends sorgen sie f\u00fcr Entspannung.<\/p>\n<p><\/p>\n<p>Durch die Anwendung auf einem Dufttr\u00e4ger oder in einem Duftger\u00e4t verbreiten Duftmischungen sich in der Raumluft und schaffen in wenigen Momenten eine duftende Wohlf\u00fchlatmosph\u00e4re, die auf unsere Bed\u00fcrfnisse abgestimmt ist.<\/p>\n","protected":false},"excerpt":{"rendered":"<p>Finden Sie bei uns die Duftmischung f\u00fcr jede Lebenslage \u2013 nat\u00fcrlich aus 100 % naturreinen \u00e4therischen \u00d6len. Als Stimmungsmacher wecken sie morgens die Lebensgeister und sorgen f\u00fcr einen guten Start in den Tag. Sie erfrischen und inspirieren beim Lernen und Arbeiten \u2013 abends sorgen sie f\u00fcr Entspannung. Durch die Anwendung auf einem Dufttr\u00e4ger oder in [&hellip;]<\/p>\n","protected":false},"featured_media":0,"template":"","meta":{"_acf_changed":false},"product_brand":[584],"product_cat":[801],"product_tag":[],"class_list":{"0":"post-111279","1":"product","2":"type-product","3":"status-publish","5":"product_brand-apofit","6":"product_cat-a","7":"pa_packungsgroesse-10ml","9":"first","10":"instock","11":"shipping-taxable","12":"purchasable","13":"product-type-simple"},"acf":[],"_links":{"self":[{"href":"https:\/\/www.ernstbrunn-apotheke.at\/katalog\/wp-json\/wp\/v2\/product\/111279","targetHints":{"allow":["GET"]}}],"collection":[{"href":"https:\/\/www.ernstbrunn-apotheke.at\/katalog\/wp-json\/wp\/v2\/product"}],"about":[{"href":"https:\/\/www.ernstbrunn-apotheke.at\/katalog\/wp-json\/wp\/v2\/types\/product"}],"wp:attachment":[{"href":"https:\/\/www.ernstbrunn-apotheke.at\/katalog\/wp-json\/wp\/v2\/media?parent=111279"}],"wp:term":[{"taxonomy":"product_brand","embeddable":true,"href":"https:\/\/www.ernstbrunn-apotheke.at\/katalog\/wp-json\/wp\/v2\/product_brand?post=111279"},{"taxonomy":"product_cat","embeddable":true,"href":"https:\/\/www.ernstbrunn-apotheke.at\/katalog\/wp-json\/wp\/v2\/product_cat?post=111279"},{"taxonomy":"product_tag","embeddable":true,"href":"https:\/\/www.ernstbrunn-apotheke.at\/katalog\/wp-json\/wp\/v2\/product_tag?post=111279"}],"curies":[{"name":"wp","href":"https:\/\/api.w.org\/{rel}","templated":true}]}}