{"id":111135,"date":"2025-11-12T19:47:12","date_gmt":"2025-11-12T18:47:12","guid":{"rendered":"https:\/\/www.ernstbrunn-apotheke.at\/katalog\/produkt\/biotta-vital-digest-bio\/"},"modified":"2025-12-08T22:20:29","modified_gmt":"2025-12-08T21:20:29","slug":"biotta-vital-digest-bio","status":"publish","type":"product","link":"https:\/\/www.ernstbrunn-apotheke.at\/katalog\/produkt\/biotta-vital-digest-bio\/","title":{"rendered":"Biotta VITAL DIGEST Bio"},"content":{"rendered":"<div>Ballaststoffe zum Trinken\u00a0<span>aus besten getrockneten Bio-Pflaumen<\/span><\/div>\n<div>\n<ul>\n<li>Quelle von Ballaststoffen<\/li>\n<li>100 % Fruchtgehalt<\/li>\n<li>1 Glas t\u00e4glich<\/li>\n<li>Vegan<\/li>\n<li>Bio<\/li>\n<\/ul>\n<\/div>\n<div>Mit wertvollen Ballaststoffen<\/div>\n<div>Handverlesene getrocknete Bio-Pflaumen verfeinert mit frischem Pflaumensaft, Traubensaft und Aprikosenp\u00fcree machen diese herb-fruchtige Mischung aus. Biotta Vital Digest wird ohne Zugabe von Zucker oder Zuckerzusatzstoffen hergestellt und ist eine Quelle von Ballaststoffen. F\u00fcr einen schwungvollen Start in den Tag!<\/div>\n<div><\/div>\n<div>Biotta \u2013 Der Schweizer Bio-Pionier<\/div>\n<div>Seit \u00fcber 60 Jahren lieben wir es, Menschen und Natur mit jedem kleinen Schluck Biotta etwas Gutes zu tun!<\/div>\n<div>Nat\u00fcrlich gut f\u00fcr mich.<\/div>\n<div><\/div>\n<div><span><br \/><\/span><\/div>\n<div><b><span>Anwendung:<\/span> <\/b>1 Glas t\u00e4glich (200 ml)<\/div>\n<div><\/div>\n<div>Bio Fruchtsaft-Cocktail mit D\u00f6rrpflaumen- und Aprikosenp\u00fcree<\/div>\n<div><b>Zutaten:<\/b><b>\u00a0<\/b>\u00a0Pflaumensaft*, D\u00f6rrpflaumenp\u00fcree* (35%) (Wasser, D\u00f6rrpflaumen), Traubensaft*, Aprikosenp\u00fcree* (5%), Aroniasaft*, Zitronensaft*.\u00a0Pasteurisiert<\/div>\n<div>*aus biologischem Anbau.<\/div>\n<div>EU-Bio-Logo\u00a0<\/div>\n<div>Bio-Zertifizierung CH-BIO-006<\/div>\n<div>EU\/Nicht-EU-Landwirtschaft<\/div>\n<div><\/div>\n<div>\n<table width=\"412\" cellpadding=\"2\" cellspacing=\"0\">\n<colgroup>\n<col width=\"201\">\n<col width=\"201\"> <\/colgroup>\n<tbody>\n<tr>\n<td colspan=\"2\" width=\"406\" valign=\"top\">\n<p> <b>Durchschnittliche N\u00e4hrwerte (100 ml)<\/b><\/p>\n<\/td>\n<\/tr>\n<tr valign=\"top\">\n<td width=\"201\">\n<p> Energie<\/p>\n<\/td>\n<td width=\"201\">\n<p> 276 kJ (65 kcal)<\/p>\n<\/td>\n<\/tr>\n<tr valign=\"top\">\n<td width=\"201\">\n<p> Fett<\/p>\n<\/td>\n<td width=\"201\">\n<p> 0,1 g<\/p>\n<\/td>\n<\/tr>\n<tr valign=\"top\">\n<td width=\"201\">\n<p> &#8211; davon ges\u00e4ttigte Fetts\u00e4uren<\/p>\n<\/td>\n<td width=\"201\">\n<p> < 0,1 g<\/p>\n<\/td>\n<\/tr>\n<tr valign=\"top\">\n<td width=\"201\">\n<p> Kohlenhydrate<\/p>\n<\/td>\n<td width=\"201\">\n<p> 13,5 g<\/p>\n<\/td>\n<\/tr>\n<tr valign=\"top\">\n<td width=\"201\">\n<p> <span>&#8211; davon Zucker<\/span><sup><span>1<\/span><\/sup><\/p>\n<\/td>\n<td width=\"201\">\n<p> 12,2 g<\/p>\n<\/td>\n<\/tr>\n<tr valign=\"top\">\n<td width=\"201\">\n<p> Ballaststoffe<\/p>\n<\/td>\n<td width=\"201\">\n<p> 1,1 g<\/p>\n<\/td>\n<\/tr>\n<tr valign=\"top\">\n<td width=\"201\">\n<p> Eiwei\u00df<\/p>\n<\/td>\n<td width=\"201\">\n<p> 0,3 g<\/p>\n<\/td>\n<\/tr>\n<tr valign=\"top\">\n<td width=\"201\">\n<p> Salz<\/p>\n<\/td>\n<td width=\"201\">\n<p> 0,01 g<\/p>\n<\/td>\n<\/tr>\n<tr>\n<td colspan=\"2\" width=\"406\" valign=\"top\">\n<p> <sup><span>1<\/span><\/sup><span>Enth\u00e4lt von Natur aus Zucker<\/span><\/p>\n<\/td>\n<\/tr>\n<\/tbody>\n<\/table>\n<\/div>\n<div><\/div>\n<div><span><b>Wichtige Hinweise:\u00a0<\/b><\/span><\/div>\n<div>Gut sch\u00fctteln.<\/div>\n<div>Nach \u00d6ffnen im K\u00fchlschrank lagern.\u00a0<span>Innert 8 Tagen trinken.<\/span><\/div>\n<div>Mindestens haltbar bis: siehe Etikett<\/div>\n<div><\/div>\n<div>Bitte beachten Sie die Angaben auf der Verpackung.<\/div>\n<div><span><br \/><\/span><\/div>\n<div><b><span>Inhalt:<\/span> <\/b>500 ml\u00a0<\/div>\n<div><\/div>\n","protected":false},"excerpt":{"rendered":"<p>Ballaststoffe zum Trinken\u00a0aus besten getrockneten Bio-Pflaumen Quelle von Ballaststoffen 100 % Fruchtgehalt 1 Glas t\u00e4glich Vegan Bio Mit wertvollen Ballaststoffen Handverlesene getrocknete Bio-Pflaumen verfeinert mit frischem Pflaumensaft, Traubensaft und Aprikosenp\u00fcree machen diese herb-fruchtige Mischung aus. Biotta Vital Digest wird ohne Zugabe von Zucker oder Zuckerzusatzstoffen hergestellt und ist eine Quelle von Ballaststoffen. F\u00fcr einen schwungvollen [&hellip;]<\/p>\n","protected":false},"featured_media":111137,"template":"","meta":{"_acf_changed":false},"product_brand":[628],"product_cat":[802],"product_tag":[],"class_list":{"0":"post-111135","1":"product","2":"type-product","3":"status-publish","4":"has-post-thumbnail","6":"product_brand-biotta","7":"product_cat-b","8":"pa_packungsgroesse-500ml","10":"first","11":"instock","12":"shipping-taxable","13":"purchasable","14":"product-type-simple"},"acf":[],"_links":{"self":[{"href":"https:\/\/www.ernstbrunn-apotheke.at\/katalog\/wp-json\/wp\/v2\/product\/111135","targetHints":{"allow":["GET"]}}],"collection":[{"href":"https:\/\/www.ernstbrunn-apotheke.at\/katalog\/wp-json\/wp\/v2\/product"}],"about":[{"href":"https:\/\/www.ernstbrunn-apotheke.at\/katalog\/wp-json\/wp\/v2\/types\/product"}],"wp:featuredmedia":[{"embeddable":true,"href":"https:\/\/www.ernstbrunn-apotheke.at\/katalog\/wp-json\/wp\/v2\/media\/111137"}],"wp:attachment":[{"href":"https:\/\/www.ernstbrunn-apotheke.at\/katalog\/wp-json\/wp\/v2\/media?parent=111135"}],"wp:term":[{"taxonomy":"product_brand","embeddable":true,"href":"https:\/\/www.ernstbrunn-apotheke.at\/katalog\/wp-json\/wp\/v2\/product_brand?post=111135"},{"taxonomy":"product_cat","embeddable":true,"href":"https:\/\/www.ernstbrunn-apotheke.at\/katalog\/wp-json\/wp\/v2\/product_cat?post=111135"},{"taxonomy":"product_tag","embeddable":true,"href":"https:\/\/www.ernstbrunn-apotheke.at\/katalog\/wp-json\/wp\/v2\/product_tag?post=111135"}],"curies":[{"name":"wp","href":"https:\/\/api.w.org\/{rel}","templated":true}]}}