{"id":111017,"date":"2025-11-12T19:44:58","date_gmt":"2025-11-12T18:44:58","guid":{"rendered":"https:\/\/www.ernstbrunn-apotheke.at\/katalog\/produkt\/linola-forte-hautmilch-200-ml\/"},"modified":"2025-12-08T22:19:43","modified_gmt":"2025-12-08T21:19:43","slug":"linola-forte-hautmilch-200-ml","status":"publish","type":"product","link":"https:\/\/www.ernstbrunn-apotheke.at\/katalog\/produkt\/linola-forte-hautmilch-200-ml\/","title":{"rendered":"Linola Forte Hautmilch 200 ml"},"content":{"rendered":"<p><strong>Linola Forte Hautmilch &#8211; Intensiv pflegende Creme gegen Juckreiz mit 24h Wirkung \u2013 f\u00fcr trockene, gereizte oder zu Neurodermitis neigende Haut<\/strong><\/p>\n<p>&#13;<\/p>\n<p>Linola Forte Hautmilch wurde speziell f\u00fcr die Pflegebed\u00fcrfnisse juckender, trockener und gereizter Haut entwickelt. Sie beruhigt irritierte Haut und lindert den Juckreiz. Vorhandene Fett- und Feuchtigkeitsdefizite der Haut werden ausgeglichen. Die Linols\u00e4ure stabilisiert die nat\u00fcrliche Hautschutzbarriere und f\u00f6rdert den Erholungsprozess der Haut. Zudem reduziert sie Trockenheit, Spannungsgef\u00fchle und Brennen der Haut.<\/p>\n<p>&#13;<\/p>\n<p><strong>Produkt auf einen Blick:<\/strong><\/p>\n<p>&#13;<\/p>\n<ul>&#13;<\/p>\n<li>lindert den Juckreiz f\u00fcr 24 Stunden<\/li>\n<p>&#13;<\/p>\n<li>hilft ab der ersten Anwendung<\/li>\n<p>&#13;<\/p>\n<li>reduziert Trockenheit, Spannungsgef\u00fchle und Brennen der Haut<\/li>\n<p>&#13;<\/p>\n<li>auch bei Neigung zu Neurodermitis geeignet<\/li>\n<p>&#13;<\/p>\n<li>f\u00f6rdert den Regenerationsprozess der Haut<\/li>\n<p>&#13;<\/p>\n<li>Vertr\u00e4glichkeit und Wirksamkeit klinisch best\u00e4tigt<\/li>\n<p>&#13;<\/p>\n<li>ohne Mikroplastik<\/li>\n<p>&#13;\n<\/ul>\n<p>&#13;<\/p>\n<p><strong>Creme gegen Juckreiz bei trockener und gereizter Haut<\/strong><\/p>\n<p>&#13;<\/p>\n<p>Trockene Haut wird h\u00e4ufig von Spannungsgef\u00fchlen, Juckreiz bis hin zu einem Brennen begleitet. Die Ursache kann eine geschw\u00e4chte Hautbarriere sein, die die Haut normalerweise vor Feuchtigkeitsverlust sch\u00fctzen w\u00fcrde. Durch \u00e4u\u00dfere Einfl\u00fcsse (z.B. zu h\u00e4ufiges oder hei\u00dfes Waschen) oder innere Faktoren (z.B. Altershaut oder Neurodermitis) kann die nat\u00fcrliche Schutzbarriere jedoch durchl\u00e4ssig werden.<br \/>Die Linola Forte Hautmilch hilft dabei das vorhandene Fett- und Feuchtigkeitsdefizit der Haut wieder auszugleichen. Sie enth\u00e4lt wertvolle Linols\u00e4uren, die den nat\u00fcrlichen Hautschutz stabilisieren und f\u00f6rdert so den Regenerationsprozess der Haut. Sie pflegt trockene und gereizte Haut intensiv und bildet einen d\u00fcnnen sch\u00fctzenden Film um die Hornzellen aus. Juckreiz wird so bereits ab der ersten Anwendung reduziert.<\/p>\n","protected":false},"excerpt":{"rendered":"<p>Linola Forte Hautmilch &#8211; Intensiv pflegende Creme gegen Juckreiz mit 24h Wirkung \u2013 f\u00fcr trockene, gereizte oder zu Neurodermitis neigende Haut &#13; Linola Forte Hautmilch wurde speziell f\u00fcr die Pflegebed\u00fcrfnisse juckender, trockener und gereizter Haut entwickelt. Sie beruhigt irritierte Haut und lindert den Juckreiz. Vorhandene Fett- und Feuchtigkeitsdefizite der Haut werden ausgeglichen. Die Linols\u00e4ure stabilisiert [&hellip;]<\/p>\n","protected":false},"featured_media":111019,"template":"","meta":{"_acf_changed":false},"product_brand":[686],"product_cat":[795],"product_tag":[],"class_list":{"0":"post-111017","1":"product","2":"type-product","3":"status-publish","4":"has-post-thumbnail","6":"product_brand-linola","7":"product_cat-l","8":"pa_packungsgroesse-200ml","10":"first","11":"instock","12":"shipping-taxable","13":"purchasable","14":"product-type-simple"},"acf":[],"_links":{"self":[{"href":"https:\/\/www.ernstbrunn-apotheke.at\/katalog\/wp-json\/wp\/v2\/product\/111017","targetHints":{"allow":["GET"]}}],"collection":[{"href":"https:\/\/www.ernstbrunn-apotheke.at\/katalog\/wp-json\/wp\/v2\/product"}],"about":[{"href":"https:\/\/www.ernstbrunn-apotheke.at\/katalog\/wp-json\/wp\/v2\/types\/product"}],"wp:featuredmedia":[{"embeddable":true,"href":"https:\/\/www.ernstbrunn-apotheke.at\/katalog\/wp-json\/wp\/v2\/media\/111019"}],"wp:attachment":[{"href":"https:\/\/www.ernstbrunn-apotheke.at\/katalog\/wp-json\/wp\/v2\/media?parent=111017"}],"wp:term":[{"taxonomy":"product_brand","embeddable":true,"href":"https:\/\/www.ernstbrunn-apotheke.at\/katalog\/wp-json\/wp\/v2\/product_brand?post=111017"},{"taxonomy":"product_cat","embeddable":true,"href":"https:\/\/www.ernstbrunn-apotheke.at\/katalog\/wp-json\/wp\/v2\/product_cat?post=111017"},{"taxonomy":"product_tag","embeddable":true,"href":"https:\/\/www.ernstbrunn-apotheke.at\/katalog\/wp-json\/wp\/v2\/product_tag?post=111017"}],"curies":[{"name":"wp","href":"https:\/\/api.w.org\/{rel}","templated":true}]}}