{"id":11093,"date":"2025-11-07T14:27:12","date_gmt":"2025-11-07T13:27:12","guid":{"rendered":"https:\/\/www.ernstbrunn-apotheke.at\/katalog\/produkt\/anatis-krilloel-premium-astaxanthin\/"},"modified":"2025-12-08T13:30:42","modified_gmt":"2025-12-08T12:30:42","slug":"anatis-krilloel-premium-astaxanthin","status":"publish","type":"product","link":"https:\/\/www.ernstbrunn-apotheke.at\/katalog\/produkt\/anatis-krilloel-premium-astaxanthin\/","title":{"rendered":"Anatis Krill\u00f6l Premium + Astaxanthin"},"content":{"rendered":"<p>Anatis Krill\u00f6l Premium + Astaxanthin Kapseln enthalten von Natur aus minimale Mengen Vitamin D3. In diesem Premium-Produkt wird zus\u00e4tzlich Vitamin D3 aus Schafwollfett (Lanolin) hinzugef\u00fcgt. Krill\u00f6l enth\u00e4lt Omega-3-Fetts\u00e4uren, die zu den unges\u00e4ttigten Fetts\u00e4uren geh\u00f6ren, essentiell f\u00fcr den K\u00f6rper sind und in der Nahrung ausreichend vorhanden sein sollten.<\/p>\n","protected":false},"excerpt":{"rendered":"<p>Anatis Krill\u00f6l Premium + Astaxanthin Kapseln enthalten von Natur aus minimale Mengen Vitamin D3. In diesem Premium-Produkt wird zus\u00e4tzlich Vitamin D3 aus Schafwollfett (Lanolin) hinzugef\u00fcgt. Krill\u00f6l enth\u00e4lt Omega-3-Fetts\u00e4uren, die zu den unges\u00e4ttigten Fetts\u00e4uren geh\u00f6ren, essentiell f\u00fcr den K\u00f6rper sind und in der Nahrung ausreichend vorhanden sein sollten.<\/p>\n","protected":false},"featured_media":11095,"template":"","meta":{"_acf_changed":false},"product_brand":[453],"product_cat":[801],"product_tag":[],"class_list":{"0":"post-11093","1":"product","2":"type-product","3":"status-publish","4":"has-post-thumbnail","6":"product_brand-anatis","7":"product_cat-a","8":"pa_packungsgroesse-100-stueck","10":"first","11":"instock","12":"shipping-taxable","13":"purchasable","14":"product-type-simple"},"acf":[],"_links":{"self":[{"href":"https:\/\/www.ernstbrunn-apotheke.at\/katalog\/wp-json\/wp\/v2\/product\/11093","targetHints":{"allow":["GET"]}}],"collection":[{"href":"https:\/\/www.ernstbrunn-apotheke.at\/katalog\/wp-json\/wp\/v2\/product"}],"about":[{"href":"https:\/\/www.ernstbrunn-apotheke.at\/katalog\/wp-json\/wp\/v2\/types\/product"}],"wp:featuredmedia":[{"embeddable":true,"href":"https:\/\/www.ernstbrunn-apotheke.at\/katalog\/wp-json\/wp\/v2\/media\/11095"}],"wp:attachment":[{"href":"https:\/\/www.ernstbrunn-apotheke.at\/katalog\/wp-json\/wp\/v2\/media?parent=11093"}],"wp:term":[{"taxonomy":"product_brand","embeddable":true,"href":"https:\/\/www.ernstbrunn-apotheke.at\/katalog\/wp-json\/wp\/v2\/product_brand?post=11093"},{"taxonomy":"product_cat","embeddable":true,"href":"https:\/\/www.ernstbrunn-apotheke.at\/katalog\/wp-json\/wp\/v2\/product_cat?post=11093"},{"taxonomy":"product_tag","embeddable":true,"href":"https:\/\/www.ernstbrunn-apotheke.at\/katalog\/wp-json\/wp\/v2\/product_tag?post=11093"}],"curies":[{"name":"wp","href":"https:\/\/api.w.org\/{rel}","templated":true}]}}