{"id":110876,"date":"2025-11-12T19:41:09","date_gmt":"2025-11-12T18:41:09","guid":{"rendered":"https:\/\/www.ernstbrunn-apotheke.at\/katalog\/produkt\/rausch-silberglanz-conditioner-mit-salbei-30-ml\/"},"modified":"2025-12-08T22:18:50","modified_gmt":"2025-12-08T21:18:50","slug":"rausch-silberglanz-conditioner-mit-salbei-30-ml","status":"publish","type":"product","link":"https:\/\/www.ernstbrunn-apotheke.at\/katalog\/produkt\/rausch-silberglanz-conditioner-mit-salbei-30-ml\/","title":{"rendered":"RAUSCH Silberglanz-Conditioner mit Salbei 30 ml"},"content":{"rendered":"<p>Der Conditioner f\u00fcr blondes oder graues Haar. Er neutralisiert den unsch\u00f6nen Gelbstich nachhaltig, verbessert die K\u00e4mmbarkeit und ist ein wahrer Glanz-Booster. Das pflanzliche Keratin wirkt Haarbruch sowie d\u00fcnnem und kraftlosem Haar entgegen und verbessert so die Haarstruktur. Mit Schweizer Salbei\u00f6l sowie auserw\u00e4hlten Extrakten aus Salbei und Aloe vera.<\/p>\n","protected":false},"excerpt":{"rendered":"<p>Der Conditioner f\u00fcr blondes oder graues Haar. Er neutralisiert den unsch\u00f6nen Gelbstich nachhaltig, verbessert die K\u00e4mmbarkeit und ist ein wahrer Glanz-Booster. Das pflanzliche Keratin wirkt Haarbruch sowie d\u00fcnnem und kraftlosem Haar entgegen und verbessert so die Haarstruktur. Mit Schweizer Salbei\u00f6l sowie auserw\u00e4hlten Extrakten aus Salbei und Aloe vera.<\/p>\n","protected":false},"featured_media":110878,"template":"","meta":{"_acf_changed":false},"product_brand":[648],"product_cat":[808],"product_tag":[],"class_list":{"0":"post-110876","1":"product","2":"type-product","3":"status-publish","4":"has-post-thumbnail","6":"product_brand-rausch","7":"product_cat-r","8":"pa_packungsgroesse-30ml","10":"first","11":"instock","12":"shipping-taxable","13":"purchasable","14":"product-type-simple"},"acf":[],"_links":{"self":[{"href":"https:\/\/www.ernstbrunn-apotheke.at\/katalog\/wp-json\/wp\/v2\/product\/110876","targetHints":{"allow":["GET"]}}],"collection":[{"href":"https:\/\/www.ernstbrunn-apotheke.at\/katalog\/wp-json\/wp\/v2\/product"}],"about":[{"href":"https:\/\/www.ernstbrunn-apotheke.at\/katalog\/wp-json\/wp\/v2\/types\/product"}],"wp:featuredmedia":[{"embeddable":true,"href":"https:\/\/www.ernstbrunn-apotheke.at\/katalog\/wp-json\/wp\/v2\/media\/110878"}],"wp:attachment":[{"href":"https:\/\/www.ernstbrunn-apotheke.at\/katalog\/wp-json\/wp\/v2\/media?parent=110876"}],"wp:term":[{"taxonomy":"product_brand","embeddable":true,"href":"https:\/\/www.ernstbrunn-apotheke.at\/katalog\/wp-json\/wp\/v2\/product_brand?post=110876"},{"taxonomy":"product_cat","embeddable":true,"href":"https:\/\/www.ernstbrunn-apotheke.at\/katalog\/wp-json\/wp\/v2\/product_cat?post=110876"},{"taxonomy":"product_tag","embeddable":true,"href":"https:\/\/www.ernstbrunn-apotheke.at\/katalog\/wp-json\/wp\/v2\/product_tag?post=110876"}],"curies":[{"name":"wp","href":"https:\/\/api.w.org\/{rel}","templated":true}]}}