{"id":110831,"date":"2025-11-12T19:40:26","date_gmt":"2025-11-12T18:40:26","guid":{"rendered":"https:\/\/www.ernstbrunn-apotheke.at\/katalog\/produkt\/linola-forte-kopfhaut-tonikum-100-ml\/"},"modified":"2025-12-08T22:18:43","modified_gmt":"2025-12-08T21:18:43","slug":"linola-forte-kopfhaut-tonikum-100-ml","status":"publish","type":"product","link":"https:\/\/www.ernstbrunn-apotheke.at\/katalog\/produkt\/linola-forte-kopfhaut-tonikum-100-ml\/","title":{"rendered":"Linola Forte Kopfhaut-Tonikum 100 ml"},"content":{"rendered":"<p><strong>Linola Forte Kopfhaut-Tonikum &#8211; Kopfhautpflege bei Juckreiz und Trockenheit &#8211; Beruhigt trockene, <\/strong><strong>schuppige und juckende Kopfhaut<\/strong><\/p>\n<p>&#13;<\/p>\n<p>Das beruhigende Linola Forte Kopfhaut-Tonikum ist abgestimmt auf die speziellen Pflegebed\u00fcrfnisse juckender, trockener und schuppiger Kopfhaut. Es lindert Juckreiz, leichte Entz\u00fcndungen sowie Trockenheit und sch\u00fctzt die Kopfhaut vor weiterer Austrocknung. Auch bei Neigung zu Neurodermitis geeignet.<\/p>\n<p>&#13;<\/p>\n<p>\u00a0<\/p>\n<p>&#13;<\/p>\n<p><strong>Produkt auf einen Blick:<\/strong><\/p>\n<p>&#13;<\/p>\n<ul>&#13;<\/p>\n<li>reduziert Trockenheit, Juckreiz und Schuppen<\/li>\n<p>&#13;<\/p>\n<li>lindert Beschwerden leicht entz\u00fcndeter Kopfhaut<\/li>\n<p>&#13;<\/p>\n<li>beruhigt trockene, schuppige und irritierte Kopfhaut<\/li>\n<p>&#13;<\/p>\n<li>unterst\u00fctzt die Regeneration der Kopfhaut nachhaltig<\/li>\n<p>&#13;<\/p>\n<li>auch bei Neigung zu Neurodermitis geeignet<\/li>\n<p>&#13;<\/p>\n<li>Vertr\u00e4glichkeit und Wirksamkeit klinisch belegt<\/li>\n<p>&#13;<\/p>\n<li>ohne Silikone, Mineral\u00f6le und Mikroplastik<\/li>\n<p>&#13;\n<\/ul>\n<p>&#13;<\/p>\n<p><strong>Tonikum zur Kopfhautpflege bei Trockenheit, Juckreiz, Schuppen und leichten Entz\u00fcndungen<\/strong><\/p>\n<p>&#13;<\/p>\n<p>Auch die Kopfhaut ist durch eine nat\u00fcrliche Barriere aus Strukturlipiden gegen Umwelteinfl\u00fcsse und vor Austrocknung gesch\u00fctzt. Ist dieser nat\u00fcrliche Schutz jedoch gest\u00f6rt, verliert sie zu viel Feuchtigkeit. Als Folge entsteht eine trockene Kopfhaut, die h\u00e4ufig von kleinen trockenen Schuppen, Spannungsgef\u00fchlen, Juckreiz und Mikroentz\u00fcndungen begleitet wird.<br \/>Das Linola Forte Kopfhaut-Tonikum beruhigt die irritierte Haut und f\u00f6rdert ihren Erholungsprozess. Es enth\u00e4lt Pflanzen\u00f6le, die besonders reich an Linols\u00e4ure sind \u2013 dem nat\u00fcrlichen Baustein f\u00fcr Strukturlipide. Spannungsgef\u00fchle auf der Kopfhaut und Schuppenbildung werden so nachweislich reduziert. Es wirkt einer trockenen Kopfhaut entgegen und lindert den Juckreiz. Der enthaltene Extrakt der Echinacea-Wurzel wirkt zudem leicht anti-entz\u00fcndlich. Das Tonikum ist eine intensive Kopfhautpflege, die nachhaltig beruhigt und regeneriert. Juckende Kopfhaut ist h\u00e4ufig ein Symptom von trockener Kopfhaut. Wenn man dem qu\u00e4lenden Juckreiz jedoch nachgibt und kratzt, verschlimmert sich das Problem oftmals noch. Die nat\u00fcrliche Hautschutzbarriere wird weiter geschw\u00e4cht. Die Trockenheit nimmt zu und es kommt zu Schuppenbildung. Gleichzeitig k\u00f6nnen Bakterien und Keime leichter in die Kopfhaut eindringen und<br \/>Entz\u00fcndungen hervorrufen, die zu noch mehr Juckreiz f\u00fchren. Um nicht in den Juck-Kratz-Kreislauf zu geraten, ist es ratsam bereits bei den ersten Anzeichen einer trockenen Kopfhaut gegenzusteuern.<\/p>\n","protected":false},"excerpt":{"rendered":"<p>Linola Forte Kopfhaut-Tonikum &#8211; Kopfhautpflege bei Juckreiz und Trockenheit &#8211; Beruhigt trockene, schuppige und juckende Kopfhaut &#13; Das beruhigende Linola Forte Kopfhaut-Tonikum ist abgestimmt auf die speziellen Pflegebed\u00fcrfnisse juckender, trockener und schuppiger Kopfhaut. Es lindert Juckreiz, leichte Entz\u00fcndungen sowie Trockenheit und sch\u00fctzt die Kopfhaut vor weiterer Austrocknung. Auch bei Neigung zu Neurodermitis geeignet. &#13; \u00a0 [&hellip;]<\/p>\n","protected":false},"featured_media":110833,"template":"","meta":{"_acf_changed":false},"product_brand":[686],"product_cat":[795],"product_tag":[],"class_list":{"0":"post-110831","1":"product","2":"type-product","3":"status-publish","4":"has-post-thumbnail","6":"product_brand-linola","7":"product_cat-l","8":"pa_packungsgroesse-100ml","10":"first","11":"instock","12":"shipping-taxable","13":"purchasable","14":"product-type-simple"},"acf":[],"_links":{"self":[{"href":"https:\/\/www.ernstbrunn-apotheke.at\/katalog\/wp-json\/wp\/v2\/product\/110831","targetHints":{"allow":["GET"]}}],"collection":[{"href":"https:\/\/www.ernstbrunn-apotheke.at\/katalog\/wp-json\/wp\/v2\/product"}],"about":[{"href":"https:\/\/www.ernstbrunn-apotheke.at\/katalog\/wp-json\/wp\/v2\/types\/product"}],"wp:featuredmedia":[{"embeddable":true,"href":"https:\/\/www.ernstbrunn-apotheke.at\/katalog\/wp-json\/wp\/v2\/media\/110833"}],"wp:attachment":[{"href":"https:\/\/www.ernstbrunn-apotheke.at\/katalog\/wp-json\/wp\/v2\/media?parent=110831"}],"wp:term":[{"taxonomy":"product_brand","embeddable":true,"href":"https:\/\/www.ernstbrunn-apotheke.at\/katalog\/wp-json\/wp\/v2\/product_brand?post=110831"},{"taxonomy":"product_cat","embeddable":true,"href":"https:\/\/www.ernstbrunn-apotheke.at\/katalog\/wp-json\/wp\/v2\/product_cat?post=110831"},{"taxonomy":"product_tag","embeddable":true,"href":"https:\/\/www.ernstbrunn-apotheke.at\/katalog\/wp-json\/wp\/v2\/product_tag?post=110831"}],"curies":[{"name":"wp","href":"https:\/\/api.w.org\/{rel}","templated":true}]}}