{"id":11083,"date":"2025-11-07T14:27:12","date_gmt":"2025-11-07T13:27:12","guid":{"rendered":"https:\/\/www.ernstbrunn-apotheke.at\/katalog\/produkt\/hafesan-co-enzym-q10-30-plus-mg-kapseln-80-stk\/"},"modified":"2025-12-08T13:30:41","modified_gmt":"2025-12-08T12:30:41","slug":"hafesan-co-enzym-q10-30-plus-mg-kapseln-80-stk","status":"publish","type":"product","link":"https:\/\/www.ernstbrunn-apotheke.at\/katalog\/produkt\/hafesan-co-enzym-q10-30-plus-mg-kapseln-80-stk\/","title":{"rendered":"Hafesan Co-Enzym Q10 30 Plus mg Kapseln 80 Stk."},"content":{"rendered":"<p>Hafesan\u00ae Co-Enzym Q10 30 mg Kapseln enthalten Co-Enzym Q10 welches unentbehrlich f\u00fcr gesunde innere Organe, vor allem f\u00fcr das Herz, ist. Empfohlen ab Mitte 30 sowie in Zeiten erh\u00f6hter k\u00f6rperlicher oder geistiger Anstrengung.<\/p>\n","protected":false},"excerpt":{"rendered":"<p>Hafesan\u00ae Co-Enzym Q10 30 mg Kapseln enthalten Co-Enzym Q10 welches unentbehrlich f\u00fcr gesunde innere Organe, vor allem f\u00fcr das Herz, ist. Empfohlen ab Mitte 30 sowie in Zeiten erh\u00f6hter k\u00f6rperlicher oder geistiger Anstrengung.<\/p>\n","protected":false},"featured_media":11085,"template":"","meta":{"_acf_changed":false},"product_brand":[376],"product_cat":[805],"product_tag":[],"class_list":{"0":"post-11083","1":"product","2":"type-product","3":"status-publish","4":"has-post-thumbnail","6":"product_brand-hafesan","7":"product_cat-h","8":"pa_packungsgroesse-80-stueck","10":"first","11":"instock","12":"shipping-taxable","13":"purchasable","14":"product-type-simple"},"acf":[],"_links":{"self":[{"href":"https:\/\/www.ernstbrunn-apotheke.at\/katalog\/wp-json\/wp\/v2\/product\/11083","targetHints":{"allow":["GET"]}}],"collection":[{"href":"https:\/\/www.ernstbrunn-apotheke.at\/katalog\/wp-json\/wp\/v2\/product"}],"about":[{"href":"https:\/\/www.ernstbrunn-apotheke.at\/katalog\/wp-json\/wp\/v2\/types\/product"}],"wp:featuredmedia":[{"embeddable":true,"href":"https:\/\/www.ernstbrunn-apotheke.at\/katalog\/wp-json\/wp\/v2\/media\/11085"}],"wp:attachment":[{"href":"https:\/\/www.ernstbrunn-apotheke.at\/katalog\/wp-json\/wp\/v2\/media?parent=11083"}],"wp:term":[{"taxonomy":"product_brand","embeddable":true,"href":"https:\/\/www.ernstbrunn-apotheke.at\/katalog\/wp-json\/wp\/v2\/product_brand?post=11083"},{"taxonomy":"product_cat","embeddable":true,"href":"https:\/\/www.ernstbrunn-apotheke.at\/katalog\/wp-json\/wp\/v2\/product_cat?post=11083"},{"taxonomy":"product_tag","embeddable":true,"href":"https:\/\/www.ernstbrunn-apotheke.at\/katalog\/wp-json\/wp\/v2\/product_tag?post=11083"}],"curies":[{"name":"wp","href":"https:\/\/api.w.org\/{rel}","templated":true}]}}