{"id":110812,"date":"2025-11-12T19:40:26","date_gmt":"2025-11-12T18:40:26","guid":{"rendered":"https:\/\/www.ernstbrunn-apotheke.at\/katalog\/produkt\/rausch-after-sun-shampoo-mit-weizenkeim-200ml\/"},"modified":"2025-12-08T22:18:37","modified_gmt":"2025-12-08T21:18:37","slug":"rausch-after-sun-shampoo-mit-weizenkeim-200ml","status":"publish","type":"product","link":"https:\/\/www.ernstbrunn-apotheke.at\/katalog\/produkt\/rausch-after-sun-shampoo-mit-weizenkeim-200ml\/","title":{"rendered":"RAUSCH After-Sun-Shampoo mit Weizenkeim 200ml"},"content":{"rendered":"<p>Das Shampoo, das trockenes und sonnenstrapaziertes Haar repariert. Es n\u00e4hrt das Haar und spendet dabei viel Feuchtigkeit. Die After-Sun-Formel ist ein wahrer Balsam f\u00fcr das Haar, intensiviert den Glanz nach nur einer Anwendung und sorgt f\u00fcr eine deutlich verbesserte Haarstruktur. Nach einem Tag am Strand oder am Pool entfernt es sanft und effizient R\u00fcckst\u00e4nde von Salz, Sand und Chlor. Mit wertvollen Extrakten aus Weizenkeim, Sonnenblumenbl\u00fcten, Aloe vera und Zinnkraut.<\/p>\n","protected":false},"excerpt":{"rendered":"<p>Das Shampoo, das trockenes und sonnenstrapaziertes Haar repariert. Es n\u00e4hrt das Haar und spendet dabei viel Feuchtigkeit. Die After-Sun-Formel ist ein wahrer Balsam f\u00fcr das Haar, intensiviert den Glanz nach nur einer Anwendung und sorgt f\u00fcr eine deutlich verbesserte Haarstruktur. Nach einem Tag am Strand oder am Pool entfernt es sanft und effizient R\u00fcckst\u00e4nde von [&hellip;]<\/p>\n","protected":false},"featured_media":110814,"template":"","meta":{"_acf_changed":false},"product_brand":[648],"product_cat":[808],"product_tag":[],"class_list":{"0":"post-110812","1":"product","2":"type-product","3":"status-publish","4":"has-post-thumbnail","6":"product_brand-rausch","7":"product_cat-r","8":"pa_packungsgroesse-200ml","10":"first","11":"instock","12":"shipping-taxable","13":"purchasable","14":"product-type-simple"},"acf":[],"_links":{"self":[{"href":"https:\/\/www.ernstbrunn-apotheke.at\/katalog\/wp-json\/wp\/v2\/product\/110812","targetHints":{"allow":["GET"]}}],"collection":[{"href":"https:\/\/www.ernstbrunn-apotheke.at\/katalog\/wp-json\/wp\/v2\/product"}],"about":[{"href":"https:\/\/www.ernstbrunn-apotheke.at\/katalog\/wp-json\/wp\/v2\/types\/product"}],"wp:featuredmedia":[{"embeddable":true,"href":"https:\/\/www.ernstbrunn-apotheke.at\/katalog\/wp-json\/wp\/v2\/media\/110814"}],"wp:attachment":[{"href":"https:\/\/www.ernstbrunn-apotheke.at\/katalog\/wp-json\/wp\/v2\/media?parent=110812"}],"wp:term":[{"taxonomy":"product_brand","embeddable":true,"href":"https:\/\/www.ernstbrunn-apotheke.at\/katalog\/wp-json\/wp\/v2\/product_brand?post=110812"},{"taxonomy":"product_cat","embeddable":true,"href":"https:\/\/www.ernstbrunn-apotheke.at\/katalog\/wp-json\/wp\/v2\/product_cat?post=110812"},{"taxonomy":"product_tag","embeddable":true,"href":"https:\/\/www.ernstbrunn-apotheke.at\/katalog\/wp-json\/wp\/v2\/product_tag?post=110812"}],"curies":[{"name":"wp","href":"https:\/\/api.w.org\/{rel}","templated":true}]}}