{"id":11056,"date":"2025-11-07T14:26:36","date_gmt":"2025-11-07T13:26:36","guid":{"rendered":"https:\/\/www.ernstbrunn-apotheke.at\/katalog\/produkt\/olivenblaetterextrakt-kapseln\/"},"modified":"2025-12-08T13:30:37","modified_gmt":"2025-12-08T12:30:37","slug":"olivenblaetterextrakt-kapseln","status":"publish","type":"product","link":"https:\/\/www.ernstbrunn-apotheke.at\/katalog\/produkt\/olivenblaetterextrakt-kapseln\/","title":{"rendered":"Olivenbl\u00e4tterextrakt Kapseln"},"content":{"rendered":"<p>Gall Pharma Olivenbl\u00e4tter Extrakt Kapseln enthalten standardisierten Olivenbl\u00e4tterextrakt entsprechend etwa 830 mg Olivenbl\u00e4ttern und 20 mg Oleuropein in einer Hartgelatinekapsel. Oleuropein und andere wertvolle Verbindungen der Bl\u00e4tter haben einen positiven Einfluss auf Herz und Gef\u00e4\u00dfe, den Blutdruck und die Flie\u00dfeigenschaften des Blutes.<\/p>\n","protected":false},"excerpt":{"rendered":"<p>Gall Pharma Olivenbl\u00e4tter Extrakt Kapseln enthalten standardisierten Olivenbl\u00e4tterextrakt entsprechend etwa 830 mg Olivenbl\u00e4ttern und 20 mg Oleuropein in einer Hartgelatinekapsel. Oleuropein und andere wertvolle Verbindungen der Bl\u00e4tter haben einen positiven Einfluss auf Herz und Gef\u00e4\u00dfe, den Blutdruck und die Flie\u00dfeigenschaften des Blutes.<\/p>\n","protected":false},"featured_media":11058,"template":"","meta":{"_acf_changed":false},"product_brand":[371],"product_cat":[819],"product_tag":[],"class_list":{"0":"post-11056","1":"product","2":"type-product","3":"status-publish","4":"has-post-thumbnail","6":"product_brand-gall-pharma","7":"product_cat-o","8":"pa_packungsgroesse-60-stueck","10":"first","11":"instock","12":"shipping-taxable","13":"purchasable","14":"product-type-simple"},"acf":[],"_links":{"self":[{"href":"https:\/\/www.ernstbrunn-apotheke.at\/katalog\/wp-json\/wp\/v2\/product\/11056","targetHints":{"allow":["GET"]}}],"collection":[{"href":"https:\/\/www.ernstbrunn-apotheke.at\/katalog\/wp-json\/wp\/v2\/product"}],"about":[{"href":"https:\/\/www.ernstbrunn-apotheke.at\/katalog\/wp-json\/wp\/v2\/types\/product"}],"wp:featuredmedia":[{"embeddable":true,"href":"https:\/\/www.ernstbrunn-apotheke.at\/katalog\/wp-json\/wp\/v2\/media\/11058"}],"wp:attachment":[{"href":"https:\/\/www.ernstbrunn-apotheke.at\/katalog\/wp-json\/wp\/v2\/media?parent=11056"}],"wp:term":[{"taxonomy":"product_brand","embeddable":true,"href":"https:\/\/www.ernstbrunn-apotheke.at\/katalog\/wp-json\/wp\/v2\/product_brand?post=11056"},{"taxonomy":"product_cat","embeddable":true,"href":"https:\/\/www.ernstbrunn-apotheke.at\/katalog\/wp-json\/wp\/v2\/product_cat?post=11056"},{"taxonomy":"product_tag","embeddable":true,"href":"https:\/\/www.ernstbrunn-apotheke.at\/katalog\/wp-json\/wp\/v2\/product_tag?post=11056"}],"curies":[{"name":"wp","href":"https:\/\/api.w.org\/{rel}","templated":true}]}}